{"id":9771,"date":"2020-03-23T15:37:34","date_gmt":"2020-03-23T15:37:34","guid":{"rendered":"https:\/\/xenum.com\/?page_id=9771"},"modified":"2023-06-21T10:31:44","modified_gmt":"2023-06-21T09:31:44","slug":"xa-tran-6g","status":"publish","type":"page","link":"https:\/\/xenum.com\/tr\/anasayfa\/products\/oils\/sanziman\/otomatik\/xa-tran-6g\/","title":{"rendered":"XA-TRAN 6G"},"content":{"rendered":"<p>XA-TRAN 6G, y\u00fcksek viskoziteli sentetik baz ya\u011flar ve \u00f6zenle se\u00e7ilmi\u015f geli\u015fmi\u015f katk\u0131 maddeleri kar\u0131\u015f\u0131m\u0131 kullan\u0131larak form\u00fcle edilmi\u015f birinci s\u0131n\u0131f bir otomatik \u015fanz\u0131man ya\u011f\u0131d\u0131r. A\u015f\u0131nma ve s\u00fcrt\u00fcnmeye kar\u015f\u0131 ola\u011fan\u00fcst\u00fc koruma sa\u011flar, yak\u0131t verimlili\u011fini art\u0131r\u0131r ve ya\u011f de\u011fi\u015fim aral\u0131klar\u0131n\u0131 uzat\u0131r.<\/p>\n<h2><strong>\u00d6ZELL\u0130KLER<\/strong><\/h2>\n<ul>\n<li>Yak\u0131t verimlili\u011fi optimizasyonuna katk\u0131da bulunur<\/li>\n<li>M\u00fckemmel ya\u011flama ve a\u015f\u0131nmaya kar\u015f\u0131 koruma sa\u011flar<\/li>\n<li>Oksidasyona ve k\u00f6p\u00fcklenmeye kar\u015f\u0131 ola\u011fan\u00fcst\u00fc diren\u00e7 g\u00f6sterir<\/li>\n<li>Y\u00fcksek s\u0131cakl\u0131klarda bile y\u00fcksek ve kararl\u0131 viskozite indeksini korur<\/li>\n<li>Ya\u011f de\u011fi\u015fim aral\u0131klar\u0131n\u0131 uzat\u0131r<\/li>\n<\/ul>\n<h2><strong>UYGULAMA<\/strong><\/h2>\n<p>BMW, Jaguar ve Land Rover ara\u00e7lar\u0131nda bulunan ZF 6HP \u015fanz\u0131manlar\u0131n ya\u011flanmas\u0131 i\u00e7in \u00f6zel olarak form\u00fcle edilmi\u015ftir. Bu \u00f6zel s\u0131v\u0131 t\u00fcr\u00fcn\u00fc gerektiren \u00e7e\u015fitli \u00fcreticilerin ara\u00e7lar\u0131nda da kullan\u0131ma uygundur (\u00f6rn. Audi Quattro).<\/p>\n<h3><strong>\u015eARTNAME<\/strong><\/h3>\n<ul>\n<li>AML: 4G4319A509\/AA\/S<\/li>\n<li>BENTLEY: PY112995PA<\/li>\n<li>BMW: 83220142516<\/li>\n<li>BMW: M-1375.4<\/li>\n<li>HYUNDAI: 040000C90SG<\/li>\n<li>JAGUAR: S\u0131v\u0131 8432<\/li>\n<li>LAND ROVER: TYK500050<\/li>\n<li>MASERATI: 231603<\/li>\n<li>VW: G 055 005<\/li>\n<li>ZF: TE-ML 11<\/li>\n<\/ul>\n<h3><strong>PAKETLEME<\/strong><\/h3>\n<p>12X1L, 4X4L, 4X5L, 20L, 60L, 208L<\/p>\n","protected":false},"excerpt":{"rendered":"<p>XA-TRAN 6G, y\u00fcksek viskoziteli sentetik baz ya\u011flar ve \u00f6zenle se\u00e7ilmi\u015f geli\u015fmi\u015f katk\u0131 maddeleri kar\u0131\u015f\u0131m\u0131 kullan\u0131larak form\u00fcle edilmi\u015f birinci s\u0131n\u0131f bir otomatik \u015fanz\u0131man ya\u011f\u0131d\u0131r. A\u015f\u0131nma ve s\u00fcrt\u00fcnmeye kar\u015f\u0131 ola\u011fan\u00fcst\u00fc koruma sa\u011flar, yak\u0131t verimlili\u011fini art\u0131r\u0131r ve ya\u011f de\u011fi\u015fim aral\u0131klar\u0131n\u0131 uzat\u0131r. \u00d6ZELL\u0130KLER Yak\u0131t verimlili\u011fi optimizasyonuna katk\u0131da bulunur M\u00fckemmel ya\u011flama ve a\u015f\u0131nmaya kar\u015f\u0131 koruma sa\u011flar Oksidasyona ve k\u00f6p\u00fcklenmeye kar\u015f\u0131 [&hellip;]<\/p>\n","protected":false},"author":9,"featured_media":9763,"parent":739,"menu_order":0,"comment_status":"closed","ping_status":"closed","template":"product-page.php","meta":{"_acf_changed":false,"inline_featured_image":false,"footnotes":""},"class_list":["post-9771","page","type-page","status-publish","has-post-thumbnail","hentry"],"acf":[],"_links":{"self":[{"href":"https:\/\/xenum.com\/tr\/wp-json\/wp\/v2\/pages\/9771","targetHints":{"allow":["GET"]}}],"collection":[{"href":"https:\/\/xenum.com\/tr\/wp-json\/wp\/v2\/pages"}],"about":[{"href":"https:\/\/xenum.com\/tr\/wp-json\/wp\/v2\/types\/page"}],"author":[{"embeddable":true,"href":"https:\/\/xenum.com\/tr\/wp-json\/wp\/v2\/users\/9"}],"replies":[{"embeddable":true,"href":"https:\/\/xenum.com\/tr\/wp-json\/wp\/v2\/comments?post=9771"}],"version-history":[{"count":2,"href":"https:\/\/xenum.com\/tr\/wp-json\/wp\/v2\/pages\/9771\/revisions"}],"predecessor-version":[{"id":23271,"href":"https:\/\/xenum.com\/tr\/wp-json\/wp\/v2\/pages\/9771\/revisions\/23271"}],"up":[{"embeddable":true,"href":"https:\/\/xenum.com\/tr\/wp-json\/wp\/v2\/pages\/739"}],"wp:featuredmedia":[{"embeddable":true,"href":"https:\/\/xenum.com\/tr\/wp-json\/wp\/v2\/media\/9763"}],"wp:attachment":[{"href":"https:\/\/xenum.com\/tr\/wp-json\/wp\/v2\/media?parent=9771"}],"curies":[{"name":"wp","href":"https:\/\/api.w.org\/{rel}","templated":true}]}}