{"id":9574,"date":"2020-02-12T20:43:46","date_gmt":"2020-02-12T20:43:46","guid":{"rendered":"https:\/\/xenum.com\/?page_id=9574"},"modified":"2025-06-26T15:23:58","modified_gmt":"2025-06-26T14:23:58","slug":"eco-pro-dx1-5w20","status":"publish","type":"page","link":"https:\/\/xenum.com\/tr\/anasayfa\/products\/oils\/motor\/full-synthetic\/eco-pro-dx1-5w20\/","title":{"rendered":"ECO PRO-DX1 5W20"},"content":{"rendered":"<p>Y\u00fcksek viskozite indeksine sahip \u00f6zel se\u00e7ilmi\u015f sentetik baz ya\u011flara ve iyi dengelenmi\u015f geli\u015fmi\u015f katk\u0131 maddelerine dayanan modern, sentetik, yak\u0131t tasarruflu bir motor ya\u011f\u0131.<\/p>\n<h2><strong>\u00d6ZELL\u0130KLER<\/strong><\/h2>\n<ul>\n<li>Daha d\u00fc\u015f\u00fck yak\u0131t t\u00fcketimi.<\/li>\n<li>Y\u00fcksek ve \u00e7ok kararl\u0131 viskozite indeksi.<\/li>\n<li>Makaslamaya kar\u015f\u0131 y\u00fcksek diren\u00e7.<\/li>\n<li>H\u0131zl\u0131 so\u011fuk \u00e7al\u0131\u015ft\u0131rma.<\/li>\n<li>Oksidasyona kar\u015f\u0131 \u00e7ok g\u00fc\u00e7l\u00fc diren\u00e7.<\/li>\n<li>\u00c7ok y\u00fcksek s\u0131cakl\u0131klarda g\u00fcvenli ya\u011flama filmi.<\/li>\n<li>\u00c7ok iyi deterjan ve dispersiyon.<\/li>\n<li>A\u015f\u0131nma, korozyon ve k\u00f6p\u00fcklenmeye kar\u015f\u0131 \u00e7ok g\u00fc\u00e7l\u00fc koruma.<\/li>\n<\/ul>\n<h2><strong>UYGULAMA<\/strong><\/h2>\n<p>GM dexos1 \u2122 Gen 3 spesifikasyonuna sahip bir ya\u011f \u00f6ng\u00f6ren, binek ara\u00e7lar\u0131n benzinli motorlar\u0131nda kullan\u0131lmas\u0131 tavsiye edilen, yak\u0131t tasarrufu sa\u011flayan, \u00f6zel bile\u015fimli sentetik motor ya\u011f\u0131.<\/p>\n<h3><strong>TEKN\u0130K \u00d6ZELL\u0130KLER<\/strong><\/h3>\n<ul>\n<li>API: SP Resource Conserving, SQ Resource Conserving<\/li>\n<li>ILSAC: GF-6A, GF-7A<\/li>\n<li>GM: DEXOS 1 (TM) GEN 3<\/li>\n<li>CHRYSLER: MS6395<\/li>\n<li>FORD: WSS-M2C945A\/B1 \/ WSS-M2C960-A1 \/ WSS-M2C930-A<\/li>\n<li>FIAT: 9.55535-CR1<\/li>\n<\/ul>\n<h3 class=\"TDSSection\"><strong>PAKETLEME<\/strong><\/h3>\n<div id=\"the-product-details\" class=\"ct-div-block\">\n<div id=\"text_block-25-15726\" class=\"ct-text-block\">\n<p>12X1L, 4X4L, 4X5L, 20L, 60L, 208L<\/p>\n<\/div>\n<\/div>\n","protected":false},"excerpt":{"rendered":"<p>Y\u00fcksek viskozite indeksine sahip \u00f6zel se\u00e7ilmi\u015f sentetik baz ya\u011flara ve iyi dengelenmi\u015f geli\u015fmi\u015f katk\u0131 maddelerine dayanan modern, sentetik, yak\u0131t tasarruflu bir motor ya\u011f\u0131. \u00d6ZELL\u0130KLER Daha d\u00fc\u015f\u00fck yak\u0131t t\u00fcketimi. Y\u00fcksek ve \u00e7ok kararl\u0131 viskozite indeksi. Makaslamaya kar\u015f\u0131 y\u00fcksek diren\u00e7. H\u0131zl\u0131 so\u011fuk \u00e7al\u0131\u015ft\u0131rma. Oksidasyona kar\u015f\u0131 \u00e7ok g\u00fc\u00e7l\u00fc diren\u00e7. \u00c7ok y\u00fcksek s\u0131cakl\u0131klarda g\u00fcvenli ya\u011flama filmi. \u00c7ok iyi deterjan [&hellip;]<\/p>\n","protected":false},"author":9,"featured_media":25135,"parent":9483,"menu_order":0,"comment_status":"closed","ping_status":"closed","template":"product-page.php","meta":{"_acf_changed":false,"inline_featured_image":false,"footnotes":""},"class_list":["post-9574","page","type-page","status-publish","has-post-thumbnail","hentry"],"acf":[],"_links":{"self":[{"href":"https:\/\/xenum.com\/tr\/wp-json\/wp\/v2\/pages\/9574","targetHints":{"allow":["GET"]}}],"collection":[{"href":"https:\/\/xenum.com\/tr\/wp-json\/wp\/v2\/pages"}],"about":[{"href":"https:\/\/xenum.com\/tr\/wp-json\/wp\/v2\/types\/page"}],"author":[{"embeddable":true,"href":"https:\/\/xenum.com\/tr\/wp-json\/wp\/v2\/users\/9"}],"replies":[{"embeddable":true,"href":"https:\/\/xenum.com\/tr\/wp-json\/wp\/v2\/comments?post=9574"}],"version-history":[{"count":6,"href":"https:\/\/xenum.com\/tr\/wp-json\/wp\/v2\/pages\/9574\/revisions"}],"predecessor-version":[{"id":25996,"href":"https:\/\/xenum.com\/tr\/wp-json\/wp\/v2\/pages\/9574\/revisions\/25996"}],"up":[{"embeddable":true,"href":"https:\/\/xenum.com\/tr\/wp-json\/wp\/v2\/pages\/9483"}],"wp:featuredmedia":[{"embeddable":true,"href":"https:\/\/xenum.com\/tr\/wp-json\/wp\/v2\/media\/25135"}],"wp:attachment":[{"href":"https:\/\/xenum.com\/tr\/wp-json\/wp\/v2\/media?parent=9574"}],"curies":[{"name":"wp","href":"https:\/\/api.w.org\/{rel}","templated":true}]}}