{"id":9560,"date":"2020-02-12T20:35:48","date_gmt":"2020-02-12T20:35:48","guid":{"rendered":"https:\/\/xenum.com\/?page_id=9560"},"modified":"2025-06-26T14:01:54","modified_gmt":"2025-06-26T13:01:54","slug":"eco-pro-dx1-0w20","status":"publish","type":"page","link":"https:\/\/xenum.com\/tr\/anasayfa\/products\/oils\/motor\/full-synthetic\/eco-pro-dx1-0w20\/","title":{"rendered":"ECO PRO DX1 0W20"},"content":{"rendered":"<p>T\u00fcrbinler dahil enerji verimli motorlar i\u00e7in \u00f6zel olarak tasarlanm\u0131\u015f sentetik motor ya\u011f\u0131d\u0131r. Son derece d\u00fc\u015f\u00fck viskozitesi, bu ya\u011f\u0131n son derece so\u011fuk k\u0131\u015f s\u0131cakl\u0131klar\u0131nda dahi y\u0131l boyu kullan\u0131m i\u00e7in uygundur.<\/p>\n<h2><strong>\u00d6ZELL\u0130KLER<\/strong><\/h2>\n<ul>\n<li>Azalt\u0131lm\u0131\u015f yak\u0131t t\u00fcketimi ve CO2 emisyonu.<\/li>\n<li>Y\u00fcksek ve \u00e7ok kararl\u0131 viskozite indeksi.<\/li>\n<li>Makaslamaya kar\u015f\u0131 y\u00fcksek diren\u00e7.<\/li>\n<li>H\u0131zl\u0131 so\u011fuk \u00e7al\u0131\u015ft\u0131rma.<\/li>\n<li>Oksidasyona kar\u015f\u0131 \u00e7ok g\u00fc\u00e7l\u00fc diren\u00e7.<\/li>\n<li>\u00c7ok y\u00fcksek s\u0131cakl\u0131klarda g\u00fcvenli ya\u011flama filmi.<\/li>\n<li>\u00c7ok iyi deterjan ve dispersiyon.<\/li>\n<li>A\u015f\u0131nma, korozyon ve k\u00f6p\u00fcklenmeye kar\u015f\u0131 \u00e7ok g\u00fc\u00e7l\u00fc koruma.<\/li>\n<\/ul>\n<h2><strong>Uygulama<\/strong><\/h2>\n<p>GM dexos1 \u2122 Gen 3 spesifikasyonuna sahip bir ya\u011f \u00f6ng\u00f6ren, binek ara\u00e7lar\u0131n benzinli motorlar\u0131nda kullan\u0131lmas\u0131 tavsiye edilen, yak\u0131t tasarrufu sa\u011flayan, \u00f6zel bile\u015fimli sentetik motor ya\u011f\u0131.<\/p>\n<h3><strong>SPESIFIKASYONLAR<\/strong><\/h3>\n<ul>\n<li>API SN Plus, SP, SP\/RC, SN\/RC, SQ Resource Conserving<\/li>\n<li>ILSAC GF-5, GF-6A, GF-7A<\/li>\n<li>GM DEXOS 1 (TM) GEN 3<\/li>\n<li>CHRYSLER MS6395<\/li>\n<li>FIAT 9.55535-CR1, 9.55535-GSX<\/li>\n<li>FORD WSS-M2C945-A, WSS-M2C946-A, WSS-M2C947-A,\u00a0WSS-M2C962-A<\/li>\n<\/ul>\n<h3><strong>PAKETLEME<\/strong><\/h3>\n<div id=\"the-product-details\" class=\"ct-div-block\">\n<div id=\"text_block-25-15726\" class=\"ct-text-block\">\n<p>12X1L, 4X4L, 4X5L, 20L, 60L, 208L<\/p>\n<\/div>\n<\/div>\n","protected":false},"excerpt":{"rendered":"<p>T\u00fcrbinler dahil enerji verimli motorlar i\u00e7in \u00f6zel olarak tasarlanm\u0131\u015f sentetik motor ya\u011f\u0131d\u0131r. Son derece d\u00fc\u015f\u00fck viskozitesi, bu ya\u011f\u0131n son derece so\u011fuk k\u0131\u015f s\u0131cakl\u0131klar\u0131nda dahi y\u0131l boyu kullan\u0131m i\u00e7in uygundur. \u00d6ZELL\u0130KLER Azalt\u0131lm\u0131\u015f yak\u0131t t\u00fcketimi ve CO2 emisyonu. Y\u00fcksek ve \u00e7ok kararl\u0131 viskozite indeksi. Makaslamaya kar\u015f\u0131 y\u00fcksek diren\u00e7. H\u0131zl\u0131 so\u011fuk \u00e7al\u0131\u015ft\u0131rma. Oksidasyona kar\u015f\u0131 \u00e7ok g\u00fc\u00e7l\u00fc diren\u00e7. \u00c7ok [&hellip;]<\/p>\n","protected":false},"author":9,"featured_media":9548,"parent":9483,"menu_order":0,"comment_status":"closed","ping_status":"closed","template":"product-page.php","meta":{"_acf_changed":false,"inline_featured_image":false,"footnotes":""},"class_list":["post-9560","page","type-page","status-publish","has-post-thumbnail","hentry"],"acf":[],"_links":{"self":[{"href":"https:\/\/xenum.com\/tr\/wp-json\/wp\/v2\/pages\/9560","targetHints":{"allow":["GET"]}}],"collection":[{"href":"https:\/\/xenum.com\/tr\/wp-json\/wp\/v2\/pages"}],"about":[{"href":"https:\/\/xenum.com\/tr\/wp-json\/wp\/v2\/types\/page"}],"author":[{"embeddable":true,"href":"https:\/\/xenum.com\/tr\/wp-json\/wp\/v2\/users\/9"}],"replies":[{"embeddable":true,"href":"https:\/\/xenum.com\/tr\/wp-json\/wp\/v2\/comments?post=9560"}],"version-history":[{"count":7,"href":"https:\/\/xenum.com\/tr\/wp-json\/wp\/v2\/pages\/9560\/revisions"}],"predecessor-version":[{"id":25984,"href":"https:\/\/xenum.com\/tr\/wp-json\/wp\/v2\/pages\/9560\/revisions\/25984"}],"up":[{"embeddable":true,"href":"https:\/\/xenum.com\/tr\/wp-json\/wp\/v2\/pages\/9483"}],"wp:featuredmedia":[{"embeddable":true,"href":"https:\/\/xenum.com\/tr\/wp-json\/wp\/v2\/media\/9548"}],"wp:attachment":[{"href":"https:\/\/xenum.com\/tr\/wp-json\/wp\/v2\/media?parent=9560"}],"curies":[{"name":"wp","href":"https:\/\/api.w.org\/{rel}","templated":true}]}}