{"id":9532,"date":"2020-02-11T19:16:14","date_gmt":"2020-02-11T19:16:14","guid":{"rendered":"https:\/\/xenum.com\/?page_id=9532"},"modified":"2023-03-03T13:32:30","modified_gmt":"2023-03-03T12:32:30","slug":"pro-s-5w40","status":"publish","type":"page","link":"https:\/\/xenum.com\/tr\/anasayfa\/products\/oils\/motor\/full-synthetic\/pro-s-5w40\/","title":{"rendered":"PRO-S 5W40"},"content":{"rendered":"<p>Y\u00fcksek viskozite indeksine sahip \u00f6zel se\u00e7ilmi\u015f baz ya\u011flar ve iyi dengelenmi\u015f geli\u015fmi\u015f kat\u0131k se\u00e7enekleri ile \u00fcretilen sentetik y\u00fcksek performansl\u0131 motor ya\u011f\u0131. Optimum koruma, uzun motor \u00f6mr\u00fc ve g\u00fcvenilirlik sa\u011flar. Ola\u011fan\u00fcst\u00fc a\u015f\u0131nma \u00f6nleme performans\u0131 ve ola\u011fan\u00fcst\u00fc y\u00fcksek s\u0131cakl\u0131k korumas\u0131n\u0131 m\u00fckemmel so\u011fuk \u00e7al\u0131\u015ft\u0131rma \u00f6zellikleriyle birle\u015ftirir. Bu motor ya\u011f\u0131 ayn\u0131 zamanda partik\u00fcl filtrelerinin \u00f6mr\u00fcn\u00fcn uzat\u0131lmas\u0131na da katk\u0131da bulunur.<\/p>\n<h2><strong>\u00d6zellikler<\/strong><\/h2>\n<ul>\n<li>Yak\u0131t ekonomisi.<\/li>\n<li>Y\u00fcksek ve \u00e7ok kararl\u0131 viskozite indeksi.<\/li>\n<li>Makaslamaya kar\u015f\u0131 \u00fcst\u00fcn diren\u00e7.<\/li>\n<li>H\u0131zl\u0131 so\u011fuk \u00e7al\u0131\u015ft\u0131rma.<\/li>\n<li>A\u015f\u0131r\u0131 s\u0131cakl\u0131klarda g\u00fcvenli ya\u011flama filmi.<\/li>\n<li>Esnek ve uzun ya\u011f bo\u015faltma aral\u0131klar\u0131.<\/li>\n<li>A\u015f\u0131nmaya kar\u015f\u0131 y\u00fcksek koruma.<\/li>\n<li>D\u00fc\u015f\u00fck SAPS \/ DPF- uyumlu.<\/li>\n<\/ul>\n<h2>Uygulama<\/h2>\n<p>Pompa enjekt\u00f6rl\u00fc t\u00fcm TDI motorlar\u0131n ve Common Rail turbo dizel motorlar\u0131n ya\u011flanmas\u0131 i\u00e7in \u00f6zellikle tavsiye edilir. PRO-S 5W40 ayn\u0131 zamanda yeni nesil benzinli ara\u00e7lar\u0131n ya\u011flanmas\u0131 i\u00e7in de m\u00fckemmeldir.<\/p>\n<h2>Teknik \u00d6zellikler<\/h2>\n<ul>\n<li>ACEA C3<\/li>\n<li>API SN, SN Plus<\/li>\n<li>BMW LONGLIFE-04<\/li>\n<li>FIAT 9.55535-T2<\/li>\n<li>FORD WSS-M2C917-A<\/li>\n<li>MB 229.31\/229.51\/229.52<\/li>\n<li>GM dexos 2<\/li>\n<li>PORSCHE A40<\/li>\n<li>RENAULT RN 0700, RN0710<\/li>\n<li>VW 502.00, 505.00, 505.01<\/li>\n<\/ul>\n<h2>\u0130\u00e7inde mevcut<\/h2>\n<p>12X1L, 4X4L, 4X5L, 20L, 60L, 208L<\/p>\n","protected":false},"excerpt":{"rendered":"<p>Y\u00fcksek viskozite indeksine sahip \u00f6zel se\u00e7ilmi\u015f baz ya\u011flar ve iyi dengelenmi\u015f geli\u015fmi\u015f kat\u0131k se\u00e7enekleri ile \u00fcretilen sentetik y\u00fcksek performansl\u0131 motor ya\u011f\u0131. Optimum koruma, uzun motor \u00f6mr\u00fc ve g\u00fcvenilirlik sa\u011flar. Ola\u011fan\u00fcst\u00fc a\u015f\u0131nma \u00f6nleme performans\u0131 ve ola\u011fan\u00fcst\u00fc y\u00fcksek s\u0131cakl\u0131k korumas\u0131n\u0131 m\u00fckemmel so\u011fuk \u00e7al\u0131\u015ft\u0131rma \u00f6zellikleriyle birle\u015ftirir. Bu motor ya\u011f\u0131 ayn\u0131 zamanda partik\u00fcl filtrelerinin \u00f6mr\u00fcn\u00fcn uzat\u0131lmas\u0131na da katk\u0131da bulunur. [&hellip;]<\/p>\n","protected":false},"author":9,"featured_media":9530,"parent":9483,"menu_order":0,"comment_status":"closed","ping_status":"closed","template":"product-page.php","meta":{"_acf_changed":false,"inline_featured_image":false,"footnotes":""},"class_list":["post-9532","page","type-page","status-publish","has-post-thumbnail","hentry"],"acf":[],"_links":{"self":[{"href":"https:\/\/xenum.com\/tr\/wp-json\/wp\/v2\/pages\/9532","targetHints":{"allow":["GET"]}}],"collection":[{"href":"https:\/\/xenum.com\/tr\/wp-json\/wp\/v2\/pages"}],"about":[{"href":"https:\/\/xenum.com\/tr\/wp-json\/wp\/v2\/types\/page"}],"author":[{"embeddable":true,"href":"https:\/\/xenum.com\/tr\/wp-json\/wp\/v2\/users\/9"}],"replies":[{"embeddable":true,"href":"https:\/\/xenum.com\/tr\/wp-json\/wp\/v2\/comments?post=9532"}],"version-history":[{"count":7,"href":"https:\/\/xenum.com\/tr\/wp-json\/wp\/v2\/pages\/9532\/revisions"}],"predecessor-version":[{"id":20782,"href":"https:\/\/xenum.com\/tr\/wp-json\/wp\/v2\/pages\/9532\/revisions\/20782"}],"up":[{"embeddable":true,"href":"https:\/\/xenum.com\/tr\/wp-json\/wp\/v2\/pages\/9483"}],"wp:featuredmedia":[{"embeddable":true,"href":"https:\/\/xenum.com\/tr\/wp-json\/wp\/v2\/media\/9530"}],"wp:attachment":[{"href":"https:\/\/xenum.com\/tr\/wp-json\/wp\/v2\/media?parent=9532"}],"curies":[{"name":"wp","href":"https:\/\/api.w.org\/{rel}","templated":true}]}}