{"id":9525,"date":"2020-02-11T18:57:34","date_gmt":"2020-02-11T18:57:34","guid":{"rendered":"https:\/\/xenum.com\/?page_id=9525"},"modified":"2023-10-17T12:35:46","modified_gmt":"2023-10-17T11:35:46","slug":"pro-dx1-5w30","status":"publish","type":"page","link":"https:\/\/xenum.com\/tr\/anasayfa\/products\/oils\/motor\/full-synthetic\/pro-dx1-5w30\/","title":{"rendered":"PRO-DX1 5W30"},"content":{"rendered":"<p>En son teknolojiye g\u00f6re geli\u015ftirilmi\u015f evrensel, sentetik yak\u0131t tasarruflu motor ya\u011f\u0131. Y\u00fcksek do\u011fal viskozite indeksine sahip \u00f6zel olarak se\u00e7ilmi\u015f baz ya\u011flara iyi dengelenmi\u015f geli\u015fmi\u015f katk\u0131 maddeleri eklenerek \u00fcretilmi\u015ftir.<\/p>\n<h2><strong>M\u00fclkler<\/strong><\/h2>\n<ul>\n<li>Daha d\u00fc\u015f\u00fck yak\u0131t t\u00fcketimi.<\/li>\n<li>Y\u00fcksek ve \u00e7ok kararl\u0131 viskozite indeksi.<\/li>\n<li>Makaslamaya kar\u015f\u0131 y\u00fcksek diren\u00e7.<\/li>\n<li>H\u0131zl\u0131 so\u011fuk \u00e7al\u0131\u015ft\u0131rma.<\/li>\n<li>Oksidasyona kar\u015f\u0131 \u00e7ok g\u00fc\u00e7l\u00fc diren\u00e7.<\/li>\n<li>\u00c7ok y\u00fcksek s\u0131cakl\u0131klarda g\u00fcvenli ya\u011flama filmi.<\/li>\n<li>\u00c7ok iyi deterjan ve dispersiyon.<\/li>\n<li>A\u015f\u0131nma, korozyon ve k\u00f6p\u00fcklenmeye kar\u015f\u0131 \u00e7ok g\u00fc\u00e7l\u00fc koruma.<\/li>\n<\/ul>\n<h2><strong>Uygulama<\/strong><\/h2>\n<p>GM dexos1 \u2122 Gen 3 spesifikasyonuna sahip bir ya\u011f \u00f6ng\u00f6ren, binek ara\u00e7lar\u0131n benzinli motorlar\u0131nda kullan\u0131lmas\u0131 tavsiye edilen, yak\u0131t tasarrufu sa\u011flayan, \u00f6zel bile\u015fimli sentetik motor ya\u011f\u0131.<\/p>\n<h2><strong>Teknik \u00d6zellikler<\/strong><\/h2>\n<ul>\n<li>API SP Resource Conserving<\/li>\n<li>ILSAC GF-6A<\/li>\n<li>GM DEXOS 1 (TM) GEN 3<\/li>\n<li>CHRYSLER MS6395<\/li>\n<li>FORD WSS-M2C946-A\/WSS-M2C961-A1<\/li>\n<\/ul>\n<h2><strong>\u0130\u00e7inde mevcut<\/strong><\/h2>\n<p>12X1L, 4X4L, 4X5L, 20L, 60L, 208L<\/p>\n","protected":false},"excerpt":{"rendered":"<p>En son teknolojiye g\u00f6re geli\u015ftirilmi\u015f evrensel, sentetik yak\u0131t tasarruflu motor ya\u011f\u0131. Y\u00fcksek do\u011fal viskozite indeksine sahip \u00f6zel olarak se\u00e7ilmi\u015f baz ya\u011flara iyi dengelenmi\u015f geli\u015fmi\u015f katk\u0131 maddeleri eklenerek \u00fcretilmi\u015ftir. M\u00fclkler Daha d\u00fc\u015f\u00fck yak\u0131t t\u00fcketimi. Y\u00fcksek ve \u00e7ok kararl\u0131 viskozite indeksi. Makaslamaya kar\u015f\u0131 y\u00fcksek diren\u00e7. H\u0131zl\u0131 so\u011fuk \u00e7al\u0131\u015ft\u0131rma. Oksidasyona kar\u015f\u0131 \u00e7ok g\u00fc\u00e7l\u00fc diren\u00e7. \u00c7ok y\u00fcksek s\u0131cakl\u0131klarda g\u00fcvenli [&hellip;]<\/p>\n","protected":false},"author":9,"featured_media":25225,"parent":9483,"menu_order":0,"comment_status":"closed","ping_status":"closed","template":"product-page.php","meta":{"_acf_changed":false,"inline_featured_image":false,"footnotes":""},"class_list":["post-9525","page","type-page","status-publish","has-post-thumbnail","hentry"],"acf":[],"_links":{"self":[{"href":"https:\/\/xenum.com\/tr\/wp-json\/wp\/v2\/pages\/9525","targetHints":{"allow":["GET"]}}],"collection":[{"href":"https:\/\/xenum.com\/tr\/wp-json\/wp\/v2\/pages"}],"about":[{"href":"https:\/\/xenum.com\/tr\/wp-json\/wp\/v2\/types\/page"}],"author":[{"embeddable":true,"href":"https:\/\/xenum.com\/tr\/wp-json\/wp\/v2\/users\/9"}],"replies":[{"embeddable":true,"href":"https:\/\/xenum.com\/tr\/wp-json\/wp\/v2\/comments?post=9525"}],"version-history":[{"count":8,"href":"https:\/\/xenum.com\/tr\/wp-json\/wp\/v2\/pages\/9525\/revisions"}],"predecessor-version":[{"id":24857,"href":"https:\/\/xenum.com\/tr\/wp-json\/wp\/v2\/pages\/9525\/revisions\/24857"}],"up":[{"embeddable":true,"href":"https:\/\/xenum.com\/tr\/wp-json\/wp\/v2\/pages\/9483"}],"wp:featuredmedia":[{"embeddable":true,"href":"https:\/\/xenum.com\/tr\/wp-json\/wp\/v2\/media\/25225"}],"wp:attachment":[{"href":"https:\/\/xenum.com\/tr\/wp-json\/wp\/v2\/media?parent=9525"}],"curies":[{"name":"wp","href":"https:\/\/api.w.org\/{rel}","templated":true}]}}