{"id":9394,"date":"2020-02-11T18:00:34","date_gmt":"2020-02-11T18:00:34","guid":{"rendered":"https:\/\/xenum.com\/?page_id=9394"},"modified":"2023-03-07T16:21:29","modified_gmt":"2023-03-07T15:21:29","slug":"pro-0w40","status":"publish","type":"page","link":"https:\/\/xenum.com\/tr\/anasayfa\/products\/oils\/motor\/full-synthetic\/pro-0w40\/","title":{"rendered":"PRO 0W40"},"content":{"rendered":"<h2><strong>A\u00e7\u0131klama<\/strong><\/h2>\n<p>Y\u00fcksek viskozite indeksine sahip \u00f6zel se\u00e7ilmi\u015f baz ya\u011flar ve iyi dengelenmi\u015f geli\u015fmi\u015f kat\u0131k se\u00e7enekleri ile \u00fcretilen sentetik y\u00fcksek performansl\u0131 motor ya\u011f\u0131. Optimum koruma, uzun motor \u00f6mr\u00fc ve g\u00fcvenilirlik sa\u011flar. Ola\u011fan\u00fcst\u00fc a\u015f\u0131nma \u00f6nleme performans\u0131 ve ola\u011fan\u00fcst\u00fc y\u00fcksek s\u0131cakl\u0131k korumas\u0131n\u0131 m\u00fckemmel so\u011fuk \u00e7al\u0131\u015ft\u0131rma \u00f6zellikleriyle birle\u015ftirir.<\/p>\n<h2><strong>\u00d6zellikler<\/strong><\/h2>\n<ul>\n<li>Yak\u0131t ekonomisi ve CO2 azalt\u0131m\u0131.<\/li>\n<li>Y\u00fcksek ve \u00e7ok kararl\u0131 viskozite indeksi.<\/li>\n<li>\u00c7ok h\u0131zl\u0131 so\u011fuk \u00e7al\u0131\u015ft\u0131rma.<\/li>\n<li>A\u015f\u0131r\u0131 s\u0131cakl\u0131klarda g\u00fcvenli ya\u011flama filmi.<\/li>\n<li>Esnek ve uzat\u0131lm\u0131\u015f ya\u011f bo\u015faltma aral\u0131klar\u0131.<\/li>\n<li>A\u015f\u0131nmaya kar\u015f\u0131 y\u00fcksek koruma.<\/li>\n<\/ul>\n<h2><strong>Uygulama<\/strong><\/h2>\n<p>T\u00fcm 4 zamanl\u0131 benzinli motorlar, d\u00f6rt valfli, turbo\u015farjl\u0131 ve turbolu veya turbosuz 4 zamanl\u0131 dizel motorlar. Bu ya\u011f dizel partik\u00fcl filtreleri i\u00e7in uygun de\u011fildir.<\/p>\n<h3><strong>Spesifikasyonlar<\/strong><\/h3>\n<ul>\n<li>ACEA: A3\/B4<\/li>\n<li>API: SN<\/li>\n<li>BMW: LONGLIFE-01<\/li>\n<li>FORD: WSS-M2C937-A<\/li>\n<li>MB: 229.5<\/li>\n<li>PORSCHE: A40<\/li>\n<li>RENAULT: RN 0700<\/li>\n<li>RENAULT: RN 0710<\/li>\n<li>VW: 502 00, VW: 505 00<\/li>\n<\/ul>\n<h3 class=\"TDSSection\"><strong>Paketleme<\/strong><\/h3>\n<p>12X1L, 4X4L, 20L, 60L, 208L<\/p>\n","protected":false},"excerpt":{"rendered":"<p>A\u00e7\u0131klama Y\u00fcksek viskozite indeksine sahip \u00f6zel se\u00e7ilmi\u015f baz ya\u011flar ve iyi dengelenmi\u015f geli\u015fmi\u015f kat\u0131k se\u00e7enekleri ile \u00fcretilen sentetik y\u00fcksek performansl\u0131 motor ya\u011f\u0131. Optimum koruma, uzun motor \u00f6mr\u00fc ve g\u00fcvenilirlik sa\u011flar. Ola\u011fan\u00fcst\u00fc a\u015f\u0131nma \u00f6nleme performans\u0131 ve ola\u011fan\u00fcst\u00fc y\u00fcksek s\u0131cakl\u0131k korumas\u0131n\u0131 m\u00fckemmel so\u011fuk \u00e7al\u0131\u015ft\u0131rma \u00f6zellikleriyle birle\u015ftirir. \u00d6zellikler Yak\u0131t ekonomisi ve CO2 azalt\u0131m\u0131. Y\u00fcksek ve \u00e7ok kararl\u0131 viskozite [&hellip;]<\/p>\n","protected":false},"author":9,"featured_media":9487,"parent":9483,"menu_order":0,"comment_status":"closed","ping_status":"closed","template":"product-page.php","meta":{"_acf_changed":false,"inline_featured_image":false,"footnotes":""},"class_list":["post-9394","page","type-page","status-publish","has-post-thumbnail","hentry"],"acf":[],"_links":{"self":[{"href":"https:\/\/xenum.com\/tr\/wp-json\/wp\/v2\/pages\/9394","targetHints":{"allow":["GET"]}}],"collection":[{"href":"https:\/\/xenum.com\/tr\/wp-json\/wp\/v2\/pages"}],"about":[{"href":"https:\/\/xenum.com\/tr\/wp-json\/wp\/v2\/types\/page"}],"author":[{"embeddable":true,"href":"https:\/\/xenum.com\/tr\/wp-json\/wp\/v2\/users\/9"}],"replies":[{"embeddable":true,"href":"https:\/\/xenum.com\/tr\/wp-json\/wp\/v2\/comments?post=9394"}],"version-history":[{"count":5,"href":"https:\/\/xenum.com\/tr\/wp-json\/wp\/v2\/pages\/9394\/revisions"}],"predecessor-version":[{"id":20853,"href":"https:\/\/xenum.com\/tr\/wp-json\/wp\/v2\/pages\/9394\/revisions\/20853"}],"up":[{"embeddable":true,"href":"https:\/\/xenum.com\/tr\/wp-json\/wp\/v2\/pages\/9483"}],"wp:featuredmedia":[{"embeddable":true,"href":"https:\/\/xenum.com\/tr\/wp-json\/wp\/v2\/media\/9487"}],"wp:attachment":[{"href":"https:\/\/xenum.com\/tr\/wp-json\/wp\/v2\/media?parent=9394"}],"curies":[{"name":"wp","href":"https:\/\/api.w.org\/{rel}","templated":true}]}}