{"id":789,"date":"2017-07-18T20:50:54","date_gmt":"2017-07-18T20:50:54","guid":{"rendered":"https:\/\/xenum.com\/?page_id=789"},"modified":"2023-09-29T09:58:37","modified_gmt":"2023-09-29T08:58:37","slug":"gpr-10w60","status":"publish","type":"page","link":"https:\/\/xenum.com\/tr\/anasayfa\/products\/oils\/motor\/grafit-yagi\/gpr-10w60\/","title":{"rendered":"GPR 10W60"},"content":{"rendered":"<p>GPR 10W60 \u2018Mikro Karbon Grafit\u2019 i\u00e7eren \u00fcst d\u00fczey bir sentetik motor ya\u011f\u0131d\u0131r ve di\u011fer ya\u011flara g\u00f6re \u00f6nemli avantajlar sa\u011flar. Yak\u0131t enerjisini \u00e7ok fazla harcayan hareketli motor par\u00e7alar\u0131 aras\u0131ndaki a\u015f\u0131nmay\u0131 azalt\u0131r. Metal-metal temas\u0131n\u0131 ve y\u00fczey\u00a0 p\u00fcr\u00fczleri aras\u0131ndaki i\u00e7 s\u00fcrt\u00fcnmeyi etkili bir \u015fekilde engeller. Bu durum motor i\u00e7erisindeki i\u00e7 s\u00fcrt\u00fcnmede bir azalman\u0131n meydana gelmesini sa\u011flar. Pop\u00fcler sentetik motor ya\u011flar\u0131 taraf\u0131ndan sa\u011flanan a\u015f\u0131nma korumas\u0131n\u0131n iki kat\u0131n\u0131 sunar. \u00dcst d\u00fczey form\u00fcl bunu t\u00fcm modern ve y\u00fcksek performansl\u0131 motorlar i\u00e7in ideal se\u00e7im haline getirir fakat ayr\u0131ca 1990 \u00f6ncesi modellere sahip eski ara\u00e7lar i\u00e7inde kusursuz bir se\u00e7enektir. GPR 10W60 \u00f6zel formula ve viskozitesi ile motor sporlar\u0131 yar\u0131\u015flar\u0131 i\u00e7in Yar\u0131\u015fa Haz\u0131r bir \u00fcr\u00fcnd\u00fcr.<\/p>\n<p><strong>\u00d6ZELL\u0130KLER<\/strong><strong>:<\/strong><\/p>\n<ul>\n<li>\u00d6nemli yak\u0131t tasarruflar\u0131 (% -3 ile -5 aras\u0131nda)<\/li>\n<li>\u0130\u00e7 s\u00fcrt\u00fcnmenin \u00f6nemli derecede azalmas\u0131<\/li>\n<li>G\u00fcc\u00fcn belirgin \u015fekilde artmas\u0131 (+%2 ile +%5 aras\u0131nda)<\/li>\n<li>Ya\u011f t\u00fcketiminde \u00f6nemli azalma (-%80\u2019 e kadar)<\/li>\n<li>Motor kaynakl\u0131 g\u00fcr\u00fclt\u00fcn\u00fcn fark edilir d\u00fczeyde azalmas\u0131<\/li>\n<li>Motorun temiz kalmas\u0131<\/li>\n<li>So\u011fut ba\u015flatman\u0131n geli\u015fmesi<\/li>\n<\/ul>\n<p><strong>\u015eARTNAMELER<\/strong><strong>:<\/strong><\/p>\n<ul>\n<li>ACEA C3<\/li>\n<li>API SN\/CF<\/li>\n<\/ul>\n<p><strong>Available in:<\/strong><\/p>\n<p>12X1L, 4X5L<\/p>\n","protected":false},"excerpt":{"rendered":"<p>GPR 10W60 \u2018Mikro Karbon Grafit\u2019 i\u00e7eren \u00fcst d\u00fczey bir sentetik motor ya\u011f\u0131d\u0131r ve di\u011fer ya\u011flara g\u00f6re \u00f6nemli avantajlar sa\u011flar. Yak\u0131t enerjisini \u00e7ok fazla harcayan hareketli motor par\u00e7alar\u0131 aras\u0131ndaki a\u015f\u0131nmay\u0131 azalt\u0131r. Metal-metal temas\u0131n\u0131 ve y\u00fczey\u00a0 p\u00fcr\u00fczleri aras\u0131ndaki i\u00e7 s\u00fcrt\u00fcnmeyi etkili bir \u015fekilde engeller. Bu durum motor i\u00e7erisindeki i\u00e7 s\u00fcrt\u00fcnmede bir azalman\u0131n meydana gelmesini sa\u011flar. Pop\u00fcler sentetik [&hellip;]<\/p>\n","protected":false},"author":1,"featured_media":528,"parent":569,"menu_order":0,"comment_status":"closed","ping_status":"closed","template":"product-page.php","meta":{"_acf_changed":false,"inline_featured_image":false,"footnotes":""},"class_list":["post-789","page","type-page","status-publish","has-post-thumbnail","hentry"],"acf":[],"_links":{"self":[{"href":"https:\/\/xenum.com\/tr\/wp-json\/wp\/v2\/pages\/789","targetHints":{"allow":["GET"]}}],"collection":[{"href":"https:\/\/xenum.com\/tr\/wp-json\/wp\/v2\/pages"}],"about":[{"href":"https:\/\/xenum.com\/tr\/wp-json\/wp\/v2\/types\/page"}],"author":[{"embeddable":true,"href":"https:\/\/xenum.com\/tr\/wp-json\/wp\/v2\/users\/1"}],"replies":[{"embeddable":true,"href":"https:\/\/xenum.com\/tr\/wp-json\/wp\/v2\/comments?post=789"}],"version-history":[{"count":8,"href":"https:\/\/xenum.com\/tr\/wp-json\/wp\/v2\/pages\/789\/revisions"}],"predecessor-version":[{"id":24507,"href":"https:\/\/xenum.com\/tr\/wp-json\/wp\/v2\/pages\/789\/revisions\/24507"}],"up":[{"embeddable":true,"href":"https:\/\/xenum.com\/tr\/wp-json\/wp\/v2\/pages\/569"}],"wp:featuredmedia":[{"embeddable":true,"href":"https:\/\/xenum.com\/tr\/wp-json\/wp\/v2\/media\/528"}],"wp:attachment":[{"href":"https:\/\/xenum.com\/tr\/wp-json\/wp\/v2\/media?parent=789"}],"curies":[{"name":"wp","href":"https:\/\/api.w.org\/{rel}","templated":true}]}}