{"id":7817,"date":"2018-12-04T15:30:34","date_gmt":"2018-12-04T15:30:34","guid":{"rendered":"https:\/\/xenum.com\/?page_id=7817"},"modified":"2023-09-29T10:03:54","modified_gmt":"2023-09-29T09:03:54","slug":"x1-0w30","status":"publish","type":"page","link":"https:\/\/xenum.com\/tr\/anasayfa\/products\/oils\/motor\/ester-synthetic\/x1-0w30\/","title":{"rendered":"X1 0W30"},"content":{"rendered":"<p>Optimum koruma, uzun motor \u00f6mr\u00fc ve g\u00fcvenilirlik sa\u011flayan y\u00fcksek performansl\u0131 sentetik ester bazl\u0131 motor ya\u011f\u0131. Neredeyse t\u00fcm motor \u00fcreticilerinin performans gereksinimlerini a\u015far. Ola\u011fan\u00fcst\u00fc a\u015f\u0131nma \u00f6nleme performans\u0131 ve ola\u011fan\u00fcst\u00fc y\u00fcksek s\u0131cakl\u0131k korumas\u0131n\u0131 m\u00fckemmel so\u011fuk \u00e7al\u0131\u015ft\u0131rma \u00f6zellikleriyle birle\u015ftirir.<\/p>\n<h2>M\u00fclkler<\/h2>\n<ul>\n<li>Azalt\u0131lm\u0131\u015f yak\u0131t t\u00fcketimi ve CO2 emisyonlar\u0131.<\/li>\n<li>Y\u00fcksek kayma direnci.<\/li>\n<li>Y\u00fcksek ve kararl\u0131 viskozite indeksi.<\/li>\n<li>\u00c7ok h\u0131zl\u0131 so\u011fuk \u00e7al\u0131\u015ft\u0131rma.<\/li>\n<li>Oksidasyona kar\u015f\u0131 \u00e7ok g\u00fc\u00e7l\u00fc diren\u00e7.<\/li>\n<li>Y\u00fcksek s\u0131cakl\u0131klarda g\u00fcvenli ya\u011flama filmi.<\/li>\n<li>\u00c7ok iyi deterjan ve dispersiyon g\u00fcc\u00fc.<\/li>\n<li>A\u015f\u0131nma, korozyon ve k\u00f6p\u00fcklenmeye kar\u015f\u0131 \u00e7ok g\u00fc\u00e7l\u00fc koruma<\/li>\n<\/ul>\n<h2>Uygulama<\/h2>\n<p>Bu yak\u0131t tasarruflu motor ya\u011f\u0131, a\u015fa\u011f\u0131da belirtilen \u00f6zelliklere sahip binek ara\u00e7larda ve teslimat kamyonetlerinde turbo \u015farjl\u0131 veya turbo \u015farjs\u0131z benzinli ve dizel motorlarda kullan\u0131lmas\u0131 tavsiye edilir.<\/p>\n<h2>Teknik \u00d6zellikler<\/h2>\n<ul>\n<li>ACEA C2\/C3<\/li>\n<li>API SN\/CF<\/li>\n<li>VW 504.00\/507.00<\/li>\n<li>BMW Longlife-04<\/li>\n<li>Porsche C30<\/li>\n<li>MB 229.31 \/ 229.51 \/ 229.52<\/li>\n<li>Fiat 955535.GS1\/955535.DS1<\/li>\n<\/ul>\n<h3>Paketleme<\/h3>\n<p>12X1L, 4X4L, 4X5L<\/p>\n","protected":false},"excerpt":{"rendered":"<p>Optimum koruma, uzun motor \u00f6mr\u00fc ve g\u00fcvenilirlik sa\u011flayan y\u00fcksek performansl\u0131 sentetik ester bazl\u0131 motor ya\u011f\u0131. Neredeyse t\u00fcm motor \u00fcreticilerinin performans gereksinimlerini a\u015far. Ola\u011fan\u00fcst\u00fc a\u015f\u0131nma \u00f6nleme performans\u0131 ve ola\u011fan\u00fcst\u00fc y\u00fcksek s\u0131cakl\u0131k korumas\u0131n\u0131 m\u00fckemmel so\u011fuk \u00e7al\u0131\u015ft\u0131rma \u00f6zellikleriyle birle\u015ftirir. M\u00fclkler Azalt\u0131lm\u0131\u015f yak\u0131t t\u00fcketimi ve CO2 emisyonlar\u0131. Y\u00fcksek kayma direnci. Y\u00fcksek ve kararl\u0131 viskozite indeksi. \u00c7ok h\u0131zl\u0131 so\u011fuk \u00e7al\u0131\u015ft\u0131rma. [&hellip;]<\/p>\n","protected":false},"author":1,"featured_media":10105,"parent":9337,"menu_order":1,"comment_status":"closed","ping_status":"closed","template":"product-page.php","meta":{"_acf_changed":false,"inline_featured_image":false,"footnotes":""},"class_list":["post-7817","page","type-page","status-publish","has-post-thumbnail","hentry"],"acf":[],"_links":{"self":[{"href":"https:\/\/xenum.com\/tr\/wp-json\/wp\/v2\/pages\/7817","targetHints":{"allow":["GET"]}}],"collection":[{"href":"https:\/\/xenum.com\/tr\/wp-json\/wp\/v2\/pages"}],"about":[{"href":"https:\/\/xenum.com\/tr\/wp-json\/wp\/v2\/types\/page"}],"author":[{"embeddable":true,"href":"https:\/\/xenum.com\/tr\/wp-json\/wp\/v2\/users\/1"}],"replies":[{"embeddable":true,"href":"https:\/\/xenum.com\/tr\/wp-json\/wp\/v2\/comments?post=7817"}],"version-history":[{"count":7,"href":"https:\/\/xenum.com\/tr\/wp-json\/wp\/v2\/pages\/7817\/revisions"}],"predecessor-version":[{"id":24516,"href":"https:\/\/xenum.com\/tr\/wp-json\/wp\/v2\/pages\/7817\/revisions\/24516"}],"up":[{"embeddable":true,"href":"https:\/\/xenum.com\/tr\/wp-json\/wp\/v2\/pages\/9337"}],"wp:featuredmedia":[{"embeddable":true,"href":"https:\/\/xenum.com\/tr\/wp-json\/wp\/v2\/media\/10105"}],"wp:attachment":[{"href":"https:\/\/xenum.com\/tr\/wp-json\/wp\/v2\/media?parent=7817"}],"curies":[{"name":"wp","href":"https:\/\/api.w.org\/{rel}","templated":true}]}}