{"id":7715,"date":"2018-11-27T17:32:11","date_gmt":"2018-11-27T17:32:11","guid":{"rendered":"https:\/\/xenum.com\/?page_id=7715"},"modified":"2023-02-14T10:45:29","modified_gmt":"2023-02-14T09:45:29","slug":"nippon-runner-5w30","status":"publish","type":"page","link":"https:\/\/xenum.com\/tr\/anasayfa\/products\/oils\/motor\/standart-yag\/nippon-runner-5w30\/","title":{"rendered":"NIPPON RUNNER 5W30"},"content":{"rendered":"<p>Y\u00fcksek kilometreli ara\u00e7larda (120.000 km'den fazla) kritik motor par\u00e7alar\u0131n\u0131 korumak i\u00e7in \u00f6zel olarak geli\u015ftirilmi\u015f geli\u015fmi\u015f motor ya\u011f\u0131. Bile\u015fim, \u00f6zel s\u0131zd\u0131rmazl\u0131k maddeleri ve kullan\u0131m \u00f6mr\u00fcn\u00fc uzatan, \u00e7amuru azaltan ve motordaki tortular\u0131 \u00f6nleyen katk\u0131 maddeleri i\u00e7eren \u00f6zel baz ya\u011flara dayanmaktad\u0131r. \u00d6zel conta d\u00fczenleyicilerin uygulanmas\u0131 eski motorlarda s\u0131z\u0131nt\u0131y\u0131 \u00f6nler ve ya\u011f t\u00fcketimini azalt\u0131r. Bu motor ya\u011f\u0131, motorunuzun ya\u015flanmas\u0131n\u0131 ve korunmas\u0131n\u0131 olumlu y\u00f6nde etkileyebilir.<\/p>\n<h2>\u00d6zellikler<\/h2>\n<ul>\n<li>Motorun ya\u015flanma s\u00fcrecini yava\u015flat\u0131r.<\/li>\n<li>A\u015f\u0131nma korumas\u0131n\u0131 geli\u015ftirir.<\/li>\n<li>Oksidasyona kar\u015f\u0131 daha iyi diren\u00e7 sa\u011flar.<\/li>\n<li>\u00c7ok iyi bir temizleme g\u00fcc\u00fc sa\u011flar.<\/li>\n<li>\u00c7ok iyi so\u011fuk \u00e7al\u0131\u015ft\u0131rma \u00f6zellikleri sa\u011flar.<\/li>\n<li>Ya\u011f t\u00fcketimini en aza indirir.<\/li>\n<li>Contalar\u0131n durumunu iyile\u015ftirir ve ya\u011f s\u0131z\u0131nt\u0131s\u0131n\u0131 \u00f6nler.<\/li>\n<\/ul>\n<h2>Uygulama<\/h2>\n<p>Binek ve hafif ticari ara\u00e7lar\u0131n 120.000 km'den fazla yol yapan t\u00fcm motor tiplerinde kullan\u0131ma uygundur.<\/p>\n<p>Ara\u00e7 ve motor \u00fcreticisinin kullan\u0131m talimatlar\u0131nda belirtilen do\u011fru miktarda ya\u011f uygulay\u0131n.<\/p>\n<h2>Teknik \u00d6zellikler<\/h2>\n<ul>\n<li>ACEA A3\/B4<\/li>\n<li>API SN\/CF<\/li>\n<li>MB 229.3\/226.5<\/li>\n<li>BMW Longlife-01<\/li>\n<li>VW 502.00\/505.00<\/li>\n<li>OPEL GM-LL-B-25<\/li>\n<li>RENAULT 0700<\/li>\n<\/ul>\n<h3>Paketleme<\/h3>\n<p>12X1L, 4X4L, 4X5L, 20L, 60L, 208L<\/p>\n","protected":false},"excerpt":{"rendered":"<p>Y\u00fcksek kilometreli ara\u00e7larda (120.000 km'den fazla) kritik motor par\u00e7alar\u0131n\u0131 korumak i\u00e7in \u00f6zel olarak geli\u015ftirilmi\u015f geli\u015fmi\u015f motor ya\u011f\u0131. Bile\u015fim, \u00f6zel s\u0131zd\u0131rmazl\u0131k maddeleri ve kullan\u0131m \u00f6mr\u00fcn\u00fc uzatan, \u00e7amuru azaltan ve motordaki tortular\u0131 \u00f6nleyen katk\u0131 maddeleri i\u00e7eren \u00f6zel baz ya\u011flara dayanmaktad\u0131r. \u00d6zel conta d\u00fczenleyicilerin uygulanmas\u0131 eski motorlarda s\u0131z\u0131nt\u0131y\u0131 \u00f6nler ve ya\u011f t\u00fcketimini azalt\u0131r. Bu motor ya\u011f\u0131, motorunuzun ya\u015flanmas\u0131n\u0131 [&hellip;]<\/p>\n","protected":false},"author":1,"featured_media":7699,"parent":631,"menu_order":13,"comment_status":"closed","ping_status":"closed","template":"product-page.php","meta":{"_acf_changed":false,"inline_featured_image":false,"footnotes":""},"class_list":["post-7715","page","type-page","status-publish","has-post-thumbnail","hentry"],"acf":[],"_links":{"self":[{"href":"https:\/\/xenum.com\/tr\/wp-json\/wp\/v2\/pages\/7715","targetHints":{"allow":["GET"]}}],"collection":[{"href":"https:\/\/xenum.com\/tr\/wp-json\/wp\/v2\/pages"}],"about":[{"href":"https:\/\/xenum.com\/tr\/wp-json\/wp\/v2\/types\/page"}],"author":[{"embeddable":true,"href":"https:\/\/xenum.com\/tr\/wp-json\/wp\/v2\/users\/1"}],"replies":[{"embeddable":true,"href":"https:\/\/xenum.com\/tr\/wp-json\/wp\/v2\/comments?post=7715"}],"version-history":[{"count":6,"href":"https:\/\/xenum.com\/tr\/wp-json\/wp\/v2\/pages\/7715\/revisions"}],"predecessor-version":[{"id":20476,"href":"https:\/\/xenum.com\/tr\/wp-json\/wp\/v2\/pages\/7715\/revisions\/20476"}],"up":[{"embeddable":true,"href":"https:\/\/xenum.com\/tr\/wp-json\/wp\/v2\/pages\/631"}],"wp:featuredmedia":[{"embeddable":true,"href":"https:\/\/xenum.com\/tr\/wp-json\/wp\/v2\/media\/7699"}],"wp:attachment":[{"href":"https:\/\/xenum.com\/tr\/wp-json\/wp\/v2\/media?parent=7715"}],"curies":[{"name":"wp","href":"https:\/\/api.w.org\/{rel}","templated":true}]}}