{"id":7500,"date":"2018-11-15T16:06:30","date_gmt":"2018-11-15T16:06:30","guid":{"rendered":"https:\/\/xenum.com\/?page_id=7500"},"modified":"2023-02-10T14:49:48","modified_gmt":"2023-02-10T13:49:48","slug":"x1-0w40","status":"publish","type":"page","link":"https:\/\/xenum.com\/tr\/anasayfa\/products\/oils\/motor\/ester-synthetic\/x1-0w40\/","title":{"rendered":"X1 0W40"},"content":{"rendered":"<p>Optimum koruma, uzun motor \u00f6mr\u00fc ve g\u00fcvenilirlik sa\u011flayan ester bazl\u0131 sentetik y\u00fcksek performansl\u0131 motor ya\u011f\u0131. Neredeyse t\u00fcm motor \u00fcreticilerinin performans gereksinimlerini a\u015far. Ola\u011fan\u00fcst\u00fc a\u015f\u0131nma \u00f6nleme performans\u0131 ve ola\u011fan\u00fcst\u00fc y\u00fcksek s\u0131cakl\u0131k korumas\u0131n\u0131 m\u00fckemmel so\u011fuk \u00e7al\u0131\u015ft\u0131rma \u00f6zellikleriyle birle\u015ftirir.<\/p>\n<h2>\u00d6zellikler<\/h2>\n<ul>\n<li>Makaslamaya kar\u015f\u0131 y\u00fcksek diren\u00e7.<\/li>\n<li>Y\u00fcksek ve kararl\u0131 viskozite indeksi.<\/li>\n<li>\u00c7ok h\u0131zl\u0131 so\u011fuk ba\u015flang\u0131\u00e7.<\/li>\n<li>Oksidasyona kar\u015f\u0131 \u00e7ok g\u00fc\u00e7l\u00fc diren\u00e7.<\/li>\n<li>Azalt\u0131lm\u0131\u015f yanma k\u00fcl\u00fc olu\u015fumu.<\/li>\n<li>Y\u00fcksek s\u0131cakl\u0131klarda g\u00fcvenli ya\u011flama filmi.<\/li>\n<li>\u00c7ok iyi deterjan ve dispersiyon g\u00fcc\u00fc.<\/li>\n<li>A\u015f\u0131nma, korozyon ve k\u00f6p\u00fcklenmeye kar\u015f\u0131 \u00e7ok g\u00fc\u00e7l\u00fc koruma.<\/li>\n<\/ul>\n<h2>Uygulama<\/h2>\n<p>Bu evrensel sentetik motor ya\u011f\u0131, turbo \u015farjl\u0131 veya turbo \u015farjs\u0131z benzinli ve dizel motorlarda kullan\u0131m i\u00e7in uygundur. Bu \u00fcr\u00fcn bir\u00e7ok OEM'in gereksinimlerini kar\u015f\u0131lar ve bu nedenle geni\u015f bir uygulama alan\u0131na sahiptir.<\/p>\n<h2>Teknik \u00d6zellikler<\/h2>\n<ul>\n<li>ACEA C3<\/li>\n<li>API SN\/CF<\/li>\n<li>BMW Longlife-04<\/li>\n<li>MB 229.31\/229.51<\/li>\n<li>Dexos 2<\/li>\n<\/ul>\n<h3>Paketleme<\/h3>\n<p>12X1L, 4X4L, 4X5L, 20L, 60L, 208L<\/p>\n","protected":false},"excerpt":{"rendered":"<p>Optimum koruma, uzun motor \u00f6mr\u00fc ve g\u00fcvenilirlik sa\u011flayan ester bazl\u0131 sentetik y\u00fcksek performansl\u0131 motor ya\u011f\u0131. Neredeyse t\u00fcm motor \u00fcreticilerinin performans gereksinimlerini a\u015far. Ola\u011fan\u00fcst\u00fc a\u015f\u0131nma \u00f6nleme performans\u0131 ve ola\u011fan\u00fcst\u00fc y\u00fcksek s\u0131cakl\u0131k korumas\u0131n\u0131 m\u00fckemmel so\u011fuk \u00e7al\u0131\u015ft\u0131rma \u00f6zellikleriyle birle\u015ftirir. \u00d6zellikler Makaslamaya kar\u015f\u0131 y\u00fcksek diren\u00e7. Y\u00fcksek ve kararl\u0131 viskozite indeksi. \u00c7ok h\u0131zl\u0131 so\u011fuk ba\u015flang\u0131\u00e7. Oksidasyona kar\u015f\u0131 \u00e7ok g\u00fc\u00e7l\u00fc diren\u00e7. [&hellip;]<\/p>\n","protected":false},"author":1,"featured_media":10106,"parent":9337,"menu_order":2,"comment_status":"closed","ping_status":"closed","template":"product-page.php","meta":{"_acf_changed":false,"inline_featured_image":false,"footnotes":""},"class_list":["post-7500","page","type-page","status-publish","has-post-thumbnail","hentry"],"acf":[],"_links":{"self":[{"href":"https:\/\/xenum.com\/tr\/wp-json\/wp\/v2\/pages\/7500","targetHints":{"allow":["GET"]}}],"collection":[{"href":"https:\/\/xenum.com\/tr\/wp-json\/wp\/v2\/pages"}],"about":[{"href":"https:\/\/xenum.com\/tr\/wp-json\/wp\/v2\/types\/page"}],"author":[{"embeddable":true,"href":"https:\/\/xenum.com\/tr\/wp-json\/wp\/v2\/users\/1"}],"replies":[{"embeddable":true,"href":"https:\/\/xenum.com\/tr\/wp-json\/wp\/v2\/comments?post=7500"}],"version-history":[{"count":6,"href":"https:\/\/xenum.com\/tr\/wp-json\/wp\/v2\/pages\/7500\/revisions"}],"predecessor-version":[{"id":20383,"href":"https:\/\/xenum.com\/tr\/wp-json\/wp\/v2\/pages\/7500\/revisions\/20383"}],"up":[{"embeddable":true,"href":"https:\/\/xenum.com\/tr\/wp-json\/wp\/v2\/pages\/9337"}],"wp:featuredmedia":[{"embeddable":true,"href":"https:\/\/xenum.com\/tr\/wp-json\/wp\/v2\/media\/10106"}],"wp:attachment":[{"href":"https:\/\/xenum.com\/tr\/wp-json\/wp\/v2\/media?parent=7500"}],"curies":[{"name":"wp","href":"https:\/\/api.w.org\/{rel}","templated":true}]}}