{"id":555,"date":"2017-07-18T19:48:30","date_gmt":"2017-07-18T19:48:30","guid":{"rendered":"https:\/\/xenum.com\/?page_id=555"},"modified":"2017-08-02T12:45:45","modified_gmt":"2017-08-02T12:45:45","slug":"xr2","status":"publish","type":"page","link":"https:\/\/xenum.com\/tr\/anasayfa\/products\/oils\/motosiklet\/2-stroke-oils\/xr2\/","title":{"rendered":"XR2"},"content":{"rendered":"<p>\u00dcst\u00fcn teknolojiye dayal\u0131, y\u00fcksek h\u0131zl\u0131 ve y\u00fcksek performansl\u0131 motorlarda ve en zorlu hava ko\u015fullar\u0131 alt\u0131nda kullan\u0131lmak \u00fczere tasarlanan geli\u015fmi\u015f, %100 sentetik ve 2 zamanl\u0131 motor ya\u011f\u0131. Y\u00fcksek performansl\u0131 ester ya\u011flar\u0131 ile Kombine edilen geli\u015fmi\u015f CleanBurn\u2122\u00a0katk\u0131 maddesi teknolojisi sayesinde XR2 \u00fcr\u00fcn\u00fc, geleneksel ve eski hintya\u011flar\u0131 kullan\u0131lmaks\u0131z\u0131n geli\u015ftirilebilmektedir.<\/p>\n<p><strong>\u00d6zellikler:<\/strong><\/p>\n<ul>\n<li>Kendi kendine kar\u0131\u015fabilme \u00f6zelli\u011fi<\/li>\n<li>Daha az duman \u00e7\u0131k\u0131\u015f\u0131<\/li>\n<li>Daha az s\u00fcrt\u00fcnme ve a\u015f\u0131nma: t\u00fcm i\u00e7 motor par\u00e7alar\u0131 i\u00e7in \u00fcst\u00fcn koruma<\/li>\n<li>Daha az s\u00fcrt\u00fcnme: y\u00fcksek motor g\u00fcc\u00fc \u00e7\u0131k\u0131\u015f\u0131 ve ivmelenme<\/li>\n<li>Piston halkas\u0131n\u0131n yap\u0131\u015fmas\u0131n\u0131n engellenmesi<\/li>\n<li>CleanBurn<sup>TM<\/sup>\u00a0teknolojisi: yanma b\u00f6lgesinde ve g\u00fc\u00e7 valflerinde kal\u0131nt\u0131 olu\u015fmas\u0131n\u0131 engeller<\/li>\n<li>K\u0131v\u0131lc\u0131ml\u0131 bujilerde tortu olu\u015fumu engellenerek motor i\u00e7in optimal d\u00fczeyde g\u00fc\u00e7 \u00e7\u0131k\u0131\u015f\u0131 sa\u011flanmas\u0131<\/li>\n<li>Hintya\u011f\u0131 i\u00e7ermeyen bir form\u00fclasyon<\/li>\n<\/ul>\n<p><strong>\u015eartnameler:<\/strong><\/p>\n<p>API TC<\/p>\n<p>JASO FD<\/p>\n<p>ISO-L-EGD<\/p>\n<p>Husqvarna<\/p>\n<p>Piaggio<\/p>\n<p>Hexagon<\/p>\n<p><strong>Available in:<\/strong><\/p>\n<p>1 L \u2013 REF. 1440001<\/p>\n","protected":false},"excerpt":{"rendered":"<p>\u00dcst\u00fcn teknolojiye dayal\u0131, y\u00fcksek h\u0131zl\u0131 ve y\u00fcksek performansl\u0131 motorlarda ve en zorlu hava ko\u015fullar\u0131 alt\u0131nda kullan\u0131lmak \u00fczere tasarlanan geli\u015fmi\u015f, %100 sentetik ve 2 zamanl\u0131 motor ya\u011f\u0131. Y\u00fcksek performansl\u0131 ester ya\u011flar\u0131 ile Kombine edilen geli\u015fmi\u015f CleanBurn\u2122\u00a0katk\u0131 maddesi teknolojisi sayesinde XR2 \u00fcr\u00fcn\u00fc, geleneksel ve eski hintya\u011flar\u0131 kullan\u0131lmaks\u0131z\u0131n geli\u015ftirilebilmektedir. \u00d6zellikler: Kendi kendine kar\u0131\u015fabilme \u00f6zelli\u011fi Daha az duman \u00e7\u0131k\u0131\u015f\u0131 [&hellip;]<\/p>\n","protected":false},"author":1,"featured_media":510,"parent":462,"menu_order":0,"comment_status":"closed","ping_status":"closed","template":"product-page.php","meta":{"_acf_changed":false,"inline_featured_image":false,"footnotes":""},"class_list":["post-555","page","type-page","status-publish","has-post-thumbnail","hentry"],"acf":[],"_links":{"self":[{"href":"https:\/\/xenum.com\/tr\/wp-json\/wp\/v2\/pages\/555","targetHints":{"allow":["GET"]}}],"collection":[{"href":"https:\/\/xenum.com\/tr\/wp-json\/wp\/v2\/pages"}],"about":[{"href":"https:\/\/xenum.com\/tr\/wp-json\/wp\/v2\/types\/page"}],"author":[{"embeddable":true,"href":"https:\/\/xenum.com\/tr\/wp-json\/wp\/v2\/users\/1"}],"replies":[{"embeddable":true,"href":"https:\/\/xenum.com\/tr\/wp-json\/wp\/v2\/comments?post=555"}],"version-history":[{"count":3,"href":"https:\/\/xenum.com\/tr\/wp-json\/wp\/v2\/pages\/555\/revisions"}],"predecessor-version":[{"id":3745,"href":"https:\/\/xenum.com\/tr\/wp-json\/wp\/v2\/pages\/555\/revisions\/3745"}],"up":[{"embeddable":true,"href":"https:\/\/xenum.com\/tr\/wp-json\/wp\/v2\/pages\/462"}],"wp:featuredmedia":[{"embeddable":true,"href":"https:\/\/xenum.com\/tr\/wp-json\/wp\/v2\/media\/510"}],"wp:attachment":[{"href":"https:\/\/xenum.com\/tr\/wp-json\/wp\/v2\/media?parent=555"}],"curies":[{"name":"wp","href":"https:\/\/api.w.org\/{rel}","templated":true}]}}