{"id":4326,"date":"2017-08-31T19:22:46","date_gmt":"2017-08-31T19:22:46","guid":{"rendered":"https:\/\/xenum.com\/?page_id=4326"},"modified":"2023-06-22T08:33:13","modified_gmt":"2023-06-22T07:33:13","slug":"xa-tran-8g","status":"publish","type":"page","link":"https:\/\/xenum.com\/tr\/anasayfa\/products\/oils\/sanziman\/otomatik\/xa-tran-8g\/","title":{"rendered":"XA-TRAN 8G"},"content":{"rendered":"<p>XA-TRAN 8G, y\u00fcksek viskoziteli sentetik baz ya\u011flar ve \u00f6zenle se\u00e7ilmi\u015f geli\u015fmi\u015f katk\u0131 maddeleri kar\u0131\u015f\u0131m\u0131 kullan\u0131larak form\u00fcle edilmi\u015f birinci s\u0131n\u0131f bir otomatik \u015fanz\u0131man ya\u011f\u0131d\u0131r. A\u015f\u0131nma ve s\u00fcrt\u00fcnmeye kar\u015f\u0131 ola\u011fan\u00fcst\u00fc koruma sa\u011flar, yak\u0131t verimlili\u011fini art\u0131r\u0131r ve ya\u011f de\u011fi\u015fim aral\u0131klar\u0131n\u0131 uzat\u0131r.<\/p>\n<h2><strong>\u00d6ZELL\u0130KLER<\/strong><\/h2>\n<ul>\n<li>Yak\u0131t verimlili\u011fi optimizasyonuna katk\u0131da bulunur<\/li>\n<li>M\u00fckemmel ya\u011flama ve a\u015f\u0131nmaya kar\u015f\u0131 koruma sa\u011flar<\/li>\n<li>Oksidasyona ve k\u00f6p\u00fcklenmeye kar\u015f\u0131 ola\u011fan\u00fcst\u00fc diren\u00e7 g\u00f6sterir<\/li>\n<li>Y\u00fcksek s\u0131cakl\u0131klarda bile y\u00fcksek ve kararl\u0131 viskozite indeksini korur<\/li>\n<li>Ya\u011f de\u011fi\u015fim aral\u0131klar\u0131n\u0131 uzat\u0131r<\/li>\n<\/ul>\n<h2><strong>UYGULAMA<\/strong><\/h2>\n<p>8HP45, 8HP55, 8HP70 ve 8HP90 dahil olmak \u00fczere ZF 8HP \u015fanz\u0131manlar\u0131 ya\u011flamak i\u00e7in \u00f6zel olarak tasarlanm\u0131\u015ft\u0131r. Ayr\u0131ca, \u00e7e\u015fitli VAG modellerinde bulunan belirli ZF 6HP \u015fanz\u0131manlar\u0131nda da kullan\u0131labilir.<\/p>\n<h3><strong>\u00d6ZELL\u0130KLER<\/strong><\/h3>\n<ul>\n<li>ZF 8 HP<\/li>\n<li>BMW: 83222152426<\/li>\n<li>CHRYSLER: 68157995AA<\/li>\n<li>FIAT: 9.55550-AV5<\/li>\n<li>JAGUAR: 02JDE26444<\/li>\n<li>LAND ROVER: LR023288<\/li>\n<li>VW 060 162<\/li>\n<\/ul>\n<h3><strong>PAKETLEME<\/strong><\/h3>\n<p>12X1L, 4X4L, 4X5L, 20L, 60L, 208L<\/p>\n","protected":false},"excerpt":{"rendered":"<p>XA-TRAN 8G, y\u00fcksek viskoziteli sentetik baz ya\u011flar ve \u00f6zenle se\u00e7ilmi\u015f geli\u015fmi\u015f katk\u0131 maddeleri kar\u0131\u015f\u0131m\u0131 kullan\u0131larak form\u00fcle edilmi\u015f birinci s\u0131n\u0131f bir otomatik \u015fanz\u0131man ya\u011f\u0131d\u0131r. A\u015f\u0131nma ve s\u00fcrt\u00fcnmeye kar\u015f\u0131 ola\u011fan\u00fcst\u00fc koruma sa\u011flar, yak\u0131t verimlili\u011fini art\u0131r\u0131r ve ya\u011f de\u011fi\u015fim aral\u0131klar\u0131n\u0131 uzat\u0131r. \u00d6ZELL\u0130KLER Yak\u0131t verimlili\u011fi optimizasyonuna katk\u0131da bulunur M\u00fckemmel ya\u011flama ve a\u015f\u0131nmaya kar\u015f\u0131 koruma sa\u011flar Oksidasyona ve k\u00f6p\u00fcklenmeye kar\u015f\u0131 [&hellip;]<\/p>\n","protected":false},"author":1,"featured_media":9737,"parent":739,"menu_order":0,"comment_status":"closed","ping_status":"closed","template":"product-page.php","meta":{"_acf_changed":false,"inline_featured_image":false,"footnotes":""},"class_list":["post-4326","page","type-page","status-publish","has-post-thumbnail","hentry"],"acf":[],"_links":{"self":[{"href":"https:\/\/xenum.com\/tr\/wp-json\/wp\/v2\/pages\/4326","targetHints":{"allow":["GET"]}}],"collection":[{"href":"https:\/\/xenum.com\/tr\/wp-json\/wp\/v2\/pages"}],"about":[{"href":"https:\/\/xenum.com\/tr\/wp-json\/wp\/v2\/types\/page"}],"author":[{"embeddable":true,"href":"https:\/\/xenum.com\/tr\/wp-json\/wp\/v2\/users\/1"}],"replies":[{"embeddable":true,"href":"https:\/\/xenum.com\/tr\/wp-json\/wp\/v2\/comments?post=4326"}],"version-history":[{"count":4,"href":"https:\/\/xenum.com\/tr\/wp-json\/wp\/v2\/pages\/4326\/revisions"}],"predecessor-version":[{"id":23290,"href":"https:\/\/xenum.com\/tr\/wp-json\/wp\/v2\/pages\/4326\/revisions\/23290"}],"up":[{"embeddable":true,"href":"https:\/\/xenum.com\/tr\/wp-json\/wp\/v2\/pages\/739"}],"wp:featuredmedia":[{"embeddable":true,"href":"https:\/\/xenum.com\/tr\/wp-json\/wp\/v2\/media\/9737"}],"wp:attachment":[{"href":"https:\/\/xenum.com\/tr\/wp-json\/wp\/v2\/media?parent=4326"}],"curies":[{"name":"wp","href":"https:\/\/api.w.org\/{rel}","templated":true}]}}