{"id":2841,"date":"2017-07-22T13:45:52","date_gmt":"2017-07-22T13:45:52","guid":{"rendered":"https:\/\/xenum.com\/?page_id=2841"},"modified":"2022-06-02T08:49:36","modified_gmt":"2022-06-02T07:49:36","slug":"dpf-flush","status":"publish","type":"page","link":"https:\/\/xenum.com\/tr\/anasayfa\/products\/ekipmanlar\/cihazlar\/dpf-flush\/","title":{"rendered":"DPF FLUSH"},"content":{"rendered":"<p class=\"TEXT\"><span lang=\"TR\">DPF Flush step 1 ve step 2 s\u0131v\u0131lar\u0131, Xenum DPF temizlik aleti ile kullan\u0131lmas\u0131 amac\u0131yla geli\u015ftirilmi\u015f profesyonel bir \u00fcr\u00fcnd\u00fcr. \u0130ki ad\u0131ml\u0131 temizlik y\u00f6ntemi kullan\u0131lan sistem, dolmu\u015f DPF.leri s\u00f6kmeden etkili \u015fekilde temizlemeye imkan sa\u011flar.<\/span><\/p>\n<h2><strong>\u00d6zellikler<\/strong><\/h2>\n<ul>\n<li>\u00dcr\u00fcn DPF. i\u00e7indeki peteklerden karbon tortular\u0131n\u0131 ve kurumlar\u0131 \u00e7\u00f6zer ve temizler<\/li>\n<li>DPF i\u00e7erisinde tekrar kurum birikmesini \u00f6nler<\/li>\n<li>Su bazl\u0131 \u00fcr\u00fcn yan\u0131c\u0131 de\u011fildir<\/li>\n<li>Metal i\u00e7ermeyen \u00fcr\u00fcn kal\u0131nt\u0131 b\u0131rakmaz<\/li>\n<li>nin fonksiyonlar\u0131n\u0131 yerine getirmesini sa\u011flar<\/li>\n<li>Motor ve DPF.yi korur<\/li>\n<\/ul>\n<h2><strong>Uygulama<\/strong><\/h2>\n<ul>\n<li>\n<p class=\"TEXT\"><span lang=\"TR\">\u00dcr\u00fcn DPF problemlerinde ve t\u0131kanmalar\u0131nda kullan\u0131l\u0131r.<\/span><\/p>\n<\/li>\n<\/ul>\n<h3><strong>Available in<\/strong><\/h3>\n<p>DPF FLUSH UNIT \u2013 REF. 8880003<\/p>\n<p>DPF FLUSH STEP 1 \u2013 1000 ML \u2013 REF.\u00a06032001<\/p>\n<p>DPF FLUSH STEP 2 \u2013 1000 ML \u2013 REF.\u00a06049001<\/p>\n","protected":false},"excerpt":{"rendered":"<p>DPF Flush step 1 ve step 2 s\u0131v\u0131lar\u0131, Xenum DPF temizlik aleti ile kullan\u0131lmas\u0131 amac\u0131yla geli\u015ftirilmi\u015f profesyonel bir \u00fcr\u00fcnd\u00fcr. \u0130ki ad\u0131ml\u0131 temizlik y\u00f6ntemi kullan\u0131lan sistem, dolmu\u015f DPF.leri s\u00f6kmeden etkili \u015fekilde temizlemeye imkan sa\u011flar. \u00d6zellikler \u00dcr\u00fcn DPF. i\u00e7indeki peteklerden karbon tortular\u0131n\u0131 ve kurumlar\u0131 \u00e7\u00f6zer ve temizler DPF i\u00e7erisinde tekrar kurum birikmesini \u00f6nler Su bazl\u0131 \u00fcr\u00fcn yan\u0131c\u0131 [&hellip;]<\/p>\n","protected":false},"author":1,"featured_media":9249,"parent":2450,"menu_order":0,"comment_status":"closed","ping_status":"closed","template":"product-page.php","meta":{"_acf_changed":false,"inline_featured_image":false,"footnotes":""},"class_list":["post-2841","page","type-page","status-publish","has-post-thumbnail","hentry"],"acf":[],"_links":{"self":[{"href":"https:\/\/xenum.com\/tr\/wp-json\/wp\/v2\/pages\/2841","targetHints":{"allow":["GET"]}}],"collection":[{"href":"https:\/\/xenum.com\/tr\/wp-json\/wp\/v2\/pages"}],"about":[{"href":"https:\/\/xenum.com\/tr\/wp-json\/wp\/v2\/types\/page"}],"author":[{"embeddable":true,"href":"https:\/\/xenum.com\/tr\/wp-json\/wp\/v2\/users\/1"}],"replies":[{"embeddable":true,"href":"https:\/\/xenum.com\/tr\/wp-json\/wp\/v2\/comments?post=2841"}],"version-history":[{"count":6,"href":"https:\/\/xenum.com\/tr\/wp-json\/wp\/v2\/pages\/2841\/revisions"}],"predecessor-version":[{"id":17999,"href":"https:\/\/xenum.com\/tr\/wp-json\/wp\/v2\/pages\/2841\/revisions\/17999"}],"up":[{"embeddable":true,"href":"https:\/\/xenum.com\/tr\/wp-json\/wp\/v2\/pages\/2450"}],"wp:featuredmedia":[{"embeddable":true,"href":"https:\/\/xenum.com\/tr\/wp-json\/wp\/v2\/media\/9249"}],"wp:attachment":[{"href":"https:\/\/xenum.com\/tr\/wp-json\/wp\/v2\/media?parent=2841"}],"curies":[{"name":"wp","href":"https:\/\/api.w.org\/{rel}","templated":true}]}}