{"id":2773,"date":"2017-07-22T13:24:22","date_gmt":"2017-07-22T13:24:22","guid":{"rendered":"https:\/\/xenum.com\/?page_id=2773"},"modified":"2024-08-23T15:46:40","modified_gmt":"2024-08-23T14:46:40","slug":"intake-pro-petrol","status":"publish","type":"page","link":"https:\/\/xenum.com\/tr\/anasayfa\/products\/bakim\/motor\/intake-pro-petrol\/","title":{"rendered":"Intake Pro Petrol"},"content":{"rendered":"<p>Intake Pro Petrol, geli\u015fmi\u015f ve son derece verimli bir emme sistem temizleyicisidir. G\u00fc\u00e7l\u00fc form\u00fcl\u00fc, tam s\u00f6kme i\u015flemine gerek duymadan emme sisteminin tamam\u0131n\u0131 10 dakika i\u00e7inde temizler.<\/p>\n<h3><strong>\u00d6zellikler<\/strong><\/h3>\n<ul>\n<li>Gum, lake, katran, karbon ve di\u011fer birikintileri aktif bir \u015fekilde temizler<\/li>\n<li>Yanma odas\u0131 verimini art\u0131rmak i\u00e7in hava ak\u0131\u015f\u0131n\u0131 optimize eder<\/li>\n<li>D\u00fczg\u00fcn ve istikrarl\u0131 motor i\u015fletimini sa\u011flar<\/li>\n<li>Motor performans\u0131n\u0131 geri getirir ve yak\u0131t t\u00fcketimini optimize eder<\/li>\n<li>Ba\u015flatma sorunlar\u0131n\u0131 \u00f6nler ve \u00e7\u00f6zer<\/li>\n<li>Siyah egzoz emisyonlar\u0131n\u0131 azalt\u0131r<\/li>\n<li>Lambda prob ve DPF i\u015flevselli\u011fini iyile\u015ftirir<\/li>\n<\/ul>\n<h3><strong>Uygulama<\/strong><\/h3>\n<p>Emme sisteminin etkili bir \u015fekilde temizlenmesi i\u00e7in. Intake Pro Petrol, EGR valfi, r\u00f6lanti hava kontrol valfi, gaz kelebe\u011fi ve konut, Elektronik Gaz Kelebe\u011fi Mod\u00fcl\u00fc (ETM), emme manifoldu bas\u0131n\u00e7 sens\u00f6r\u00fc, emme valfleri ve karter havaland\u0131rma sistemi dahil olmak \u00fczere \u00e7e\u015fitli bile\u015fenlere uygulanabilir.<\/p>\n<h4><strong>Kullan\u0131labilir Boyutlar:<\/strong><\/h4>\n<p>500 ML \u2013 REF. 4151500<\/p>\n","protected":false},"excerpt":{"rendered":"<p>Intake Pro Petrol, geli\u015fmi\u015f ve son derece verimli bir emme sistem temizleyicisidir. G\u00fc\u00e7l\u00fc form\u00fcl\u00fc, tam s\u00f6kme i\u015flemine gerek duymadan emme sisteminin tamam\u0131n\u0131 10 dakika i\u00e7inde temizler. \u00d6zellikler Gum, lake, katran, karbon ve di\u011fer birikintileri aktif bir \u015fekilde temizler Yanma odas\u0131 verimini art\u0131rmak i\u00e7in hava ak\u0131\u015f\u0131n\u0131 optimize eder D\u00fczg\u00fcn ve istikrarl\u0131 motor i\u015fletimini sa\u011flar Motor performans\u0131n\u0131 [&hellip;]<\/p>\n","protected":false},"author":4,"featured_media":7011,"parent":2410,"menu_order":0,"comment_status":"closed","ping_status":"closed","template":"product-page.php","meta":{"_acf_changed":false,"inline_featured_image":false,"footnotes":""},"class_list":["post-2773","page","type-page","status-publish","has-post-thumbnail","hentry"],"acf":[],"_links":{"self":[{"href":"https:\/\/xenum.com\/tr\/wp-json\/wp\/v2\/pages\/2773","targetHints":{"allow":["GET"]}}],"collection":[{"href":"https:\/\/xenum.com\/tr\/wp-json\/wp\/v2\/pages"}],"about":[{"href":"https:\/\/xenum.com\/tr\/wp-json\/wp\/v2\/types\/page"}],"author":[{"embeddable":true,"href":"https:\/\/xenum.com\/tr\/wp-json\/wp\/v2\/users\/4"}],"replies":[{"embeddable":true,"href":"https:\/\/xenum.com\/tr\/wp-json\/wp\/v2\/comments?post=2773"}],"version-history":[{"count":9,"href":"https:\/\/xenum.com\/tr\/wp-json\/wp\/v2\/pages\/2773\/revisions"}],"predecessor-version":[{"id":25581,"href":"https:\/\/xenum.com\/tr\/wp-json\/wp\/v2\/pages\/2773\/revisions\/25581"}],"up":[{"embeddable":true,"href":"https:\/\/xenum.com\/tr\/wp-json\/wp\/v2\/pages\/2410"}],"wp:featuredmedia":[{"embeddable":true,"href":"https:\/\/xenum.com\/tr\/wp-json\/wp\/v2\/media\/7011"}],"wp:attachment":[{"href":"https:\/\/xenum.com\/tr\/wp-json\/wp\/v2\/media?parent=2773"}],"curies":[{"name":"wp","href":"https:\/\/api.w.org\/{rel}","templated":true}]}}