{"id":2723,"date":"2017-07-22T13:08:58","date_gmt":"2017-07-22T13:08:58","guid":{"rendered":"https:\/\/xenum.com\/?page_id=2723"},"modified":"2023-10-17T10:02:10","modified_gmt":"2023-10-17T09:02:10","slug":"chain-pro","status":"publish","type":"page","link":"https:\/\/xenum.com\/tr\/anasayfa\/products\/bakim\/yaglama-maddeleri\/chain-pro\/","title":{"rendered":"Chain Pro"},"content":{"rendered":"<p class=\"TEXT\">Chain Pro, son derece n\u00fcfuz edici ve pas \u00f6nleyici sentetik bir form\u00fcl i\u00e7eren y\u00fcksek performansl\u0131 bir zincir ya\u011f\u0131d\u0131r. Zincirler i\u00e7in istisnai koruma sunar ve herhangi bir \u00e7evresel ko\u015fulda optimal performans\u0131 sa\u011flar.<\/p>\n<h3><strong>\u00d6zellikler<\/strong><\/h3>\n<ul>\n<li>Pas ve korozyona kar\u015f\u0131 g\u00fcvenilir koruma sa\u011flar<\/li>\n<li>T\u00fcm hareketli par\u00e7alar\u0131n \u00fcst\u00fcn ya\u011flanmas\u0131 i\u00e7in son derece n\u00fcfuz edici bir form\u00fcl<\/li>\n<li>Koruyucu su ge\u00e7irmez bir tabaka olu\u015fturur<\/li>\n<li>-40\u00b0C ile +250\u00b0C aras\u0131nda geni\u015f s\u0131cakl\u0131k aral\u0131\u011f\u0131<\/li>\n<li>Boya, plastik ve kau\u00e7uk gibi metal olmayan malzemelerle reaktif de\u011fildir<\/li>\n<\/ul>\n<h3><strong>Uygulama<\/strong><\/h3>\n<p class=\"TEXT\">Standart zincirlerin yan\u0131 s\u0131ra O-RING, X-RING ve Z-RING zincirler i\u00e7in uygundur. Mot Bisikletlerde, go-kartlarda ve end\u00fcstriyel g\u00fc\u00e7 aktar\u0131mlar\u0131nda kullan\u0131m i\u00e7in idealdir.<\/p>\n<h4><strong>Mevcut Boyut:<\/strong><\/h4>\n<p>500 ML \u2013 REF. 4090500<\/p>\n","protected":false},"excerpt":{"rendered":"<p>Chain Pro, son derece n\u00fcfuz edici ve pas \u00f6nleyici sentetik bir form\u00fcl i\u00e7eren y\u00fcksek performansl\u0131 bir zincir ya\u011f\u0131d\u0131r. Zincirler i\u00e7in istisnai koruma sunar ve herhangi bir \u00e7evresel ko\u015fulda optimal performans\u0131 sa\u011flar. \u00d6zellikler Pas ve korozyona kar\u015f\u0131 g\u00fcvenilir koruma sa\u011flar T\u00fcm hareketli par\u00e7alar\u0131n \u00fcst\u00fcn ya\u011flanmas\u0131 i\u00e7in son derece n\u00fcfuz edici bir form\u00fcl Koruyucu su ge\u00e7irmez bir [&hellip;]<\/p>\n","protected":false},"author":1,"featured_media":9029,"parent":2392,"menu_order":0,"comment_status":"closed","ping_status":"closed","template":"product-page.php","meta":{"_acf_changed":false,"inline_featured_image":false,"footnotes":""},"class_list":["post-2723","page","type-page","status-publish","has-post-thumbnail","hentry"],"acf":[],"_links":{"self":[{"href":"https:\/\/xenum.com\/tr\/wp-json\/wp\/v2\/pages\/2723","targetHints":{"allow":["GET"]}}],"collection":[{"href":"https:\/\/xenum.com\/tr\/wp-json\/wp\/v2\/pages"}],"about":[{"href":"https:\/\/xenum.com\/tr\/wp-json\/wp\/v2\/types\/page"}],"author":[{"embeddable":true,"href":"https:\/\/xenum.com\/tr\/wp-json\/wp\/v2\/users\/1"}],"replies":[{"embeddable":true,"href":"https:\/\/xenum.com\/tr\/wp-json\/wp\/v2\/comments?post=2723"}],"version-history":[{"count":7,"href":"https:\/\/xenum.com\/tr\/wp-json\/wp\/v2\/pages\/2723\/revisions"}],"predecessor-version":[{"id":24848,"href":"https:\/\/xenum.com\/tr\/wp-json\/wp\/v2\/pages\/2723\/revisions\/24848"}],"up":[{"embeddable":true,"href":"https:\/\/xenum.com\/tr\/wp-json\/wp\/v2\/pages\/2392"}],"wp:featuredmedia":[{"embeddable":true,"href":"https:\/\/xenum.com\/tr\/wp-json\/wp\/v2\/media\/9029"}],"wp:attachment":[{"href":"https:\/\/xenum.com\/tr\/wp-json\/wp\/v2\/media?parent=2723"}],"curies":[{"name":"wp","href":"https:\/\/api.w.org\/{rel}","templated":true}]}}