{"id":2658,"date":"2017-07-22T12:47:08","date_gmt":"2017-07-22T12:47:08","guid":{"rendered":"https:\/\/xenum.com\/?page_id=2658"},"modified":"2023-11-22T15:36:09","modified_gmt":"2023-11-22T14:36:09","slug":"x-cut","status":"publish","type":"page","link":"https:\/\/xenum.com\/tr\/anasayfa\/products\/bakim\/yaglama-maddeleri\/x-cut\/","title":{"rendered":"X-Cut"},"content":{"rendered":"<p>X-CUT, y\u00fcksek performansl\u0131 bir kesme s\u0131v\u0131s\u0131d\u0131r ve y\u00fcksek kesme h\u0131zlar\u0131nda m\u00fckemmel ya\u011flama sunmak \u00fczere tasarlanm\u0131\u015ft\u0131r. Kesici ara\u00e7lar\u0131n \u00f6mr\u00fcn\u00fc uzat\u0131r.<\/p>\n<h3><strong>\u00d6zellikler<\/strong><\/h3>\n<ul>\n<li>Y\u00fcksek kesme h\u0131zlar\u0131nda istisnai ya\u011flama sa\u011flar<\/li>\n<li>Kesici ara\u00e7lar\u0131n \u00f6mr\u00fcn\u00fc uzat\u0131r<\/li>\n<li>Ultra n\u00fcfuz \u00f6zellikleri<\/li>\n<li>Kusursuz bir y\u00fczey sa\u011flar<\/li>\n<\/ul>\n<h3><strong>Uygulama<\/strong><\/h3>\n<p>\u00c7elik, paslanmaz \u00e7elik ve \u00e7o\u011fu renkli metal gibi metalleri delme, testereleme ve di\u015f a\u00e7ma dahil olmak \u00fczere \u00e7e\u015fitli uygulamalara uygundur.<\/p>\n<h4><strong>Uygun Boyut:<\/strong><\/h4>\n<p>400 ML \u2013 REF. 4144400<\/p>\n","protected":false},"excerpt":{"rendered":"<p>X-CUT, y\u00fcksek performansl\u0131 bir kesme s\u0131v\u0131s\u0131d\u0131r ve y\u00fcksek kesme h\u0131zlar\u0131nda m\u00fckemmel ya\u011flama sunmak \u00fczere tasarlanm\u0131\u015ft\u0131r. Kesici ara\u00e7lar\u0131n \u00f6mr\u00fcn\u00fc uzat\u0131r. \u00d6zellikler Y\u00fcksek kesme h\u0131zlar\u0131nda istisnai ya\u011flama sa\u011flar Kesici ara\u00e7lar\u0131n \u00f6mr\u00fcn\u00fc uzat\u0131r Ultra n\u00fcfuz \u00f6zellikleri Kusursuz bir y\u00fczey sa\u011flar Uygulama \u00c7elik, paslanmaz \u00e7elik ve \u00e7o\u011fu renkli metal gibi metalleri delme, testereleme ve di\u015f a\u00e7ma dahil olmak \u00fczere [&hellip;]<\/p>\n","protected":false},"author":4,"featured_media":10117,"parent":2392,"menu_order":0,"comment_status":"closed","ping_status":"closed","template":"product-page.php","meta":{"_acf_changed":false,"inline_featured_image":false,"footnotes":""},"class_list":["post-2658","page","type-page","status-publish","has-post-thumbnail","hentry"],"acf":[],"_links":{"self":[{"href":"https:\/\/xenum.com\/tr\/wp-json\/wp\/v2\/pages\/2658","targetHints":{"allow":["GET"]}}],"collection":[{"href":"https:\/\/xenum.com\/tr\/wp-json\/wp\/v2\/pages"}],"about":[{"href":"https:\/\/xenum.com\/tr\/wp-json\/wp\/v2\/types\/page"}],"author":[{"embeddable":true,"href":"https:\/\/xenum.com\/tr\/wp-json\/wp\/v2\/users\/4"}],"replies":[{"embeddable":true,"href":"https:\/\/xenum.com\/tr\/wp-json\/wp\/v2\/comments?post=2658"}],"version-history":[{"count":5,"href":"https:\/\/xenum.com\/tr\/wp-json\/wp\/v2\/pages\/2658\/revisions"}],"predecessor-version":[{"id":25047,"href":"https:\/\/xenum.com\/tr\/wp-json\/wp\/v2\/pages\/2658\/revisions\/25047"}],"up":[{"embeddable":true,"href":"https:\/\/xenum.com\/tr\/wp-json\/wp\/v2\/pages\/2392"}],"wp:featuredmedia":[{"embeddable":true,"href":"https:\/\/xenum.com\/tr\/wp-json\/wp\/v2\/media\/10117"}],"wp:attachment":[{"href":"https:\/\/xenum.com\/tr\/wp-json\/wp\/v2\/media?parent=2658"}],"curies":[{"name":"wp","href":"https:\/\/api.w.org\/{rel}","templated":true}]}}