{"id":2554,"date":"2017-07-22T12:18:12","date_gmt":"2017-07-22T12:18:12","guid":{"rendered":"https:\/\/xenum.com\/?page_id=2554"},"modified":"2021-09-29T18:12:30","modified_gmt":"2021-09-29T18:12:30","slug":"d-solv-foodpro","status":"publish","type":"page","link":"https:\/\/xenum.com\/tr\/anasayfa\/products\/bakim\/temizlik-maddeleri\/d-solv-foodpro\/","title":{"rendered":"D-SOLV FoodPRO"},"content":{"rendered":"<p>G\u0131da sekt\u00f6r\u00fcndeki t\u00fcm end\u00fcstriyel makine par\u00e7alar\u0131na y\u00f6nelik g\u00fc\u00e7l\u00fc ve h\u0131zl\u0131 kuruyan ya\u011f giderici ve temizlik maddesi.<\/p>\n<p>Ya\u011f, a\u011fda, gres, katran, re\u00e7ineli maddeler, yap\u0131\u015fkanlar, tutkallar ve di\u011fer maddeleri etkili bir bi\u00e7imde temizlemektedir.<\/p>\n<p><strong>\u00d6zellikler:<\/strong><\/p>\n<ul>\n<li>Kirletici maddelere \u00fcst\u00fcn n\u00fcfuz kabiliyeti<\/li>\n<li>Kolay ve ekonomik kullan\u0131m<\/li>\n<li>Kal\u0131nt\u0131 b\u0131rakmama ve kontroll\u00fc buharla\u015fma<\/li>\n<li>Klor veya aseton i\u00e7ermeme<\/li>\n<li>Kau\u00e7uk, naylon ve plastik par\u00e7alar \u00fczerinde g\u00fcvenli kullan\u0131m<\/li>\n<li>Tedarik onay\u0131<\/li>\n<\/ul>\n<p><strong>Uygulama:<\/strong><\/p>\n<p>G\u0131da sekt\u00f6r\u00fcne y\u00f6nelik bir temizlik ve ya\u011f giderme \u00fcr\u00fcn\u00fc.<\/p>\n<p>Kullanmadan \u00f6nce iyice \u00e7alkalay\u0131n\u0131z. Temizlenecek \u00f6\u011felerin \u00fczerine p\u00fcsk\u00fcrt\u00fcn\u00fcz. Spreyi temizlenecek y\u00fczden yakla\u015f\u0131k 20-30 cm yukar\u0131da tutunuz. Solvent bazl\u0131 temizlik maddesi h\u0131zl\u0131 bir \u015fekilde buharla\u015fmakta ve hi\u00e7bir iz b\u0131rakmamaktad\u0131r.<\/p>\n<p>\u00dcr\u00fcn\u00fcn do\u011frudan g\u0131da maddeleri ile temas etmesine izin vermeyiniz.<\/p>\n<p><strong>Available in:<\/strong><\/p>\n<p>500 ML \u2013 REF. 4182500<\/p>\n","protected":false},"excerpt":{"rendered":"<p>G\u0131da sekt\u00f6r\u00fcndeki t\u00fcm end\u00fcstriyel makine par\u00e7alar\u0131na y\u00f6nelik g\u00fc\u00e7l\u00fc ve h\u0131zl\u0131 kuruyan ya\u011f giderici ve temizlik maddesi. Ya\u011f, a\u011fda, gres, katran, re\u00e7ineli maddeler, yap\u0131\u015fkanlar, tutkallar ve di\u011fer maddeleri etkili bir bi\u00e7imde temizlemektedir. \u00d6zellikler: Kirletici maddelere \u00fcst\u00fcn n\u00fcfuz kabiliyeti Kolay ve ekonomik kullan\u0131m Kal\u0131nt\u0131 b\u0131rakmama ve kontroll\u00fc buharla\u015fma Klor veya aseton i\u00e7ermeme Kau\u00e7uk, naylon ve plastik par\u00e7alar [&hellip;]<\/p>\n","protected":false},"author":1,"featured_media":259,"parent":2379,"menu_order":0,"comment_status":"closed","ping_status":"closed","template":"product-page.php","meta":{"_acf_changed":false,"inline_featured_image":false,"footnotes":""},"class_list":["post-2554","page","type-page","status-publish","has-post-thumbnail","hentry"],"acf":[],"_links":{"self":[{"href":"https:\/\/xenum.com\/tr\/wp-json\/wp\/v2\/pages\/2554","targetHints":{"allow":["GET"]}}],"collection":[{"href":"https:\/\/xenum.com\/tr\/wp-json\/wp\/v2\/pages"}],"about":[{"href":"https:\/\/xenum.com\/tr\/wp-json\/wp\/v2\/types\/page"}],"author":[{"embeddable":true,"href":"https:\/\/xenum.com\/tr\/wp-json\/wp\/v2\/users\/1"}],"replies":[{"embeddable":true,"href":"https:\/\/xenum.com\/tr\/wp-json\/wp\/v2\/comments?post=2554"}],"version-history":[{"count":4,"href":"https:\/\/xenum.com\/tr\/wp-json\/wp\/v2\/pages\/2554\/revisions"}],"predecessor-version":[{"id":11258,"href":"https:\/\/xenum.com\/tr\/wp-json\/wp\/v2\/pages\/2554\/revisions\/11258"}],"up":[{"embeddable":true,"href":"https:\/\/xenum.com\/tr\/wp-json\/wp\/v2\/pages\/2379"}],"wp:featuredmedia":[{"embeddable":true,"href":"https:\/\/xenum.com\/tr\/wp-json\/wp\/v2\/media\/259"}],"wp:attachment":[{"href":"https:\/\/xenum.com\/tr\/wp-json\/wp\/v2\/media?parent=2554"}],"curies":[{"name":"wp","href":"https:\/\/api.w.org\/{rel}","templated":true}]}}