{"id":23892,"date":"2023-08-17T13:06:01","date_gmt":"2023-08-17T12:06:01","guid":{"rendered":"https:\/\/xenum.com\/anasayfa\/products\/katki-maddeleri\/yakit\/dizel-duzeltici-maddeler\/admax-pro\/"},"modified":"2023-09-19T18:45:45","modified_gmt":"2023-09-19T17:45:45","slug":"admax-pro","status":"publish","type":"page","link":"https:\/\/xenum.com\/tr\/anasayfa\/products\/katki-maddeleri\/adblue\/admax-pro\/","title":{"rendered":"ADMAX\u00ae PRO"},"content":{"rendered":"<p>ADMAX\u00ae PRO, ADMAX\u00ae'\u0131n geli\u015ftirilmi\u015f bir versiyonudur ve AdBlue\u00ae sisteminin verimini art\u0131rmak amac\u0131yla tasarlanm\u0131\u015ft\u0131r. Bu g\u00fc\u00e7l\u00fc \u00e7\u00f6z\u00fcm, tank\u0131n, pompas\u0131n\u0131n ve enjekt\u00f6r\u00fcn\u00fcn i\u00e7indeki kristalle\u015fmeyi ve kirlili\u011fi etkili bir \u015fekilde ortadan kald\u0131ran istisnai temizleme ve \u00e7\u00f6z\u00fcc\u00fc \u00f6zellikler sunar.<\/p>\n<p>Temiz ve optimize edilmi\u015f bir sistem sa\u011flayarak, ADMAX\u00ae PRO performans\u0131 ve g\u00fcvenilirli\u011fi art\u0131r\u0131rken ayn\u0131 zamanda zararl\u0131 emisyonlar\u0131 \u00f6nemli \u00f6l\u00e7\u00fcde azalt\u0131r. Bu katk\u0131 maddesi AdBlue\u00ae ile tam uyumludur ve herhangi bir zarar veya korozyona neden olmaz. ADMAX\u00ae PRO, DPF veya SCR kataliz\u00f6r\u00fcnde yanma art\u0131klar\u0131 b\u0131rakmaz.<\/p>\n<h3>Faydalar\u0131<\/h3>\n<ul>\n<li>\u00dcrenin amonya\u011fa d\u00f6n\u00fc\u015f\u00fcm\u00fcn\u00fc h\u0131zland\u0131r\u0131r.<\/li>\n<li>-10\u00b0C'nin alt\u0131ndaki s\u0131cakl\u0131klarda kristalle\u015fmeyi \u00f6nler.<\/li>\n<li>SCR sisteminin verimini art\u0131r\u0131r.<\/li>\n<li>SCR sisteminin \u00f6mr\u00fcn\u00fc uzat\u0131r.<\/li>\n<li>Egzoz sistemini korozyondan korur.<\/li>\n<\/ul>\n<h3>\u00d6zellikler<\/h3>\n<ul>\n<li>\u00dcrenin amonya\u011fa d\u00f6n\u00fc\u015f\u00fcm\u00fcn\u00fc h\u0131zland\u0131r\u0131r.<\/li>\n<li>-10\u00b0C'nin alt\u0131ndaki s\u0131cakl\u0131klarda kristalle\u015fmeyi \u00f6nler.<\/li>\n<li>SCR verimini art\u0131r\u0131r.<\/li>\n<li>SCR \u00f6mr\u00fcn\u00fc uzat\u0131r.<\/li>\n<li>Egzoz sistemini korozyondan korur.<\/li>\n<\/ul>\n<h3>Kullan\u0131m<\/h3>\n<p>AdBlue\u00ae ile donat\u0131lm\u0131\u015f t\u00fcm dizel ara\u00e7larla uyumludur. ADMAX\u00ae PRO sadece AdBlue\u00ae deposunda kullan\u0131lmal\u0131d\u0131r. SCR sistemi bir ar\u0131za ya\u015f\u0131yorsa, ADMAX\u00ae PRO ekledikten sonra arac\u0131n yakla\u015f\u0131k 1000 km kadar s\u00fcr\u00fclmesi gerekebilir.<\/p>\n<p>\u0130lk tedaviden sonra ADMAX\u00ae PRO'nun temizli\u011fi korumak ve olas\u0131 sorunlar\u0131 \u00f6nlemek i\u00e7in preventif olarak kullan\u0131lmas\u0131 \u00f6nerilir (her 30,000 km). Standart ADMAX\u00ae ayr\u0131ca her AdBlue\u00ae dolumunda kullan\u0131labilir.<\/p>\n<h3>Kullan\u0131m Talimatlar\u0131<\/h3>\n<p>250 ml ADMAX\u00ae PRO dozu, 20 litre AdBlue\u00ae i\u00e7in yeterlidir. ADMAX\u00ae PRO do\u011frudan AdBlue\u00ae ile kar\u0131\u015ft\u0131r\u0131labilir, tercihen ancak sadece depoyu doldurmadan \u00f6nce.<\/p>\n<h4><strong>Mevcut:<\/strong><\/h4>\n<p style=\"font-weight: 400;\">250 ML - REF. 7060250<\/p>\n<p style=\"font-weight: 400;\"><span style=\"font-size: revert;\">12 x 250 ML AMBALAJ<\/span><\/p>\n","protected":false},"excerpt":{"rendered":"<p>ADMAX\u00ae PRO, ADMAX\u00ae'\u0131n geli\u015ftirilmi\u015f bir versiyonudur ve AdBlue\u00ae sisteminin verimini art\u0131rmak amac\u0131yla tasarlanm\u0131\u015ft\u0131r. Bu g\u00fc\u00e7l\u00fc \u00e7\u00f6z\u00fcm, tank\u0131n, pompas\u0131n\u0131n ve enjekt\u00f6r\u00fcn\u00fcn i\u00e7indeki kristalle\u015fmeyi ve kirlili\u011fi etkili bir \u015fekilde ortadan kald\u0131ran istisnai temizleme ve \u00e7\u00f6z\u00fcc\u00fc \u00f6zellikler sunar. Temiz ve optimize edilmi\u015f bir sistem sa\u011flayarak, ADMAX\u00ae PRO performans\u0131 ve g\u00fcvenilirli\u011fi art\u0131r\u0131rken ayn\u0131 zamanda zararl\u0131 emisyonlar\u0131 \u00f6nemli \u00f6l\u00e7\u00fcde azalt\u0131r. [&hellip;]<\/p>\n","protected":false},"author":1,"featured_media":23882,"parent":25667,"menu_order":0,"comment_status":"closed","ping_status":"closed","template":"product-page.php","meta":{"_acf_changed":false,"inline_featured_image":false,"footnotes":""},"class_list":["post-23892","page","type-page","status-publish","has-post-thumbnail","hentry"],"acf":[],"_links":{"self":[{"href":"https:\/\/xenum.com\/tr\/wp-json\/wp\/v2\/pages\/23892","targetHints":{"allow":["GET"]}}],"collection":[{"href":"https:\/\/xenum.com\/tr\/wp-json\/wp\/v2\/pages"}],"about":[{"href":"https:\/\/xenum.com\/tr\/wp-json\/wp\/v2\/types\/page"}],"author":[{"embeddable":true,"href":"https:\/\/xenum.com\/tr\/wp-json\/wp\/v2\/users\/1"}],"replies":[{"embeddable":true,"href":"https:\/\/xenum.com\/tr\/wp-json\/wp\/v2\/comments?post=23892"}],"version-history":[{"count":8,"href":"https:\/\/xenum.com\/tr\/wp-json\/wp\/v2\/pages\/23892\/revisions"}],"predecessor-version":[{"id":24478,"href":"https:\/\/xenum.com\/tr\/wp-json\/wp\/v2\/pages\/23892\/revisions\/24478"}],"up":[{"embeddable":true,"href":"https:\/\/xenum.com\/tr\/wp-json\/wp\/v2\/pages\/25667"}],"wp:featuredmedia":[{"embeddable":true,"href":"https:\/\/xenum.com\/tr\/wp-json\/wp\/v2\/media\/23882"}],"wp:attachment":[{"href":"https:\/\/xenum.com\/tr\/wp-json\/wp\/v2\/media?parent=23892"}],"curies":[{"name":"wp","href":"https:\/\/api.w.org\/{rel}","templated":true}]}}