{"id":2341,"date":"2017-07-22T11:21:01","date_gmt":"2017-07-22T11:21:01","guid":{"rendered":"https:\/\/xenum.com\/?page_id=2341"},"modified":"2019-08-02T13:03:17","modified_gmt":"2019-08-02T13:03:17","slug":"r-flush","status":"publish","type":"page","link":"https:\/\/xenum.com\/tr\/anasayfa\/products\/katki-maddeleri\/sogutma-sistemi\/r-flush\/","title":{"rendered":"R-Flush"},"content":{"rendered":"<p class=\"TEXT\"><span lang=\"TR\">Y\u00fcksek teknolojili inorganik asitler ve inhibit\u00f6rlerin m\u00fckemmel harman\u0131 sayesinde, pas, kire\u00e7 birikintileri ve ya\u011fl\u0131 tortular\u0131, motor su devirdaim sisteminden ve radyat\u00f6rlerden etkili bir \u015fekilde \u00e7\u00f6zer ve temizler.<\/span><\/p>\n<h2><strong>\u00d6zellikler<\/strong><\/h2>\n<ul>\n<li>Devirdaim sisteminin normal sirk\u00fclasyon kapasitesini geli\u015ftirir ve a\u015f\u0131r\u0131 hararet riskini \u00f6nler<\/li>\n<li>Devridaim sistemini temizlemek i\u00e7in herhangi bir par\u00e7an\u0131n s\u00f6k\u00fclmesini gerektirmez<\/li>\n<li>Devirdaim sisteminin metal par\u00e7alar\u0131, ke\u00e7eler ve lastik hortumlar i\u00e7in g\u00fcvenlidir<\/li>\n<li>Devirdaim sistemini kire\u00e7lenme ve t\u0131kanmalardan korur<\/li>\n<li>Korozyon, kire\u00e7lenme ve oksidasyon korumas\u0131 sa\u011flar<\/li>\n<li>T\u00fcm so\u011futma s\u0131v\u0131lar\u0131yla, QAT so\u011futucularda dahil m\u00fckemmel performans sa\u011flar<\/li>\n<\/ul>\n<h2><strong>Uygulama<\/strong><\/h2>\n<p class=\"TEXT\"><span lang=\"TR\">T\u00fcm su so\u011futmal\u0131 sistemler, benzinli ve dizel motorlar ile uyumludur.<\/span><\/p>\n<h3><strong>Available in<\/strong><\/h3>\n<ul>\n<li>250\u00a0ML CAN - REF. 3147250<\/li>\n<li>1 L BOTTLE - REF. 3321001<\/li>\n<\/ul>\n","protected":false},"excerpt":{"rendered":"<p>Y\u00fcksek teknolojili inorganik asitler ve inhibit\u00f6rlerin m\u00fckemmel harman\u0131 sayesinde, pas, kire\u00e7 birikintileri ve ya\u011fl\u0131 tortular\u0131, motor su devirdaim sisteminden ve radyat\u00f6rlerden etkili bir \u015fekilde \u00e7\u00f6zer ve temizler. \u00d6zellikler Devirdaim sisteminin normal sirk\u00fclasyon kapasitesini geli\u015ftirir ve a\u015f\u0131r\u0131 hararet riskini \u00f6nler Devridaim sistemini temizlemek i\u00e7in herhangi bir par\u00e7an\u0131n s\u00f6k\u00fclmesini gerektirmez Devirdaim sisteminin metal par\u00e7alar\u0131, ke\u00e7eler ve lastik [&hellip;]<\/p>\n","protected":false},"author":1,"featured_media":9056,"parent":2055,"menu_order":0,"comment_status":"closed","ping_status":"closed","template":"product-page.php","meta":{"_acf_changed":false,"inline_featured_image":false,"footnotes":""},"class_list":["post-2341","page","type-page","status-publish","has-post-thumbnail","hentry"],"acf":[],"_links":{"self":[{"href":"https:\/\/xenum.com\/tr\/wp-json\/wp\/v2\/pages\/2341","targetHints":{"allow":["GET"]}}],"collection":[{"href":"https:\/\/xenum.com\/tr\/wp-json\/wp\/v2\/pages"}],"about":[{"href":"https:\/\/xenum.com\/tr\/wp-json\/wp\/v2\/types\/page"}],"author":[{"embeddable":true,"href":"https:\/\/xenum.com\/tr\/wp-json\/wp\/v2\/users\/1"}],"replies":[{"embeddable":true,"href":"https:\/\/xenum.com\/tr\/wp-json\/wp\/v2\/comments?post=2341"}],"version-history":[{"count":5,"href":"https:\/\/xenum.com\/tr\/wp-json\/wp\/v2\/pages\/2341\/revisions"}],"predecessor-version":[{"id":8130,"href":"https:\/\/xenum.com\/tr\/wp-json\/wp\/v2\/pages\/2341\/revisions\/8130"}],"up":[{"embeddable":true,"href":"https:\/\/xenum.com\/tr\/wp-json\/wp\/v2\/pages\/2055"}],"wp:featuredmedia":[{"embeddable":true,"href":"https:\/\/xenum.com\/tr\/wp-json\/wp\/v2\/media\/9056"}],"wp:attachment":[{"href":"https:\/\/xenum.com\/tr\/wp-json\/wp\/v2\/media?parent=2341"}],"curies":[{"name":"wp","href":"https:\/\/api.w.org\/{rel}","templated":true}]}}