{"id":23395,"date":"2023-06-22T12:16:24","date_gmt":"2023-06-22T11:16:24","guid":{"rendered":"https:\/\/xenum.com\/?page_id=23395"},"modified":"2023-06-22T12:16:27","modified_gmt":"2023-06-22T11:16:27","slug":"semix-5w30","status":"publish","type":"page","link":"https:\/\/xenum.com\/tr\/anasayfa\/products\/oils\/motor\/hibrit-sentetik\/semix-5w30\/","title":{"rendered":"SEMIX 5W30"},"content":{"rendered":"\n<p>SEMIX 5W30, binek ara\u00e7lar\u0131n ve da\u011f\u0131t\u0131m kamyonetlerinin hem turbo\u015farjl\u0131 hem de turbo\u015farjs\u0131z benzinli ve dizel motorlar\u0131nda kullan\u0131lmak \u00fczere \u00f6zel olarak form\u00fcle edilmi\u015f hibrit sentetik bir motor ya\u011f\u0131d\u0131r. Bu \u00e7ok y\u00f6nl\u00fc ya\u011f, m\u00fckemmel a\u015f\u0131nma korumas\u0131 sunmak ve yak\u0131t ekonomisini art\u0131rmak i\u00e7in tasarlanm\u0131\u015ft\u0131r.<\/p>\n\n\n\n<h2 class=\"wp-block-heading\" id=\"h-zelli-kler\"><strong>\u00d6ZELL\u0130KLER<\/strong><\/h2>\n\n\n\n<ul class=\"wp-block-list\">\n<li>S\u00fcrt\u00fcnme ve a\u015f\u0131nmaya kar\u015f\u0131 m\u00fckemmel koruma sa\u011flar<\/li>\n\n\n\n<li>Yak\u0131t ekonomisini art\u0131r\u0131r<\/li>\n\n\n\n<li>CO\u2082 emisyonlar\u0131n\u0131 azalt\u0131r<\/li>\n\n\n\n<li>So\u011fuk \u00e7al\u0131\u015ft\u0131rma performans\u0131n\u0131 art\u0131r\u0131r<\/li>\n\n\n\n<li>Motor tortular\u0131n\u0131 \u00f6nlemek i\u00e7in g\u00fc\u00e7l\u00fc deterjan \u00f6zelli\u011fi g\u00f6sterir<\/li>\n\n\n\n<li>M\u00fckemmel oksidasyon ve kayma kararl\u0131l\u0131\u011f\u0131 sunar<\/li>\n\n\n\n<li>Kararl\u0131 bir viskozite indeksi sa\u011flar<\/li>\n\n\n\n<li>Ola\u011fan\u00fcst\u00fc d\u00fc\u015f\u00fck s\u0131cakl\u0131k ak\u0131\u015fkanl\u0131\u011f\u0131 sergiler<\/li>\n<\/ul>\n\n\n\n<h2 class=\"wp-block-heading\" id=\"h-uygulama\"><strong>UYGULAMA<\/strong><\/h2>\n\n\n\n<p>\u00c7e\u015fitli Amerikan ve Asya binek otomobillerinin, SUV'lar\u0131n ve kamyonetlerin en son gereksinimlerini kar\u015f\u0131lamak \u00fczere \u00f6zel olarak form\u00fcle edilmi\u015ftir. Turbo\u015farjl\u0131 ve \u00e7ok supapl\u0131 motorlar da dahil olmak \u00fczere yak\u0131t enjeksiyonlu benzinli motorlar i\u00e7in tasarlanm\u0131\u015f olup, partik\u00fcl filtresi olmayan hafif hizmet dizel motorlar\u0131nda da g\u00fcvenle kullan\u0131labilir.<\/p>\n\n\n\n<h3 class=\"wp-block-heading\" id=\"h-zelli-kler-1\"><strong>\u00d6ZELL\u0130KLER<\/strong><\/h3>\n\n\n\n<ul class=\"wp-block-list\">\n<li>API SN\/CF<\/li>\n\n\n\n<li>ACEA A3\/B4<\/li>\n\n\n\n<li>VW 502.00 \/ 505.00<\/li>\n\n\n\n<li>MB 229.3 \/ 226.5<\/li>\n\n\n\n<li>BMW Longlife-01<\/li>\n\n\n\n<li>OPEL GM-LL-B-25<\/li>\n\n\n\n<li>RENAULT 0700<\/li>\n<\/ul>\n\n\n\n<h3 class=\"wp-block-heading\" id=\"h-paketleme\"><strong>PAKETLEME<\/strong><\/h3>\n\n\n\n<p>12X1L, 4X4L, 4X5L, 20L, 60L, 208L<\/p>\n\n\n\n<p><\/p>\n","protected":false},"excerpt":{"rendered":"<p>SEMIX 5W30, binek ara\u00e7lar\u0131n ve da\u011f\u0131t\u0131m kamyonetlerinin hem turbo\u015farjl\u0131 hem de turbo\u015farjs\u0131z benzinli ve dizel motorlar\u0131nda kullan\u0131lmak \u00fczere \u00f6zel olarak form\u00fcle edilmi\u015f hibrit sentetik bir motor ya\u011f\u0131d\u0131r. Bu \u00e7ok y\u00f6nl\u00fc ya\u011f, m\u00fckemmel a\u015f\u0131nma korumas\u0131 sunmak ve yak\u0131t ekonomisini art\u0131rmak i\u00e7in tasarlanm\u0131\u015ft\u0131r. \u00d6ZELL\u0130KLER UYGULAMA \u00c7e\u015fitli Amerikan ve Asya binek otomobillerinin, SUV'lar\u0131n ve kamyonetlerin en son gereksinimlerini [&hellip;]<\/p>\n","protected":false},"author":1,"featured_media":15435,"parent":9605,"menu_order":4,"comment_status":"closed","ping_status":"closed","template":"product-page.php","meta":{"_acf_changed":false,"inline_featured_image":false,"footnotes":""},"class_list":["post-23395","page","type-page","status-publish","has-post-thumbnail","hentry"],"acf":[],"_links":{"self":[{"href":"https:\/\/xenum.com\/tr\/wp-json\/wp\/v2\/pages\/23395","targetHints":{"allow":["GET"]}}],"collection":[{"href":"https:\/\/xenum.com\/tr\/wp-json\/wp\/v2\/pages"}],"about":[{"href":"https:\/\/xenum.com\/tr\/wp-json\/wp\/v2\/types\/page"}],"author":[{"embeddable":true,"href":"https:\/\/xenum.com\/tr\/wp-json\/wp\/v2\/users\/1"}],"replies":[{"embeddable":true,"href":"https:\/\/xenum.com\/tr\/wp-json\/wp\/v2\/comments?post=23395"}],"version-history":[{"count":1,"href":"https:\/\/xenum.com\/tr\/wp-json\/wp\/v2\/pages\/23395\/revisions"}],"predecessor-version":[{"id":23400,"href":"https:\/\/xenum.com\/tr\/wp-json\/wp\/v2\/pages\/23395\/revisions\/23400"}],"up":[{"embeddable":true,"href":"https:\/\/xenum.com\/tr\/wp-json\/wp\/v2\/pages\/9605"}],"wp:featuredmedia":[{"embeddable":true,"href":"https:\/\/xenum.com\/tr\/wp-json\/wp\/v2\/media\/15435"}],"wp:attachment":[{"href":"https:\/\/xenum.com\/tr\/wp-json\/wp\/v2\/media?parent=23395"}],"curies":[{"name":"wp","href":"https:\/\/api.w.org\/{rel}","templated":true}]}}