{"id":2301,"date":"2017-07-22T11:12:19","date_gmt":"2017-07-22T11:12:19","guid":{"rendered":"https:\/\/xenum.com\/?page_id=2301"},"modified":"2019-08-02T13:10:27","modified_gmt":"2019-08-02T13:10:27","slug":"restop","status":"publish","type":"page","link":"https:\/\/xenum.com\/tr\/anasayfa\/products\/katki-maddeleri\/sogutma-sistemi\/restop\/","title":{"rendered":"RESTOP"},"content":{"rendered":"<p>RESTOP, su devirdaim sistemleri i\u00e7in geli\u015ftirilmi\u015f, \u00fc\u00e7l\u00fc etkiye sahip,y\u00fcksek teknolojili \u00f6zel bir \u00fcr\u00fcnd\u00fcr. \u00dcr\u00fcn k\u00fc\u00e7\u00fck ka\u00e7aklar\u0131 onar\u0131r, devirdaim pompas\u0131n\u0131 ya\u011flar, sistemi temiz tutar ve korur.<\/p>\n<h2><strong>\u00d6zellikler<\/strong><\/h2>\n<ul>\n<li>Herhangi bir par\u00e7an\u0131n s\u00f6k\u00fclmesine gerek yoktur<\/li>\n<li>Devirdaim sistemi so\u011futma kapasitesini geli\u015ftirir<\/li>\n<li>Radyat\u00f6r kanallar\u0131 ve hararet m\u00fc\u015f\u00fcr\u00fc t\u0131kanmalar\u0131n\u0131 \u00f6nler<\/li>\n<li>Y\u00fcksek \u0131s\u0131, bas\u0131n\u00e7 ve vibrasyona dayan\u0131ml\u0131d\u0131r<\/li>\n<li>Sistem, contalar ve lastik hortumlar i\u00e7in g\u00fcvenlidir<\/li>\n<li>Kire\u00e7 tortu olu\u015fumlar\u0131n\u0131 \u00f6nler<\/li>\n<li>Sistemi korozyon ve oksidasyona kar\u015f\u0131 korur<\/li>\n<\/ul>\n<h2><strong>Uygulama<\/strong><\/h2>\n<p class=\"TEXT\"><span lang=\"TR\">T\u00fcm su so\u011futmal\u0131 sistemler, benzinli ve dizel motorlar ile uyumludur. T\u00fcm antifiriz ve so\u011futucular ile birlikte kullan\u0131l\u0131r.<\/span><\/p>\n<h3><strong>Available in<\/strong><\/h3>\n<p>300 ML CAN \u2013 REF. 3079300<\/p>\n<p>1 L BOTTLE \u2013 REF. 3338001<\/p>\n","protected":false},"excerpt":{"rendered":"<p>RESTOP, su devirdaim sistemleri i\u00e7in geli\u015ftirilmi\u015f, \u00fc\u00e7l\u00fc etkiye sahip,y\u00fcksek teknolojili \u00f6zel bir \u00fcr\u00fcnd\u00fcr. \u00dcr\u00fcn k\u00fc\u00e7\u00fck ka\u00e7aklar\u0131 onar\u0131r, devirdaim pompas\u0131n\u0131 ya\u011flar, sistemi temiz tutar ve korur. \u00d6zellikler Herhangi bir par\u00e7an\u0131n s\u00f6k\u00fclmesine gerek yoktur Devirdaim sistemi so\u011futma kapasitesini geli\u015ftirir Radyat\u00f6r kanallar\u0131 ve hararet m\u00fc\u015f\u00fcr\u00fc t\u0131kanmalar\u0131n\u0131 \u00f6nler Y\u00fcksek \u0131s\u0131, bas\u0131n\u00e7 ve vibrasyona dayan\u0131ml\u0131d\u0131r Sistem, contalar ve lastik hortumlar [&hellip;]<\/p>\n","protected":false},"author":1,"featured_media":9057,"parent":2055,"menu_order":0,"comment_status":"closed","ping_status":"closed","template":"product-page.php","meta":{"_acf_changed":false,"inline_featured_image":false,"footnotes":""},"class_list":["post-2301","page","type-page","status-publish","has-post-thumbnail","hentry"],"acf":[],"_links":{"self":[{"href":"https:\/\/xenum.com\/tr\/wp-json\/wp\/v2\/pages\/2301","targetHints":{"allow":["GET"]}}],"collection":[{"href":"https:\/\/xenum.com\/tr\/wp-json\/wp\/v2\/pages"}],"about":[{"href":"https:\/\/xenum.com\/tr\/wp-json\/wp\/v2\/types\/page"}],"author":[{"embeddable":true,"href":"https:\/\/xenum.com\/tr\/wp-json\/wp\/v2\/users\/1"}],"replies":[{"embeddable":true,"href":"https:\/\/xenum.com\/tr\/wp-json\/wp\/v2\/comments?post=2301"}],"version-history":[{"count":4,"href":"https:\/\/xenum.com\/tr\/wp-json\/wp\/v2\/pages\/2301\/revisions"}],"predecessor-version":[{"id":8122,"href":"https:\/\/xenum.com\/tr\/wp-json\/wp\/v2\/pages\/2301\/revisions\/8122"}],"up":[{"embeddable":true,"href":"https:\/\/xenum.com\/tr\/wp-json\/wp\/v2\/pages\/2055"}],"wp:featuredmedia":[{"embeddable":true,"href":"https:\/\/xenum.com\/tr\/wp-json\/wp\/v2\/media\/9057"}],"wp:attachment":[{"href":"https:\/\/xenum.com\/tr\/wp-json\/wp\/v2\/media?parent=2301"}],"curies":[{"name":"wp","href":"https:\/\/api.w.org\/{rel}","templated":true}]}}