{"id":2241,"date":"2017-07-22T10:45:06","date_gmt":"2017-07-22T10:45:06","guid":{"rendered":"https:\/\/xenum.com\/?page_id=2241"},"modified":"2020-02-04T08:50:50","modified_gmt":"2020-02-04T08:50:50","slug":"petrol-multi-conditioner","status":"publish","type":"page","link":"https:\/\/xenum.com\/tr\/anasayfa\/products\/katki-maddeleri\/yakit\/benzin-duzeltici-maddeler\/petrol-multi-conditioner\/","title":{"rendered":"Petrol Multi Conditioner"},"content":{"rendered":"<p class=\"TEXT\"><span lang=\"TR\">Benzinli motorun, egzost sisteminin genel performans\u0131n\u0131 ve yak\u0131t enjeksiyonunu geli\u015ftirir.<\/span><\/p>\n<p><strong>\u00d6zellikler:<\/strong><\/p>\n<ul>\n<li>Yak\u0131t sistemi, subaplar ve enjekt\u00f6rleri temizler ve ya\u011flar<\/li>\n<li>Motor dinami\u011fi ve g\u00fcc\u00fcn\u00fc artt\u0131r\u0131r<\/li>\n<li>Yak\u0131t ekonomisini geli\u015ftirir<\/li>\n<li>Yak\u0131t sistemini korozyon ve oksidasyondan korur<\/li>\n<li>Depoda bulunabilen suyu n\u00f6tralize eder<\/li>\n<li>Karbon monoksit \u00e7\u0131k\u0131\u015flar\u0131n\u0131 azalt\u0131r<\/li>\n<li>Katalitik konverter t\u0131kanmalar\u0131n\u0131 \u00f6nler<\/li>\n<\/ul>\n<p><strong>Uygulama:<\/strong><\/p>\n<p class=\"TEXT\"><span lang=\"TR\">T\u00fcm tipte benzinli motorlarda kullan\u0131l\u0131r. Konsantre \u00fcr\u00fcn 1:1000 oran\u0131nda yak\u0131ta ilave edilerek kullan\u0131l\u0131r.<\/span><\/p>\n<p><strong>Available in:<\/strong><\/p>\n<p>250 ML \u2013 REF. 3178250<\/p>\n","protected":false},"excerpt":{"rendered":"<p>Benzinli motorun, egzost sisteminin genel performans\u0131n\u0131 ve yak\u0131t enjeksiyonunu geli\u015ftirir. \u00d6zellikler: Yak\u0131t sistemi, subaplar ve enjekt\u00f6rleri temizler ve ya\u011flar Motor dinami\u011fi ve g\u00fcc\u00fcn\u00fc artt\u0131r\u0131r Yak\u0131t ekonomisini geli\u015ftirir Yak\u0131t sistemini korozyon ve oksidasyondan korur Depoda bulunabilen suyu n\u00f6tralize eder Karbon monoksit \u00e7\u0131k\u0131\u015flar\u0131n\u0131 azalt\u0131r Katalitik konverter t\u0131kanmalar\u0131n\u0131 \u00f6nler Uygulama: T\u00fcm tipte benzinli motorlarda kullan\u0131l\u0131r. Konsantre \u00fcr\u00fcn 1:1000 [&hellip;]<\/p>\n","protected":false},"author":1,"featured_media":9322,"parent":2022,"menu_order":0,"comment_status":"closed","ping_status":"closed","template":"product-page.php","meta":{"_acf_changed":false,"inline_featured_image":false,"footnotes":""},"class_list":["post-2241","page","type-page","status-publish","has-post-thumbnail","hentry"],"acf":[],"_links":{"self":[{"href":"https:\/\/xenum.com\/tr\/wp-json\/wp\/v2\/pages\/2241","targetHints":{"allow":["GET"]}}],"collection":[{"href":"https:\/\/xenum.com\/tr\/wp-json\/wp\/v2\/pages"}],"about":[{"href":"https:\/\/xenum.com\/tr\/wp-json\/wp\/v2\/types\/page"}],"author":[{"embeddable":true,"href":"https:\/\/xenum.com\/tr\/wp-json\/wp\/v2\/users\/1"}],"replies":[{"embeddable":true,"href":"https:\/\/xenum.com\/tr\/wp-json\/wp\/v2\/comments?post=2241"}],"version-history":[{"count":4,"href":"https:\/\/xenum.com\/tr\/wp-json\/wp\/v2\/pages\/2241\/revisions"}],"predecessor-version":[{"id":8059,"href":"https:\/\/xenum.com\/tr\/wp-json\/wp\/v2\/pages\/2241\/revisions\/8059"}],"up":[{"embeddable":true,"href":"https:\/\/xenum.com\/tr\/wp-json\/wp\/v2\/pages\/2022"}],"wp:featuredmedia":[{"embeddable":true,"href":"https:\/\/xenum.com\/tr\/wp-json\/wp\/v2\/media\/9322"}],"wp:attachment":[{"href":"https:\/\/xenum.com\/tr\/wp-json\/wp\/v2\/media?parent=2241"}],"curies":[{"name":"wp","href":"https:\/\/api.w.org\/{rel}","templated":true}]}}