{"id":2225,"date":"2017-07-22T10:37:49","date_gmt":"2017-07-22T10:37:49","guid":{"rendered":"https:\/\/xenum.com\/?page_id=2225"},"modified":"2019-08-02T12:57:57","modified_gmt":"2019-08-02T12:57:57","slug":"octane-booster","status":"publish","type":"page","link":"https:\/\/xenum.com\/tr\/anasayfa\/products\/katki-maddeleri\/yakit\/benzin-duzeltici-maddeler\/octane-booster\/","title":{"rendered":"Octane Booster"},"content":{"rendered":"<p class=\"TEXT\"><span lang=\"TR\">\u00dcr\u00fcn, ileri katk\u0131 teknolojili \u00f6zel komponentlerle form\u00fcle edilmi\u015f, yak\u0131ta kendi kar\u0131\u015fan \u00f6zel bir \u00fcr\u00fcnd\u00fcr. Benzinli motorun genel performans\u0131n\u0131 ve yanmay\u0131 geli\u015ftirir.<\/span><\/p>\n<h2><strong>\u00d6zellikler<\/strong><\/h2>\n<ul>\n<li>Oktan say\u0131s\u0131n\u0131 2 ile 5 puan aral\u0131\u011f\u0131nda artt\u0131r\u0131r<\/li>\n<li>Motor dinami\u011fi ve g\u00fcc\u00fcn\u00fc geli\u015ftirir<\/li>\n<li>Katalitik konverterler ve \u00e7evreye zararl\u0131 de\u011fildir<\/li>\n<li>Teklemeleri azalt\u0131r ve \u00f6nler<\/li>\n<li>Tekleme kaynakl\u0131 motor ar\u0131zalar\u0131n\u0131 \u00f6nler<\/li>\n<li>Piston kafalar\u0131nda kurum birikmesini \u00f6nler<\/li>\n<li>Kur\u015funlu ve kur\u015funsuz benzinlerle uyumludur<\/li>\n<li>Konsantre, ekonomik ve kolay kullan\u0131ml\u0131d\u0131r. (1:1000)<\/li>\n<\/ul>\n<h2><strong>Uygulama<\/strong><\/h2>\n<p class=\"TEXT\"><span lang=\"TR\">T\u00fcm tipte yeni jenerasyon,direkt enjeksiyonlu veya karb\u00fcrat\u00f6rl\u00fc benzinli motorlarda kullan\u0131l\u0131r. Konsantre \u00fcr\u00fcn 1:1000 oran\u0131nda yak\u0131ta ilave edilerek kullan\u0131l\u0131r.<\/span><\/p>\n<h3><strong>Available in<\/strong><\/h3>\n<p>250 ML \u2013 REF. 3277250<\/p>\n","protected":false},"excerpt":{"rendered":"<p>\u00dcr\u00fcn, ileri katk\u0131 teknolojili \u00f6zel komponentlerle form\u00fcle edilmi\u015f, yak\u0131ta kendi kar\u0131\u015fan \u00f6zel bir \u00fcr\u00fcnd\u00fcr. Benzinli motorun genel performans\u0131n\u0131 ve yanmay\u0131 geli\u015ftirir. \u00d6zellikler Oktan say\u0131s\u0131n\u0131 2 ile 5 puan aral\u0131\u011f\u0131nda artt\u0131r\u0131r Motor dinami\u011fi ve g\u00fcc\u00fcn\u00fc geli\u015ftirir Katalitik konverterler ve \u00e7evreye zararl\u0131 de\u011fildir Teklemeleri azalt\u0131r ve \u00f6nler Tekleme kaynakl\u0131 motor ar\u0131zalar\u0131n\u0131 \u00f6nler Piston kafalar\u0131nda kurum birikmesini \u00f6nler [&hellip;]<\/p>\n","protected":false},"author":1,"featured_media":18207,"parent":2022,"menu_order":0,"comment_status":"closed","ping_status":"closed","template":"product-page.php","meta":{"_acf_changed":false,"inline_featured_image":false,"footnotes":""},"class_list":["post-2225","page","type-page","status-publish","has-post-thumbnail","hentry"],"acf":[],"_links":{"self":[{"href":"https:\/\/xenum.com\/tr\/wp-json\/wp\/v2\/pages\/2225","targetHints":{"allow":["GET"]}}],"collection":[{"href":"https:\/\/xenum.com\/tr\/wp-json\/wp\/v2\/pages"}],"about":[{"href":"https:\/\/xenum.com\/tr\/wp-json\/wp\/v2\/types\/page"}],"author":[{"embeddable":true,"href":"https:\/\/xenum.com\/tr\/wp-json\/wp\/v2\/users\/1"}],"replies":[{"embeddable":true,"href":"https:\/\/xenum.com\/tr\/wp-json\/wp\/v2\/comments?post=2225"}],"version-history":[{"count":4,"href":"https:\/\/xenum.com\/tr\/wp-json\/wp\/v2\/pages\/2225\/revisions"}],"predecessor-version":[{"id":8067,"href":"https:\/\/xenum.com\/tr\/wp-json\/wp\/v2\/pages\/2225\/revisions\/8067"}],"up":[{"embeddable":true,"href":"https:\/\/xenum.com\/tr\/wp-json\/wp\/v2\/pages\/2022"}],"wp:featuredmedia":[{"embeddable":true,"href":"https:\/\/xenum.com\/tr\/wp-json\/wp\/v2\/media\/18207"}],"wp:attachment":[{"href":"https:\/\/xenum.com\/tr\/wp-json\/wp\/v2\/media?parent=2225"}],"curies":[{"name":"wp","href":"https:\/\/api.w.org\/{rel}","templated":true}]}}