{"id":20939,"date":"2023-02-11T13:48:09","date_gmt":"2023-02-11T12:48:09","guid":{"rendered":"https:\/\/xenum.com\/anasayfa\/company\/sustainability\/"},"modified":"2023-03-13T20:16:51","modified_gmt":"2023-03-13T19:16:51","slug":"surdurulebilirlik","status":"publish","type":"page","link":"https:\/\/xenum.com\/tr\/anasayfa\/company\/surdurulebilirlik\/","title":{"rendered":"S\u00fcrd\u00fcr\u00fclebilirlik"},"content":{"rendered":"","protected":false},"excerpt":{"rendered":"","protected":false},"author":10,"featured_media":0,"parent":16148,"menu_order":0,"comment_status":"closed","ping_status":"closed","template":"","meta":{"_acf_changed":false,"inline_featured_image":false,"footnotes":""},"class_list":["post-20939","page","type-page","status-publish","hentry"],"acf":[],"_links":{"self":[{"href":"https:\/\/xenum.com\/tr\/wp-json\/wp\/v2\/pages\/20939","targetHints":{"allow":["GET"]}}],"collection":[{"href":"https:\/\/xenum.com\/tr\/wp-json\/wp\/v2\/pages"}],"about":[{"href":"https:\/\/xenum.com\/tr\/wp-json\/wp\/v2\/types\/page"}],"author":[{"embeddable":true,"href":"https:\/\/xenum.com\/tr\/wp-json\/wp\/v2\/users\/10"}],"replies":[{"embeddable":true,"href":"https:\/\/xenum.com\/tr\/wp-json\/wp\/v2\/comments?post=20939"}],"version-history":[{"count":2,"href":"https:\/\/xenum.com\/tr\/wp-json\/wp\/v2\/pages\/20939\/revisions"}],"predecessor-version":[{"id":20951,"href":"https:\/\/xenum.com\/tr\/wp-json\/wp\/v2\/pages\/20939\/revisions\/20951"}],"up":[{"embeddable":true,"href":"https:\/\/xenum.com\/tr\/wp-json\/wp\/v2\/pages\/16148"}],"wp:attachment":[{"href":"https:\/\/xenum.com\/tr\/wp-json\/wp\/v2\/media?parent=20939"}],"curies":[{"name":"wp","href":"https:\/\/api.w.org\/{rel}","templated":true}]}}