{"id":17499,"date":"2021-08-25T14:26:36","date_gmt":"2021-08-25T14:26:36","guid":{"rendered":"https:\/\/xenum.com\/anasayfa\/products\/oils\/sanziman\/manuel\/x-tran-s-75w140\/"},"modified":"2023-05-16T13:05:31","modified_gmt":"2023-05-16T12:05:31","slug":"x-tran-s-75w140","status":"publish","type":"page","link":"https:\/\/xenum.com\/tr\/anasayfa\/products\/oils\/sanziman\/manuel\/x-tran-s-75w140\/","title":{"rendered":"X-TRAN S 75W140"},"content":{"rendered":"<p>Bu, \u00f6zenle se\u00e7ilmi\u015f y\u00fcksek derecede rafine edilmi\u015f baz ya\u011flara dayanan tam sentetik bir ya\u011flay\u0131c\u0131d\u0131r. \"S\u0131n\u0131rl\u0131 kayma\" mekanizmas\u0131 ile donat\u0131lm\u0131\u015f olanlar da dahil olmak \u00fczere t\u00fcm diferansiyeller i\u00e7in y\u00fcksek performansl\u0131 bir \u015fanz\u0131man ya\u011f\u0131d\u0131r. Farkl\u0131 s\u0131cakl\u0131klarda ola\u011fan\u00fcst\u00fc y\u00fcksek viskozite kararl\u0131l\u0131\u011f\u0131 ve d\u00fc\u015f\u00fck s\u0131cakl\u0131kta \u00e7ok y\u00fcksek ak\u0131\u015fkanl\u0131k ile karakterize edilir.<\/p>\n<h2><strong>\u00d6ZELL\u0130KLER<\/strong><\/h2>\n<ul>\n<li>Y\u00fcksek s\u0131cakl\u0131k y\u00fck\u00fcne kar\u015f\u0131 m\u00fckemmel etkinlik<\/li>\n<li>A\u015f\u0131nma, korozyon ve k\u00f6p\u00fc\u011fe kar\u015f\u0131 \u00e7ok g\u00fc\u00e7l\u00fc etkinlik<\/li>\n<li>D\u00fc\u015f\u00fck akma noktas\u0131<\/li>\n<li>\u00c7ok \u00f6zel a\u015f\u0131r\u0131 bas\u0131n\u00e7 \u00f6zellikleri<\/li>\n<li>Yayg\u0131n olarak kullan\u0131labilir<\/li>\n<\/ul>\n<h2><strong>UYGULAMA<\/strong><\/h2>\n<p>Bu \u00fcr\u00fcn otomobillerin, kamyonlar\u0131n ve arazi ekipmanlar\u0131n\u0131n y\u00fcksek y\u00fckl\u00fc akslar\u0131nda ve red\u00fcksiyon di\u015flilerinde kullan\u0131l\u0131r. \"S\u0131n\u0131rl\u0131 kayma\" \u00f6zelli\u011fine sahiptir ve \u00f6zellikle 4X4 ara\u00e7lar i\u00e7in tavsiye edilir.<\/p>\n<h3><strong>\u00d6ZELL\u0130KLER<\/strong><\/h3>\n<ul>\n<li>API: GL 4+<\/li>\n<li>GL-5<\/li>\n<li>BMW<\/li>\n<li>MIL: MIL-L-2105 E<\/li>\n<li>SCANIA STO 1.0 box<\/li>\n<li>MB 235.8<\/li>\n<li>IVECO<\/li>\n<li>RENAULT<\/li>\n<\/ul>\n<h3><strong>PAKETLEME<\/strong><\/h3>\n<div id=\"the-product-details\" class=\"ct-div-block\">\n<div id=\"text_block-25-15726\" class=\"ct-text-block\">\n<div id=\"the-product-details\" class=\"ct-div-block\">\n<div id=\"text_block-25-15726\" class=\"ct-text-block\">\n<p>12X1L, 4X4L, 4X5L, 20L, 60L, 208L<\/p>\n<\/div>\n<\/div>\n<\/div>\n<\/div>\n","protected":false},"excerpt":{"rendered":"<p>Bu, \u00f6zenle se\u00e7ilmi\u015f y\u00fcksek derecede rafine edilmi\u015f baz ya\u011flara dayanan tam sentetik bir ya\u011flay\u0131c\u0131d\u0131r. \"S\u0131n\u0131rl\u0131 kayma\" mekanizmas\u0131 ile donat\u0131lm\u0131\u015f olanlar da dahil olmak \u00fczere t\u00fcm diferansiyeller i\u00e7in y\u00fcksek performansl\u0131 bir \u015fanz\u0131man ya\u011f\u0131d\u0131r. Farkl\u0131 s\u0131cakl\u0131klarda ola\u011fan\u00fcst\u00fc y\u00fcksek viskozite kararl\u0131l\u0131\u011f\u0131 ve d\u00fc\u015f\u00fck s\u0131cakl\u0131kta \u00e7ok y\u00fcksek ak\u0131\u015fkanl\u0131k ile karakterize edilir. \u00d6ZELL\u0130KLER Y\u00fcksek s\u0131cakl\u0131k y\u00fck\u00fcne kar\u015f\u0131 m\u00fckemmel etkinlik A\u015f\u0131nma, [&hellip;]<\/p>\n","protected":false},"author":1,"featured_media":15489,"parent":763,"menu_order":0,"comment_status":"closed","ping_status":"closed","template":"product-page.php","meta":{"_acf_changed":false,"inline_featured_image":false,"footnotes":""},"class_list":["post-17499","page","type-page","status-publish","has-post-thumbnail","hentry"],"acf":[],"_links":{"self":[{"href":"https:\/\/xenum.com\/tr\/wp-json\/wp\/v2\/pages\/17499","targetHints":{"allow":["GET"]}}],"collection":[{"href":"https:\/\/xenum.com\/tr\/wp-json\/wp\/v2\/pages"}],"about":[{"href":"https:\/\/xenum.com\/tr\/wp-json\/wp\/v2\/types\/page"}],"author":[{"embeddable":true,"href":"https:\/\/xenum.com\/tr\/wp-json\/wp\/v2\/users\/1"}],"replies":[{"embeddable":true,"href":"https:\/\/xenum.com\/tr\/wp-json\/wp\/v2\/comments?post=17499"}],"version-history":[{"count":4,"href":"https:\/\/xenum.com\/tr\/wp-json\/wp\/v2\/pages\/17499\/revisions"}],"predecessor-version":[{"id":22012,"href":"https:\/\/xenum.com\/tr\/wp-json\/wp\/v2\/pages\/17499\/revisions\/22012"}],"up":[{"embeddable":true,"href":"https:\/\/xenum.com\/tr\/wp-json\/wp\/v2\/pages\/763"}],"wp:featuredmedia":[{"embeddable":true,"href":"https:\/\/xenum.com\/tr\/wp-json\/wp\/v2\/media\/15489"}],"wp:attachment":[{"href":"https:\/\/xenum.com\/tr\/wp-json\/wp\/v2\/media?parent=17499"}],"curies":[{"name":"wp","href":"https:\/\/api.w.org\/{rel}","templated":true}]}}