{"id":1717,"date":"2017-07-21T08:45:42","date_gmt":"2017-07-21T08:45:42","guid":{"rendered":"https:\/\/xenum.com\/?page_id=1717"},"modified":"2020-01-07T19:34:30","modified_gmt":"2020-01-07T19:34:30","slug":"x-flush","status":"publish","type":"page","link":"https:\/\/xenum.com\/tr\/anasayfa\/products\/katki-maddeleri\/yakit\/dizel-temizlik-maddeleri\/x-flush\/","title":{"rendered":"X-Flush"},"content":{"rendered":"<p class=\"TEXT\"><span lang=\"TR\">Karbon tortular\u0131n\u0131, yanmma odas\u0131, enjekt\u00f6r pompas\u0131 ve enjekt\u00f6rlerden direkt ve m\u00fckemmel olarak temizleyebilen, y\u00fcksek etkili ve konsantre bir \u00fcr\u00fcnd\u00fcr. Dizel motorun yak\u0131t enjeksiyonunu ve genel performans\u0131n\u0131 geli\u015ftirir.<\/span><\/p>\n<p><strong>\u00d6zellikler:<\/strong><\/p>\n<ul>\n<li>Daha sessiz ve titre\u015fimsiz yumu\u015fak \u00e7al\u0131\u015fma<\/li>\n<li>Yak\u0131t ekonomisinde art\u0131\u015f<\/li>\n<li>Motor dinami\u011fi ve g\u00fc\u00e7te art\u0131\u015f<\/li>\n<li>Zararl\u0131 egzost gazlar\u0131 ve dumanda azalma<\/li>\n<li>P.Filtre ve Katatilik Konverterler i\u00e7in g\u00fcvenlidir<\/li>\n<li>EGR sisteminin temiz kalmas\u0131n\u0131 sa\u011flar<\/li>\n<li>P.Filtre rejenerasyonuna yard\u0131mc\u0131 olur<\/li>\n<\/ul>\n<p><strong>Uygulama:<\/strong><\/p>\n<p class=\"TEXT\"><span lang=\"TR\">Problem \u00e7\u00f6z\u00fcm\u00fc ve koruma ama\u00e7l\u0131 kullan\u0131l\u0131r. T\u00fcm tipte DPF\u2019li ve kataliz\u00f6rl\u00fc yeni jenerasyonlarda dahil dizel motorlarla uyumludur.<\/span><\/p>\n<p><strong>Available in:<\/strong><\/p>\n<ul>\n<li>500 ML CAN - REF. 3062500<\/li>\n<li>5 L \u2013 REF. 3062005<\/li>\n<\/ul>\n","protected":false},"excerpt":{"rendered":"<p>Karbon tortular\u0131n\u0131, yanmma odas\u0131, enjekt\u00f6r pompas\u0131 ve enjekt\u00f6rlerden direkt ve m\u00fckemmel olarak temizleyebilen, y\u00fcksek etkili ve konsantre bir \u00fcr\u00fcnd\u00fcr. Dizel motorun yak\u0131t enjeksiyonunu ve genel performans\u0131n\u0131 geli\u015ftirir. \u00d6zellikler: Daha sessiz ve titre\u015fimsiz yumu\u015fak \u00e7al\u0131\u015fma Yak\u0131t ekonomisinde art\u0131\u015f Motor dinami\u011fi ve g\u00fc\u00e7te art\u0131\u015f Zararl\u0131 egzost gazlar\u0131 ve dumanda azalma P.Filtre ve Katatilik Konverterler i\u00e7in g\u00fcvenlidir EGR [&hellip;]<\/p>\n","protected":false},"author":1,"featured_media":23634,"parent":1195,"menu_order":0,"comment_status":"closed","ping_status":"closed","template":"product-page.php","meta":{"_acf_changed":false,"inline_featured_image":false,"footnotes":""},"class_list":["post-1717","page","type-page","status-publish","has-post-thumbnail","hentry"],"acf":[],"_links":{"self":[{"href":"https:\/\/xenum.com\/tr\/wp-json\/wp\/v2\/pages\/1717","targetHints":{"allow":["GET"]}}],"collection":[{"href":"https:\/\/xenum.com\/tr\/wp-json\/wp\/v2\/pages"}],"about":[{"href":"https:\/\/xenum.com\/tr\/wp-json\/wp\/v2\/types\/page"}],"author":[{"embeddable":true,"href":"https:\/\/xenum.com\/tr\/wp-json\/wp\/v2\/users\/1"}],"replies":[{"embeddable":true,"href":"https:\/\/xenum.com\/tr\/wp-json\/wp\/v2\/comments?post=1717"}],"version-history":[{"count":5,"href":"https:\/\/xenum.com\/tr\/wp-json\/wp\/v2\/pages\/1717\/revisions"}],"predecessor-version":[{"id":9218,"href":"https:\/\/xenum.com\/tr\/wp-json\/wp\/v2\/pages\/1717\/revisions\/9218"}],"up":[{"embeddable":true,"href":"https:\/\/xenum.com\/tr\/wp-json\/wp\/v2\/pages\/1195"}],"wp:featuredmedia":[{"embeddable":true,"href":"https:\/\/xenum.com\/tr\/wp-json\/wp\/v2\/media\/23634"}],"wp:attachment":[{"href":"https:\/\/xenum.com\/tr\/wp-json\/wp\/v2\/media?parent=1717"}],"curies":[{"name":"wp","href":"https:\/\/api.w.org\/{rel}","templated":true}]}}