{"id":1703,"date":"2017-07-21T08:37:17","date_gmt":"2017-07-21T08:37:17","guid":{"rendered":"https:\/\/xenum.com\/?page_id=1703"},"modified":"2020-11-19T11:25:22","modified_gmt":"2020-11-19T11:25:22","slug":"complex-diesel-system-cleaner","status":"publish","type":"page","link":"https:\/\/xenum.com\/tr\/anasayfa\/products\/katki-maddeleri\/yakit\/dizel-temizlik-maddeleri\/complex-diesel-system-cleaner\/","title":{"rendered":"Complex Diesel System Cleaner"},"content":{"rendered":"<p class=\"TEXT\"><span lang=\"TR\">Dizel motorun genel performans\u0131n\u0131, egzost sistemini ve yak\u0131t enjeksiyonunu geli\u015ftirir.<\/span><\/p>\n<h2><strong>\u00d6zellikler<\/strong><\/h2>\n<ul>\n<li>Yak\u0131t sistemini ve enjekt\u00f6rleri temizler ve ya\u011flar<\/li>\n<li>EGR ve DPF sistemlerinin temiz kalmas\u0131n\u0131 sa\u011flar<\/li>\n<li>Yak\u0131t tank\u0131nda bulunabilen suyu n\u00f6tralize eder<\/li>\n<li>Yak\u0131t sistemini korozyondan korur<\/li>\n<li>Yak\u0131t pompas\u0131n\u0131 a\u015f\u0131nmaya kar\u015f\u0131 korur<\/li>\n<li>Enjekt\u00f6r tak\u0131lmalar\u0131n\u0131 \u00f6nler<\/li>\n<li>Setan de\u011ferini y\u00fckselterek dengeli ve yumu\u015fak yanmaya \u00f6nc\u00fcl\u00fck eder<\/li>\n<li>Yak\u0131t ekonomisinde iyile\u015fme ve motora d\u00fczenli \u00e7al\u0131\u015fma sa\u011flar<\/li>\n<li>Duman ve zehirli emisyonlar\u0131 azalt\u0131r<\/li>\n<\/ul>\n<h2><strong>Uygulama<\/strong><\/h2>\n<ul>\n<li>\n<p class=\"TEXT\"><span lang=\"TR\">Koruma yada problem \u00e7\u00f6z\u00fcm\u00fc ama\u00e7l\u0131 uygulan\u0131r<\/span><\/p>\n<\/li>\n<li>\n<p class=\"TEXT\"><span lang=\"TR\">T\u00fcm tipte dizel motorlarda kullan\u0131l\u0131r<\/span><\/p>\n<\/li>\n<\/ul>\n<h3><strong>Available in<\/strong><\/h3>\n<p>300 ML CAN \u2013 REF. 3031301<\/p>\n","protected":false},"excerpt":{"rendered":"<p>Dizel motorun genel performans\u0131n\u0131, egzost sistemini ve yak\u0131t enjeksiyonunu geli\u015ftirir. \u00d6zellikler Yak\u0131t sistemini ve enjekt\u00f6rleri temizler ve ya\u011flar EGR ve DPF sistemlerinin temiz kalmas\u0131n\u0131 sa\u011flar Yak\u0131t tank\u0131nda bulunabilen suyu n\u00f6tralize eder Yak\u0131t sistemini korozyondan korur Yak\u0131t pompas\u0131n\u0131 a\u015f\u0131nmaya kar\u015f\u0131 korur Enjekt\u00f6r tak\u0131lmalar\u0131n\u0131 \u00f6nler Setan de\u011ferini y\u00fckselterek dengeli ve yumu\u015fak yanmaya \u00f6nc\u00fcl\u00fck eder Yak\u0131t ekonomisinde iyile\u015fme [&hellip;]<\/p>\n","protected":false},"author":1,"featured_media":25313,"parent":1195,"menu_order":0,"comment_status":"closed","ping_status":"closed","template":"product-page.php","meta":{"_acf_changed":false,"inline_featured_image":false,"footnotes":""},"class_list":["post-1703","page","type-page","status-publish","has-post-thumbnail","hentry"],"acf":[],"_links":{"self":[{"href":"https:\/\/xenum.com\/tr\/wp-json\/wp\/v2\/pages\/1703","targetHints":{"allow":["GET"]}}],"collection":[{"href":"https:\/\/xenum.com\/tr\/wp-json\/wp\/v2\/pages"}],"about":[{"href":"https:\/\/xenum.com\/tr\/wp-json\/wp\/v2\/types\/page"}],"author":[{"embeddable":true,"href":"https:\/\/xenum.com\/tr\/wp-json\/wp\/v2\/users\/1"}],"replies":[{"embeddable":true,"href":"https:\/\/xenum.com\/tr\/wp-json\/wp\/v2\/comments?post=1703"}],"version-history":[{"count":5,"href":"https:\/\/xenum.com\/tr\/wp-json\/wp\/v2\/pages\/1703\/revisions"}],"predecessor-version":[{"id":9130,"href":"https:\/\/xenum.com\/tr\/wp-json\/wp\/v2\/pages\/1703\/revisions\/9130"}],"up":[{"embeddable":true,"href":"https:\/\/xenum.com\/tr\/wp-json\/wp\/v2\/pages\/1195"}],"wp:featuredmedia":[{"embeddable":true,"href":"https:\/\/xenum.com\/tr\/wp-json\/wp\/v2\/media\/25313"}],"wp:attachment":[{"href":"https:\/\/xenum.com\/tr\/wp-json\/wp\/v2\/media?parent=1703"}],"curies":[{"name":"wp","href":"https:\/\/api.w.org\/{rel}","templated":true}]}}