{"id":1677,"date":"2017-07-20T18:04:00","date_gmt":"2017-07-20T18:04:00","guid":{"rendered":"https:\/\/xenum.com\/?page_id=1677"},"modified":"2019-08-02T13:26:20","modified_gmt":"2019-08-02T13:26:20","slug":"ultimax-diesel","status":"publish","type":"page","link":"https:\/\/xenum.com\/tr\/anasayfa\/products\/katki-maddeleri\/yakit\/dizel-temizlik-maddeleri\/ultimax-diesel\/","title":{"rendered":"Ultimax Diesel"},"content":{"rendered":"<p class=\"TEXT\"><span lang=\"TR\">ULTIMAX DIESEL D.P. Filtreli yeni nesil, modern motorlar i\u00e7in \u00f6zel olarak Xenum taraf\u0131ndan geli\u015ftirilmi\u015ftir.<\/span><\/p>\n<ul>\n<li class=\"TEXT\"><span lang=\"TR\">Enjeksiyon sistemi ve yak\u0131t enjekt\u00f6rlerinde g\u00fc\u00e7l\u00fc temizlik sa\u011flar.<\/span><\/li>\n<li class=\"TEXT\"><span lang=\"TR\">Yak\u0131t\u0131n setan de\u011ferini y\u00fckseltir.<\/span><\/li>\n<li class=\"TEXT\"><span lang=\"TR\">Turbo ve D.P.Filtre \u00fczerinde hafif temizlik sa\u011flar.<\/span><\/li>\n<\/ul>\n<p><strong>\u00d6zellikler:<\/strong><\/p>\n<ul>\n<li>Yak\u0131t ekonomisinde art\u0131\u015f<\/li>\n<li>Sorunsuz Katalitik konverter ve D.P. Filtre<\/li>\n<li>Motor dinami\u011fi, g\u00fcc\u00fc ve \u00e7al\u0131\u015fmas\u0131n\u0131 geli\u015ftirir<\/li>\n<li>Turbo ve egzost sistemini temiz tutar<\/li>\n<li>Zararl\u0131 egzost gazlar\u0131 ve duman\u0131 azalt\u0131r<\/li>\n<li>Emme sistemi ve EGR valfini tortulardan korur<\/li>\n<li>Yak\u0131t sistemini korozyondan korur<\/li>\n<li>Depoda bulunabilen suyu n\u00f6tralize eder<\/li>\n<\/ul>\n<p><strong>Uygulama:<\/strong><\/p>\n<p class=\"TEXT\"><span lang=\"TR\">Biodizellerde dahil, DPF\u2019li, katalitik konverterli yeni jenerasyonlarda dahil t\u00fcm tipte dizel motorlarda kullan\u0131l\u0131r.<\/span><\/p>\n<p><strong>Available in:<\/strong><\/p>\n<p>300 ML CAN \u2013 REF. 3222350<\/p>\n","protected":false},"excerpt":{"rendered":"<p>ULTIMAX DIESEL D.P. Filtreli yeni nesil, modern motorlar i\u00e7in \u00f6zel olarak Xenum taraf\u0131ndan geli\u015ftirilmi\u015ftir. Enjeksiyon sistemi ve yak\u0131t enjekt\u00f6rlerinde g\u00fc\u00e7l\u00fc temizlik sa\u011flar. Yak\u0131t\u0131n setan de\u011ferini y\u00fckseltir. Turbo ve D.P.Filtre \u00fczerinde hafif temizlik sa\u011flar. \u00d6zellikler: Yak\u0131t ekonomisinde art\u0131\u015f Sorunsuz Katalitik konverter ve D.P. Filtre Motor dinami\u011fi, g\u00fcc\u00fc ve \u00e7al\u0131\u015fmas\u0131n\u0131 geli\u015ftirir Turbo ve egzost sistemini temiz tutar [&hellip;]<\/p>\n","protected":false},"author":1,"featured_media":9061,"parent":1195,"menu_order":0,"comment_status":"closed","ping_status":"closed","template":"product-page.php","meta":{"_acf_changed":false,"inline_featured_image":false,"footnotes":""},"class_list":["post-1677","page","type-page","status-publish","has-post-thumbnail","hentry"],"acf":[],"_links":{"self":[{"href":"https:\/\/xenum.com\/tr\/wp-json\/wp\/v2\/pages\/1677","targetHints":{"allow":["GET"]}}],"collection":[{"href":"https:\/\/xenum.com\/tr\/wp-json\/wp\/v2\/pages"}],"about":[{"href":"https:\/\/xenum.com\/tr\/wp-json\/wp\/v2\/types\/page"}],"author":[{"embeddable":true,"href":"https:\/\/xenum.com\/tr\/wp-json\/wp\/v2\/users\/1"}],"replies":[{"embeddable":true,"href":"https:\/\/xenum.com\/tr\/wp-json\/wp\/v2\/comments?post=1677"}],"version-history":[{"count":6,"href":"https:\/\/xenum.com\/tr\/wp-json\/wp\/v2\/pages\/1677\/revisions"}],"predecessor-version":[{"id":8878,"href":"https:\/\/xenum.com\/tr\/wp-json\/wp\/v2\/pages\/1677\/revisions\/8878"}],"up":[{"embeddable":true,"href":"https:\/\/xenum.com\/tr\/wp-json\/wp\/v2\/pages\/1195"}],"wp:featuredmedia":[{"embeddable":true,"href":"https:\/\/xenum.com\/tr\/wp-json\/wp\/v2\/media\/9061"}],"wp:attachment":[{"href":"https:\/\/xenum.com\/tr\/wp-json\/wp\/v2\/media?parent=1677"}],"curies":[{"name":"wp","href":"https:\/\/api.w.org\/{rel}","templated":true}]}}