{"id":1661,"date":"2017-07-20T17:52:18","date_gmt":"2017-07-20T17:52:18","guid":{"rendered":"https:\/\/xenum.com\/?page_id=1661"},"modified":"2019-07-31T15:53:38","modified_gmt":"2019-07-31T15:53:38","slug":"dpf-pro","status":"publish","type":"page","link":"https:\/\/xenum.com\/tr\/anasayfa\/products\/katki-maddeleri\/yakit\/dizel-temizlik-maddeleri\/dpf-pro\/","title":{"rendered":"DPF PRO"},"content":{"rendered":"<p>DPF PRO, pasif rejenerasyonu geli\u015ftirmesi, DP Filtre, katalitik konverter ve turbo hareketli kanat\u00e7\u0131klar\u0131n\u0131 temizlemesi amac\u0131 ile Xenum taraf\u0131ndan geli\u015ftirilmi\u015f profesyonel bir \u00fcr\u00fcnd\u00fcr.<\/p>\n<h2><strong>\u00d6zellikler<\/strong><\/h2>\n<ul>\n<li>DP Filtre ve Katalitik sistemin sorunlar\u0131n\u0131 \u00f6nler<\/li>\n<li>Turbo kompres\u00f6r\u00fcn performans\u0131n\u0131 iyile\u015ftirir<\/li>\n<li>G\u00fcc\u00fc artt\u0131r\u0131r<\/li>\n<li>Yak\u0131t ekonomisini geli\u015ftirir<\/li>\n<li>Daha yumu\u015fak \u00e7al\u0131\u015fma sa\u011flar<\/li>\n<li>Zararl\u0131 egzost gazlar\u0131 ve duman\u0131 azalt\u0131r<\/li>\n<\/ul>\n<h2><strong>Uygulama<\/strong><\/h2>\n<ul>\n<li>\n<p class=\"TEXT\"><span lang=\"TR\">\u00dcr\u00fcn koruma ve problem \u00e7\u00f6z\u00fcm\u00fc ama\u00e7l\u0131 kullan\u0131l\u0131r<\/span><\/p>\n<\/li>\n<li>\n<p class=\"TEXT\">Yeni jenerasyonlarda dahil t\u00fcm tipte dizel motorlarda kullan\u0131l\u0131r. DPf\u2019nin s\u00f6k\u00fclmesini gerektirmez<\/p>\n<\/li>\n<\/ul>\n<h3><strong>Available in<\/strong><\/h3>\n<ul>\n<li>350 ML CAN - REF. 3215350<\/li>\n<\/ul>\n","protected":false},"excerpt":{"rendered":"<p>DPF PRO, pasif rejenerasyonu geli\u015ftirmesi, DP Filtre, katalitik konverter ve turbo hareketli kanat\u00e7\u0131klar\u0131n\u0131 temizlemesi amac\u0131 ile Xenum taraf\u0131ndan geli\u015ftirilmi\u015f profesyonel bir \u00fcr\u00fcnd\u00fcr. \u00d6zellikler DP Filtre ve Katalitik sistemin sorunlar\u0131n\u0131 \u00f6nler Turbo kompres\u00f6r\u00fcn performans\u0131n\u0131 iyile\u015ftirir G\u00fcc\u00fc artt\u0131r\u0131r Yak\u0131t ekonomisini geli\u015ftirir Daha yumu\u015fak \u00e7al\u0131\u015fma sa\u011flar Zararl\u0131 egzost gazlar\u0131 ve duman\u0131 azalt\u0131r Uygulama \u00dcr\u00fcn koruma ve problem \u00e7\u00f6z\u00fcm\u00fc [&hellip;]<\/p>\n","protected":false},"author":1,"featured_media":19712,"parent":1195,"menu_order":0,"comment_status":"closed","ping_status":"closed","template":"product-page.php","meta":{"_acf_changed":false,"inline_featured_image":false,"footnotes":""},"class_list":["post-1661","page","type-page","status-publish","has-post-thumbnail","hentry"],"acf":[],"_links":{"self":[{"href":"https:\/\/xenum.com\/tr\/wp-json\/wp\/v2\/pages\/1661","targetHints":{"allow":["GET"]}}],"collection":[{"href":"https:\/\/xenum.com\/tr\/wp-json\/wp\/v2\/pages"}],"about":[{"href":"https:\/\/xenum.com\/tr\/wp-json\/wp\/v2\/types\/page"}],"author":[{"embeddable":true,"href":"https:\/\/xenum.com\/tr\/wp-json\/wp\/v2\/users\/1"}],"replies":[{"embeddable":true,"href":"https:\/\/xenum.com\/tr\/wp-json\/wp\/v2\/comments?post=1661"}],"version-history":[{"count":5,"href":"https:\/\/xenum.com\/tr\/wp-json\/wp\/v2\/pages\/1661\/revisions"}],"predecessor-version":[{"id":8113,"href":"https:\/\/xenum.com\/tr\/wp-json\/wp\/v2\/pages\/1661\/revisions\/8113"}],"up":[{"embeddable":true,"href":"https:\/\/xenum.com\/tr\/wp-json\/wp\/v2\/pages\/1195"}],"wp:featuredmedia":[{"embeddable":true,"href":"https:\/\/xenum.com\/tr\/wp-json\/wp\/v2\/media\/19712"}],"wp:attachment":[{"href":"https:\/\/xenum.com\/tr\/wp-json\/wp\/v2\/media?parent=1661"}],"curies":[{"name":"wp","href":"https:\/\/api.w.org\/{rel}","templated":true}]}}