{"id":1572,"date":"2017-07-19T14:46:28","date_gmt":"2017-07-19T14:46:28","guid":{"rendered":"https:\/\/xenum.com\/?page_id=1572"},"modified":"2019-08-02T12:41:28","modified_gmt":"2019-08-02T12:41:28","slug":"mg-gear","status":"publish","type":"page","link":"https:\/\/xenum.com\/tr\/anasayfa\/products\/katki-maddeleri\/sanziman\/mg-gear\/","title":{"rendered":"MG GEAR"},"content":{"rendered":"<p class=\"TEXT\"><span lang=\"TR\">MG GEAR yeni nesil manuel \u015fanz\u0131man ya\u011flar\u0131 i\u00e7in geli\u015ftirilmi\u015f, s\u00fcrt\u00fcnme ve a\u015f\u0131nmay\u0131 azalt\u0131c\u0131 bir katk\u0131d\u0131r. Karbon Grafit ve Mo Complex (Likit Molibdenum) komponentlerden olu\u015fan \u00fcr\u00fcn y\u00fcksek bas\u0131nca dayan\u0131kl\u0131 bir film katman\u0131 olu\u015fturur.<\/span><\/p>\n<h2><strong>\u00d6zellikler<\/strong><\/h2>\n<ul>\n<li>Daha yumu\u015fak vites ge\u00e7i\u015fleri<\/li>\n<li>\u015eanz\u0131man performans\u0131nda y\u00fckselme<\/li>\n<li>\u015eanz\u0131mana sessiz \u00e7al\u0131\u015fma sa\u011flar<\/li>\n<li>S\u00fcrt\u00fcnme ve a\u015f\u0131nmada \u00f6nemli derecede azalma<\/li>\n<li>\u015eanz\u0131man \u00f6mr\u00fcnde hat\u0131r\u0131 say\u0131l\u0131r iyile\u015fme<\/li>\n<\/ul>\n<h2><strong>Uygulama<\/strong><\/h2>\n<p class=\"TEXT\"><span lang=\"TR\">T\u00fcm manuel \u015fanz\u0131manlar, arazi \u015fanz\u0131manlar\u0131 ve defransiyellerde kullan\u0131l\u0131r. Otomatik ve CVT \u015fanz\u0131manlarda kullan\u0131lamaz.<\/span><\/p>\n<h2><strong>Available in<\/strong><\/h2>\n<p>100 ML TUBE \u2013 REF. 3383100<\/p>\n","protected":false},"excerpt":{"rendered":"<p>MG GEAR yeni nesil manuel \u015fanz\u0131man ya\u011flar\u0131 i\u00e7in geli\u015ftirilmi\u015f, s\u00fcrt\u00fcnme ve a\u015f\u0131nmay\u0131 azalt\u0131c\u0131 bir katk\u0131d\u0131r. Karbon Grafit ve Mo Complex (Likit Molibdenum) komponentlerden olu\u015fan \u00fcr\u00fcn y\u00fcksek bas\u0131nca dayan\u0131kl\u0131 bir film katman\u0131 olu\u015fturur. \u00d6zellikler Daha yumu\u015fak vites ge\u00e7i\u015fleri \u015eanz\u0131man performans\u0131nda y\u00fckselme \u015eanz\u0131mana sessiz \u00e7al\u0131\u015fma sa\u011flar S\u00fcrt\u00fcnme ve a\u015f\u0131nmada \u00f6nemli derecede azalma \u015eanz\u0131man \u00f6mr\u00fcnde hat\u0131r\u0131 say\u0131l\u0131r iyile\u015fme [&hellip;]<\/p>\n","protected":false},"author":1,"featured_media":25323,"parent":1116,"menu_order":0,"comment_status":"closed","ping_status":"closed","template":"product-page.php","meta":{"_acf_changed":false,"inline_featured_image":false,"footnotes":""},"class_list":["post-1572","page","type-page","status-publish","has-post-thumbnail","hentry"],"acf":[],"_links":{"self":[{"href":"https:\/\/xenum.com\/tr\/wp-json\/wp\/v2\/pages\/1572","targetHints":{"allow":["GET"]}}],"collection":[{"href":"https:\/\/xenum.com\/tr\/wp-json\/wp\/v2\/pages"}],"about":[{"href":"https:\/\/xenum.com\/tr\/wp-json\/wp\/v2\/types\/page"}],"author":[{"embeddable":true,"href":"https:\/\/xenum.com\/tr\/wp-json\/wp\/v2\/users\/1"}],"replies":[{"embeddable":true,"href":"https:\/\/xenum.com\/tr\/wp-json\/wp\/v2\/comments?post=1572"}],"version-history":[{"count":5,"href":"https:\/\/xenum.com\/tr\/wp-json\/wp\/v2\/pages\/1572\/revisions"}],"predecessor-version":[{"id":8019,"href":"https:\/\/xenum.com\/tr\/wp-json\/wp\/v2\/pages\/1572\/revisions\/8019"}],"up":[{"embeddable":true,"href":"https:\/\/xenum.com\/tr\/wp-json\/wp\/v2\/pages\/1116"}],"wp:featuredmedia":[{"embeddable":true,"href":"https:\/\/xenum.com\/tr\/wp-json\/wp\/v2\/media\/25323"}],"wp:attachment":[{"href":"https:\/\/xenum.com\/tr\/wp-json\/wp\/v2\/media?parent=1572"}],"curies":[{"name":"wp","href":"https:\/\/api.w.org\/{rel}","templated":true}]}}