{"id":1556,"date":"2017-07-19T14:32:03","date_gmt":"2017-07-19T14:32:03","guid":{"rendered":"https:\/\/xenum.com\/?page_id=1556"},"modified":"2021-10-01T07:51:06","modified_gmt":"2021-10-01T07:51:06","slug":"vrx-gear","status":"publish","type":"page","link":"https:\/\/xenum.com\/tr\/anasayfa\/products\/katki-maddeleri\/sanziman\/vrx-gear\/","title":{"rendered":"VRX GEAR"},"content":{"rendered":"<p>VX GEAR yeni nesil \u015fanz\u0131manlar, arazi \u015fanz\u0131manlar\u0131 ve defransiyeller i\u00e7in geli\u015ftirilmi\u015f, s\u00fcrt\u00fcnme ve a\u015f\u0131nmay\u0131 azalt\u0131c\u0131 bir katk\u0131d\u0131r.Y\u00fczey aktif maddeler ve complex ester ya\u011f i\u00e7erisinde yay\u0131lm\u0131\u015f mikro seramik partik\u00fcller a\u015f\u0131r\u0131 ge\u00e7irimsiz, koruyucu ve y\u00fcksek bas\u0131n\u00e7 dayan\u0131ml\u0131 g\u00fc\u00e7l\u00fc bir film tabakas\u0131 olu\u015fturarak sistemi etkili \u015fekilde muhafaza eder.<\/p>\n<p><strong>\u00d6zellikler:<\/strong><\/p>\n<ul>\n<li>S\u00fcrt\u00fcnme ve a\u015f\u0131nmada \u00f6nemli derecede azalma<\/li>\n<li>Yumu\u015fak vites ge\u00e7i\u015fleri<\/li>\n<li>Sessiz \u00e7al\u0131\u015fma<\/li>\n<li>G\u00fc\u00e7 ve yak\u0131t ekonomisinde art\u0131\u015f<\/li>\n<li>\u015eanz\u0131man \u00f6mr\u00fcnde hat\u0131r\u0131 say\u0131l\u0131r iyile\u015fme<\/li>\n<\/ul>\n<p><strong>\u00d6zellikler:<\/strong><\/p>\n<p class=\"TEXT\"><span lang=\"TR\">T\u00fcm manuel \u015fanz\u0131manlar, arazi \u015fanz\u0131manlar\u0131 ve defransiyellerde kullan\u0131l\u0131r. Otomatik ve CVT \u015fanz\u0131manlarda kullan\u0131lamaz.<\/span><\/p>\n<p><strong>Available in:<\/strong><\/p>\n<p>200 ML TUBE \u2013 REF. 3130150<\/p>\n<p>1 L BOTTLE \u2013 REF. 3291001<\/p>\n","protected":false},"excerpt":{"rendered":"<p>VX GEAR yeni nesil \u015fanz\u0131manlar, arazi \u015fanz\u0131manlar\u0131 ve defransiyeller i\u00e7in geli\u015ftirilmi\u015f, s\u00fcrt\u00fcnme ve a\u015f\u0131nmay\u0131 azalt\u0131c\u0131 bir katk\u0131d\u0131r.Y\u00fczey aktif maddeler ve complex ester ya\u011f i\u00e7erisinde yay\u0131lm\u0131\u015f mikro seramik partik\u00fcller a\u015f\u0131r\u0131 ge\u00e7irimsiz, koruyucu ve y\u00fcksek bas\u0131n\u00e7 dayan\u0131ml\u0131 g\u00fc\u00e7l\u00fc bir film tabakas\u0131 olu\u015fturarak sistemi etkili \u015fekilde muhafaza eder. \u00d6zellikler: S\u00fcrt\u00fcnme ve a\u015f\u0131nmada \u00f6nemli derecede azalma Yumu\u015fak vites ge\u00e7i\u015fleri [&hellip;]<\/p>\n","protected":false},"author":1,"featured_media":11294,"parent":1116,"menu_order":0,"comment_status":"closed","ping_status":"closed","template":"product-page.php","meta":{"_acf_changed":false,"inline_featured_image":false,"footnotes":""},"class_list":["post-1556","page","type-page","status-publish","has-post-thumbnail","hentry"],"acf":[],"_links":{"self":[{"href":"https:\/\/xenum.com\/tr\/wp-json\/wp\/v2\/pages\/1556","targetHints":{"allow":["GET"]}}],"collection":[{"href":"https:\/\/xenum.com\/tr\/wp-json\/wp\/v2\/pages"}],"about":[{"href":"https:\/\/xenum.com\/tr\/wp-json\/wp\/v2\/types\/page"}],"author":[{"embeddable":true,"href":"https:\/\/xenum.com\/tr\/wp-json\/wp\/v2\/users\/1"}],"replies":[{"embeddable":true,"href":"https:\/\/xenum.com\/tr\/wp-json\/wp\/v2\/comments?post=1556"}],"version-history":[{"count":5,"href":"https:\/\/xenum.com\/tr\/wp-json\/wp\/v2\/pages\/1556\/revisions"}],"predecessor-version":[{"id":8010,"href":"https:\/\/xenum.com\/tr\/wp-json\/wp\/v2\/pages\/1556\/revisions\/8010"}],"up":[{"embeddable":true,"href":"https:\/\/xenum.com\/tr\/wp-json\/wp\/v2\/pages\/1116"}],"wp:featuredmedia":[{"embeddable":true,"href":"https:\/\/xenum.com\/tr\/wp-json\/wp\/v2\/media\/11294"}],"wp:attachment":[{"href":"https:\/\/xenum.com\/tr\/wp-json\/wp\/v2\/media?parent=1556"}],"curies":[{"name":"wp","href":"https:\/\/api.w.org\/{rel}","templated":true}]}}