{"id":1539,"date":"2017-07-19T14:23:56","date_gmt":"2017-07-19T14:23:56","guid":{"rendered":"https:\/\/xenum.com\/?page_id=1539"},"modified":"2019-01-17T09:12:54","modified_gmt":"2019-01-17T09:12:54","slug":"xp-100","status":"publish","type":"page","link":"https:\/\/xenum.com\/tr\/anasayfa\/products\/katki-maddeleri\/hidrolik-sistem\/xp-100\/","title":{"rendered":"XP 100"},"content":{"rendered":"<p class=\"TEXT\"><span lang=\"TR\">XP 100 sentetik bazl\u0131 hidrolik direksiyon ya\u011f\u0131 katk\u0131s\u0131d\u0131r. \u00dcr\u00fcn benzersiz sentetik ester komplex s\u0131v\u0131s\u0131 ve y\u00fcksek teknolojili performans kat\u0131klar\u0131n\u0131n olu\u015fturdu\u011fu sinerji ile mevcut direksiyon ya\u011f\u0131n\u0131n termal ve oksidatif dengesini sa\u011flad\u0131\u011f\u0131 gibi performans\u0131n\u0131da hissedilir derecede geli\u015ftirir.<\/span><\/p>\n<h2><strong>\u00d6zellikler<\/strong><\/h2>\n<ul>\n<li>Daha yumu\u015fak kullan\u0131m<\/li>\n<li>S\u00fcrt\u00fcnme ve a\u015f\u0131nmada inan\u0131lmaz azalma<\/li>\n<li>Titre\u015fim ve seslerde azalma<\/li>\n<li>Ka\u00e7aklar\u0131 \u00f6nler<\/li>\n<li>Oksidasyon korumas\u0131 sa\u011flar<\/li>\n<li>A\u015f\u0131r\u0131 \u0131s\u0131nmay\u0131 \u00f6nler<\/li>\n<\/ul>\n<h2><strong>Uygulama<\/strong><\/h2>\n<ul>\n<li>\n<p class=\"TEXT\"><span lang=\"TR\">OEM\u2019ler taraf\u0131ndan \u00f6nerilen t\u00fcm hidrolik direksiyon ya\u011flar\u0131 ile uyumludur.<\/span><\/p>\n<\/li>\n<\/ul>\n<h3><strong>Available in<\/strong><\/h3>\n<p>100 ML \u2013 REF. 3246100<\/p>\n","protected":false},"excerpt":{"rendered":"<p>XP 100 sentetik bazl\u0131 hidrolik direksiyon ya\u011f\u0131 katk\u0131s\u0131d\u0131r. \u00dcr\u00fcn benzersiz sentetik ester komplex s\u0131v\u0131s\u0131 ve y\u00fcksek teknolojili performans kat\u0131klar\u0131n\u0131n olu\u015fturdu\u011fu sinerji ile mevcut direksiyon ya\u011f\u0131n\u0131n termal ve oksidatif dengesini sa\u011flad\u0131\u011f\u0131 gibi performans\u0131n\u0131da hissedilir derecede geli\u015ftirir. \u00d6zellikler Daha yumu\u015fak kullan\u0131m S\u00fcrt\u00fcnme ve a\u015f\u0131nmada inan\u0131lmaz azalma Titre\u015fim ve seslerde azalma Ka\u00e7aklar\u0131 \u00f6nler Oksidasyon korumas\u0131 sa\u011flar A\u015f\u0131r\u0131 \u0131s\u0131nmay\u0131 [&hellip;]<\/p>\n","protected":false},"author":1,"featured_media":247,"parent":1081,"menu_order":0,"comment_status":"closed","ping_status":"closed","template":"product-page.php","meta":{"_acf_changed":false,"inline_featured_image":false,"footnotes":""},"class_list":["post-1539","page","type-page","status-publish","has-post-thumbnail","hentry"],"acf":[],"_links":{"self":[{"href":"https:\/\/xenum.com\/tr\/wp-json\/wp\/v2\/pages\/1539","targetHints":{"allow":["GET"]}}],"collection":[{"href":"https:\/\/xenum.com\/tr\/wp-json\/wp\/v2\/pages"}],"about":[{"href":"https:\/\/xenum.com\/tr\/wp-json\/wp\/v2\/types\/page"}],"author":[{"embeddable":true,"href":"https:\/\/xenum.com\/tr\/wp-json\/wp\/v2\/users\/1"}],"replies":[{"embeddable":true,"href":"https:\/\/xenum.com\/tr\/wp-json\/wp\/v2\/comments?post=1539"}],"version-history":[{"count":5,"href":"https:\/\/xenum.com\/tr\/wp-json\/wp\/v2\/pages\/1539\/revisions"}],"predecessor-version":[{"id":8035,"href":"https:\/\/xenum.com\/tr\/wp-json\/wp\/v2\/pages\/1539\/revisions\/8035"}],"up":[{"embeddable":true,"href":"https:\/\/xenum.com\/tr\/wp-json\/wp\/v2\/pages\/1081"}],"wp:featuredmedia":[{"embeddable":true,"href":"https:\/\/xenum.com\/tr\/wp-json\/wp\/v2\/media\/247"}],"wp:attachment":[{"href":"https:\/\/xenum.com\/tr\/wp-json\/wp\/v2\/media?parent=1539"}],"curies":[{"name":"wp","href":"https:\/\/api.w.org\/{rel}","templated":true}]}}