{"id":1485,"date":"2017-07-19T11:59:58","date_gmt":"2017-07-19T11:59:58","guid":{"rendered":"https:\/\/xenum.com\/?page_id=1485"},"modified":"2023-02-25T12:04:34","modified_gmt":"2023-02-25T11:04:34","slug":"m-flush","status":"publish","type":"page","link":"https:\/\/xenum.com\/tr\/anasayfa\/products\/katki-maddeleri\/motor-yagi\/m-flush\/","title":{"rendered":"M-Flush"},"content":{"rendered":"\n<p><span lang=\"TR\">Ya\u011f de\u011fi\u015fimi \u00f6ncesi, t\u00fcm ya\u011f sistemini temizlemesi amac\u0131yla geli\u015ftirilmi\u015f, solventsiz g\u00fc\u00e7l\u00fc deterjan.<\/span><\/p>\n\n\n\n<h2 class=\"wp-block-heading\"><strong>Nas\u0131l \u00e7al\u0131\u015f\u0131r<\/strong><\/h2>\n\n\n\n<p><\/p>\n\n\n\n<figure class=\"wp-block-embed is-type-video is-provider-youtube wp-block-embed-youtube wp-embed-aspect-16-9 wp-has-aspect-ratio\"><div class=\"wp-block-embed__wrapper\">\n<iframe title=\"Xenum M-Flush - How does it work?\" width=\"500\" height=\"281\" src=\"https:\/\/www.youtube.com\/embed\/7cjlfN2VIAs?feature=oembed\" frameborder=\"0\" allow=\"accelerometer; autoplay; clipboard-write; encrypted-media; gyroscope; picture-in-picture; web-share\" referrerpolicy=\"strict-origin-when-cross-origin\" allowfullscreen><\/iframe>\n<\/div><\/figure>\n\n\n\n<p><\/p>\n\n\n\n<h2 class=\"wp-block-heading\" id=\"h-zellikler\"><strong>\u00d6zellikler<\/strong><\/h2>\n\n\n\n<p>Subap itecekleri, de\u011fi\u015fken subap zamanlama sistemleri, piston sekmanlar\u0131n\u0131 rahatlat\u0131r, ya\u011flama sistemini tam olarak temizler.<\/p>\n\n\n\n<ul class=\"wp-block-list\"><li>Karter asitlerini etkisiz hale getirir<\/li><li>Tortular\u0131n yeni ya\u011fa bula\u015fmas\u0131n\u0131 \u00f6nler<\/li><\/ul>\n\n\n\n<p>Geli\u015ftirilmi\u015f formull\u00fc M-FLUS solvent vb. i\u00e7ermez. Ya\u011f\u0131n mikrofilm tabakas\u0131na zarar vermez. Tam temizlik sa\u011flar ve ya\u011f\u0131n \u00f6mr\u00fcn\u00fc uzat\u0131r.<\/p>\n\n\n\n<h2 class=\"wp-block-heading\" id=\"h-uygulama\"><strong>Uygulama<\/strong><\/h2>\n\n\n\n<p>T\u00fcm tipte benzinli ve dizel motorlarda kullan\u0131l\u0131r.Mineral, yar\u0131 sentetik ve tam sentetik ya\u011flar ile uyumludur.<\/p>\n\n\n\n<h3 class=\"wp-block-heading\" id=\"h-available-in\"><strong>Available in<\/strong><\/h3>\n\n\n\n<p>350 ML CAN \u2013 REF. 3161350<\/p>\n\n\n\n<p>1 L BOTTLE \u2013 REF. 3345001<\/p>\n","protected":false},"excerpt":{"rendered":"<p>Ya\u011f de\u011fi\u015fimi \u00f6ncesi, t\u00fcm ya\u011f sistemini temizlemesi amac\u0131yla geli\u015ftirilmi\u015f, solventsiz g\u00fc\u00e7l\u00fc deterjan. Nas\u0131l \u00e7al\u0131\u015f\u0131r \u00d6zellikler Subap itecekleri, de\u011fi\u015fken subap zamanlama sistemleri, piston sekmanlar\u0131n\u0131 rahatlat\u0131r, ya\u011flama sistemini tam olarak temizler. Karter asitlerini etkisiz hale getirir Tortular\u0131n yeni ya\u011fa bula\u015fmas\u0131n\u0131 \u00f6nler Geli\u015ftirilmi\u015f formull\u00fc M-FLUS solvent vb. i\u00e7ermez. Ya\u011f\u0131n mikrofilm tabakas\u0131na zarar vermez. Tam temizlik sa\u011flar ve ya\u011f\u0131n [&hellip;]<\/p>\n","protected":false},"author":1,"featured_media":9050,"parent":907,"menu_order":0,"comment_status":"closed","ping_status":"closed","template":"product-page.php","meta":{"_acf_changed":false,"inline_featured_image":false,"footnotes":""},"class_list":["post-1485","page","type-page","status-publish","has-post-thumbnail","hentry"],"acf":[],"_links":{"self":[{"href":"https:\/\/xenum.com\/tr\/wp-json\/wp\/v2\/pages\/1485","targetHints":{"allow":["GET"]}}],"collection":[{"href":"https:\/\/xenum.com\/tr\/wp-json\/wp\/v2\/pages"}],"about":[{"href":"https:\/\/xenum.com\/tr\/wp-json\/wp\/v2\/types\/page"}],"author":[{"embeddable":true,"href":"https:\/\/xenum.com\/tr\/wp-json\/wp\/v2\/users\/1"}],"replies":[{"embeddable":true,"href":"https:\/\/xenum.com\/tr\/wp-json\/wp\/v2\/comments?post=1485"}],"version-history":[{"count":7,"href":"https:\/\/xenum.com\/tr\/wp-json\/wp\/v2\/pages\/1485\/revisions"}],"predecessor-version":[{"id":20627,"href":"https:\/\/xenum.com\/tr\/wp-json\/wp\/v2\/pages\/1485\/revisions\/20627"}],"up":[{"embeddable":true,"href":"https:\/\/xenum.com\/tr\/wp-json\/wp\/v2\/pages\/907"}],"wp:featuredmedia":[{"embeddable":true,"href":"https:\/\/xenum.com\/tr\/wp-json\/wp\/v2\/media\/9050"}],"wp:attachment":[{"href":"https:\/\/xenum.com\/tr\/wp-json\/wp\/v2\/media?parent=1485"}],"curies":[{"name":"wp","href":"https:\/\/api.w.org\/{rel}","templated":true}]}}