{"id":1435,"date":"2017-07-19T11:06:37","date_gmt":"2017-07-19T11:06:37","guid":{"rendered":"https:\/\/xenum.com\/?page_id=1435"},"modified":"2020-01-07T19:33:09","modified_gmt":"2020-01-07T19:33:09","slug":"vrx-500","status":"publish","type":"page","link":"https:\/\/xenum.com\/tr\/anasayfa\/products\/katki-maddeleri\/motor-yagi\/vrx-500\/","title":{"rendered":"VRX 500"},"content":{"rendered":"<p class=\"TEXT\"><span lang=\"TR\">VRX 500 (eskiden VX 500) motor performans\u0131n\u0131 ve ya\u011flamay\u0131 g\u00fc\u00e7lendiren son teknolojili kimyasallar i\u00e7eren en son jenerasyon motor ya\u011f\u0131 kat\u0131\u011f\u0131d\u0131r. \u00c7ift komponentli sinerji yaratan teknolojiye sahip VRX500 mevcut t\u00fcm \u00fcr\u00fcnlerin performanslar\u0131n\u0131 a\u015far.<\/span><\/p>\n<ul>\n<li class=\"TEXT\"><span lang=\"TR\">Mikro-seramik partik\u00fcller: Nano \u00f6l\u00e7ekli mikro-seramik partik\u00fcller, y\u00fcksek \u0131s\u0131 ve s\u00fcrt\u00fcnme dayan\u0131m\u0131 y\u00fcksek \u00e7ok g\u00fc\u00e7l\u00fc solid ya\u011flay\u0131c\u0131lard\u0131r. Nano \u00f6l\u00e7ekli ya\u011flay\u0131c\u0131 partik\u00fcller ya\u011f filtreleri i\u00e7in kesinlikle g\u00fcvenlidir.<\/span><\/li>\n<li class=\"TEXT\"><span lang=\"TR\">Polarize sentetik ester ya\u011f: Mikro-seramik partik\u00fcller bu \u00e7ok \u00f6zel sentetik ester ya\u011f i\u00e7erisinde da\u011f\u0131l\u0131rlar.<\/span><\/li>\n<\/ul>\n<p class=\"TEXT\"><span lang=\"TR\">Bu ikili, s\u00fcrt\u00fcnme ve a\u015f\u0131nmay\u0131 inan\u0131lmaz derecede azaltan, m\u00fckemmel bir koruyucu film tabakas\u0131 olu\u015fturur. Bu film tabakas\u0131, motor i\u00e7 par\u00e7alar\u0131na tutunarak ilk \u00e7al\u0131\u015fmada ve so\u011fuk havalarda optimum koruma sa\u011flar ve motor \u00f6mr\u00fcn\u00fc uzat\u0131r.<\/span><\/p>\n<h2><strong>\u00d6zellikler<\/strong><\/h2>\n<ul>\n<li>Motor g\u00fcc\u00fcnde art\u0131\u015f<\/li>\n<li>S\u00fcr\u00fc\u015f performans\u0131nda iyile\u015fme<\/li>\n<li>Daha fazla yak\u0131t tasarrufu<\/li>\n<li>Daha az motor sesi ve ya\u011f t\u00fcketimi<\/li>\n<li>Ya\u011f t\u00fcketiminde ve CO2 \u00e7\u0131k\u0131\u015flar\u0131nda azalma<\/li>\n<li>ZERO SAPS teknolojili \u00fcr\u00fcn DFP filtreyi korur<\/li>\n<li>T\u00fcm tipte motor ya\u011flar\u0131 ile uyumludur<\/li>\n<\/ul>\n<h2><strong>Uygulama<\/strong><\/h2>\n<p class=\"TEXT\"><span lang=\"TR\">VRX500 t\u00fcm tipte benzinli ve dizel motorlar, otomobiller, tekneler, kamyonlar, motorsikletler ve end\u00fcstriyel motorlarda g\u00fcvenle kullan\u0131l\u0131r.<\/span><\/p>\n<h3><strong>Available in<\/strong><\/h3>\n<p>375 ML CAN \u2013 REF. 3017375<\/p>\n<p>1 l bottle \u2013 REF. 3284001<\/p>\n","protected":false},"excerpt":{"rendered":"<p>VRX 500 (eskiden VX 500) motor performans\u0131n\u0131 ve ya\u011flamay\u0131 g\u00fc\u00e7lendiren son teknolojili kimyasallar i\u00e7eren en son jenerasyon motor ya\u011f\u0131 kat\u0131\u011f\u0131d\u0131r. \u00c7ift komponentli sinerji yaratan teknolojiye sahip VRX500 mevcut t\u00fcm \u00fcr\u00fcnlerin performanslar\u0131n\u0131 a\u015far. Mikro-seramik partik\u00fcller: Nano \u00f6l\u00e7ekli mikro-seramik partik\u00fcller, y\u00fcksek \u0131s\u0131 ve s\u00fcrt\u00fcnme dayan\u0131m\u0131 y\u00fcksek \u00e7ok g\u00fc\u00e7l\u00fc solid ya\u011flay\u0131c\u0131lard\u0131r. Nano \u00f6l\u00e7ekli ya\u011flay\u0131c\u0131 partik\u00fcller ya\u011f filtreleri i\u00e7in [&hellip;]<\/p>\n","protected":false},"author":1,"featured_media":3474,"parent":907,"menu_order":0,"comment_status":"closed","ping_status":"closed","template":"product-page.php","meta":{"_acf_changed":false,"inline_featured_image":false,"footnotes":""},"class_list":["post-1435","page","type-page","status-publish","has-post-thumbnail","hentry"],"acf":[],"_links":{"self":[{"href":"https:\/\/xenum.com\/tr\/wp-json\/wp\/v2\/pages\/1435","targetHints":{"allow":["GET"]}}],"collection":[{"href":"https:\/\/xenum.com\/tr\/wp-json\/wp\/v2\/pages"}],"about":[{"href":"https:\/\/xenum.com\/tr\/wp-json\/wp\/v2\/types\/page"}],"author":[{"embeddable":true,"href":"https:\/\/xenum.com\/tr\/wp-json\/wp\/v2\/users\/1"}],"replies":[{"embeddable":true,"href":"https:\/\/xenum.com\/tr\/wp-json\/wp\/v2\/comments?post=1435"}],"version-history":[{"count":7,"href":"https:\/\/xenum.com\/tr\/wp-json\/wp\/v2\/pages\/1435\/revisions"}],"predecessor-version":[{"id":8269,"href":"https:\/\/xenum.com\/tr\/wp-json\/wp\/v2\/pages\/1435\/revisions\/8269"}],"up":[{"embeddable":true,"href":"https:\/\/xenum.com\/tr\/wp-json\/wp\/v2\/pages\/907"}],"wp:featuredmedia":[{"embeddable":true,"href":"https:\/\/xenum.com\/tr\/wp-json\/wp\/v2\/media\/3474"}],"wp:attachment":[{"href":"https:\/\/xenum.com\/tr\/wp-json\/wp\/v2\/media?parent=1435"}],"curies":[{"name":"wp","href":"https:\/\/api.w.org\/{rel}","templated":true}]}}