{"id":1418,"date":"2017-07-19T09:51:02","date_gmt":"2017-07-19T09:51:02","guid":{"rendered":"https:\/\/xenum.com\/?page_id=1418"},"modified":"2019-01-17T16:54:40","modified_gmt":"2019-01-17T16:54:40","slug":"x-brake-dot-4","status":"publish","type":"page","link":"https:\/\/xenum.com\/tr\/anasayfa\/products\/oils\/digerleri\/x-brake-dot-4\/","title":{"rendered":"X-BRAKE DOT 4"},"content":{"rendered":"<p>X-Brake DOT 4, \u00fcst\u00fcn kaliteli, ince g\u00f6vdeli ve sentetik bir hidrolik fren ya\u011f\u0131 olmakla birlikte \u00f6zellikle ABS, ASR, ESP, EBD, BAS ve t\u00fcrevleri elektronik g\u00fcvenlik sistemleri ile donat\u0131lan yeni nesil ara\u00e7lar i\u00e7in geli\u015ftirilmi\u015ftir.<\/p>\n<h2><strong>\u00d6zellikler<\/strong><\/h2>\n<ul>\n<li>Y\u00fcksek \u0131slak kaynama noktas\u0131<\/li>\n<li>Ke\u00e7e ve contalarla \u00fcst\u00fcn uyum<\/li>\n<li>Minimal korozyon e\u011filimi<\/li>\n<li>\u00c7ok d\u00fc\u015f\u00fck s\u0131cakl\u0131k de\u011ferleri alt\u0131nda dahi olduk\u00e7a d\u00fc\u015f\u00fck viskozite<\/li>\n<li>A\u015f\u0131nmaya kar\u015f\u0131 \u00fcst\u00fcn dayan\u0131kl\u0131l\u0131k<\/li>\n<\/ul>\n<h2><strong>\u015eartnameler<\/strong><\/h2>\n<ul>\n<li>SAE J1703<\/li>\n<li>FMVSS 116 DOT 4<\/li>\n<li>ISO 4925<\/li>\n<\/ul>\n<h3><strong>Available in<\/strong><\/h3>\n<p>500 ML \u2013 REF. 1358500<\/p>\n","protected":false},"excerpt":{"rendered":"<p>X-Brake DOT 4, \u00fcst\u00fcn kaliteli, ince g\u00f6vdeli ve sentetik bir hidrolik fren ya\u011f\u0131 olmakla birlikte \u00f6zellikle ABS, ASR, ESP, EBD, BAS ve t\u00fcrevleri elektronik g\u00fcvenlik sistemleri ile donat\u0131lan yeni nesil ara\u00e7lar i\u00e7in geli\u015ftirilmi\u015ftir. \u00d6zellikler Y\u00fcksek \u0131slak kaynama noktas\u0131 Ke\u00e7e ve contalarla \u00fcst\u00fcn uyum Minimal korozyon e\u011filimi \u00c7ok d\u00fc\u015f\u00fck s\u0131cakl\u0131k de\u011ferleri alt\u0131nda dahi olduk\u00e7a d\u00fc\u015f\u00fck viskozite [&hellip;]<\/p>\n","protected":false},"author":1,"featured_media":533,"parent":818,"menu_order":0,"comment_status":"closed","ping_status":"closed","template":"product-page.php","meta":{"_acf_changed":false,"inline_featured_image":false,"footnotes":""},"class_list":["post-1418","page","type-page","status-publish","has-post-thumbnail","hentry"],"acf":[],"_links":{"self":[{"href":"https:\/\/xenum.com\/tr\/wp-json\/wp\/v2\/pages\/1418","targetHints":{"allow":["GET"]}}],"collection":[{"href":"https:\/\/xenum.com\/tr\/wp-json\/wp\/v2\/pages"}],"about":[{"href":"https:\/\/xenum.com\/tr\/wp-json\/wp\/v2\/types\/page"}],"author":[{"embeddable":true,"href":"https:\/\/xenum.com\/tr\/wp-json\/wp\/v2\/users\/1"}],"replies":[{"embeddable":true,"href":"https:\/\/xenum.com\/tr\/wp-json\/wp\/v2\/comments?post=1418"}],"version-history":[{"count":6,"href":"https:\/\/xenum.com\/tr\/wp-json\/wp\/v2\/pages\/1418\/revisions"}],"predecessor-version":[{"id":8507,"href":"https:\/\/xenum.com\/tr\/wp-json\/wp\/v2\/pages\/1418\/revisions\/8507"}],"up":[{"embeddable":true,"href":"https:\/\/xenum.com\/tr\/wp-json\/wp\/v2\/pages\/818"}],"wp:featuredmedia":[{"embeddable":true,"href":"https:\/\/xenum.com\/tr\/wp-json\/wp\/v2\/media\/533"}],"wp:attachment":[{"href":"https:\/\/xenum.com\/tr\/wp-json\/wp\/v2\/media?parent=1418"}],"curies":[{"name":"wp","href":"https:\/\/api.w.org\/{rel}","templated":true}]}}