{"id":1297,"date":"2017-07-19T08:35:02","date_gmt":"2017-07-19T08:35:02","guid":{"rendered":"https:\/\/xenum.com\/?page_id=1297"},"modified":"2020-07-14T15:43:01","modified_gmt":"2020-07-14T15:43:01","slug":"xt-pro-75w140","status":"publish","type":"page","link":"https:\/\/xenum.com\/tr\/anasayfa\/products\/oils\/sanziman\/manuel\/xt-pro-75w140\/","title":{"rendered":"XT-PRO 75W140 LS"},"content":{"rendered":"<p>XT-PRO 75W140 LS, \u201cs\u0131n\u0131rl\u0131 d\u00fczeyde kaygan\u201d katk\u0131 maddelerine sahip %100 sentetik hipoid \u015fanz\u0131man ya\u011f\u0131d\u0131r. Diferansiyellerde kullan\u0131lmak \u00fczere \u00f6zellikle bir\u00e7ok motor sporunun ekstrem ihtiya\u00e7lar\u0131 i\u00e7in tasarlanan ve \u00e7oklu disk sistemleri ve \u015fanz\u0131manlar\u0131 opsiyonu ile kullan\u0131ma sunulan \u00fcr\u00fcn, motor sporlar\u0131nda olduk\u00e7a a\u011f\u0131r y\u00fcklere maruz b\u0131rak\u0131lmaktad\u0131r. XT-PRO 75W140 LS ayn\u0131 zamanda bir\u00e7ok BMW motor sporu modelinin diferansiyellerinde ve SAE 75W140 hipoid ya\u011f\u0131n \u00f6nerildi\u011fi farkl\u0131 sportif arazi ara\u00e7lar\u0131nda (SUV) kullan\u0131labilir.<\/p>\n<p><strong>\u00d6zellikler:<\/strong><\/p>\n<ul>\n<li>D\u00fc\u015f\u00fck s\u0131cakl\u0131k de\u011ferleri alt\u0131nda y\u00fcksek ak\u0131\u015fkanl\u0131\u011f\u0131n g\u00fcvence alt\u0131na al\u0131nabilmesi i\u00e7in y\u00fcksek viskozite indeksi<\/li>\n<li>Oksidasyona kar\u015f\u0131 \u00fcst\u00fcn dayan\u0131kl\u0131l\u0131k ve y\u00fcksek \u00e7al\u0131\u015fma s\u0131cakl\u0131klar\u0131nda optimum koruma<\/li>\n<li>Olduk\u00e7a d\u00fc\u015f\u00fck k\u00f6p\u00fcklenme e\u011filimi<\/li>\n<li>\u00dcst\u00fcn a\u015f\u0131nma korumas\u0131<\/li>\n<li>\u00d6zel \u201cs\u0131n\u0131rl\u0131 kaygan\u201d katk\u0131 maddeleri sayesinde kendinden kilitlenen diferansiyellerde kullan\u0131ma uygunluk<\/li>\n<\/ul>\n<p><strong>\u015eartnameler:<\/strong><\/p>\n<p>SAE 75W-140<\/p>\n<p>API GL-5<\/p>\n<p>BMW MSP\/A<\/p>\n<p><strong>Available in:<\/strong><\/p>\n<p>1 L \u2013 ref. 1365001<\/p>\n","protected":false},"excerpt":{"rendered":"<p>XT-PRO 75W140 LS, \u201cs\u0131n\u0131rl\u0131 d\u00fczeyde kaygan\u201d katk\u0131 maddelerine sahip %100 sentetik hipoid \u015fanz\u0131man ya\u011f\u0131d\u0131r. Diferansiyellerde kullan\u0131lmak \u00fczere \u00f6zellikle bir\u00e7ok motor sporunun ekstrem ihtiya\u00e7lar\u0131 i\u00e7in tasarlanan ve \u00e7oklu disk sistemleri ve \u015fanz\u0131manlar\u0131 opsiyonu ile kullan\u0131ma sunulan \u00fcr\u00fcn, motor sporlar\u0131nda olduk\u00e7a a\u011f\u0131r y\u00fcklere maruz b\u0131rak\u0131lmaktad\u0131r. XT-PRO 75W140 LS ayn\u0131 zamanda bir\u00e7ok BMW motor sporu modelinin diferansiyellerinde ve [&hellip;]<\/p>\n","protected":false},"author":1,"featured_media":10113,"parent":763,"menu_order":0,"comment_status":"closed","ping_status":"closed","template":"product-page.php","meta":{"_acf_changed":false,"inline_featured_image":false,"footnotes":""},"class_list":["post-1297","page","type-page","status-publish","has-post-thumbnail","hentry"],"acf":[],"_links":{"self":[{"href":"https:\/\/xenum.com\/tr\/wp-json\/wp\/v2\/pages\/1297","targetHints":{"allow":["GET"]}}],"collection":[{"href":"https:\/\/xenum.com\/tr\/wp-json\/wp\/v2\/pages"}],"about":[{"href":"https:\/\/xenum.com\/tr\/wp-json\/wp\/v2\/types\/page"}],"author":[{"embeddable":true,"href":"https:\/\/xenum.com\/tr\/wp-json\/wp\/v2\/users\/1"}],"replies":[{"embeddable":true,"href":"https:\/\/xenum.com\/tr\/wp-json\/wp\/v2\/comments?post=1297"}],"version-history":[{"count":5,"href":"https:\/\/xenum.com\/tr\/wp-json\/wp\/v2\/pages\/1297\/revisions"}],"predecessor-version":[{"id":8600,"href":"https:\/\/xenum.com\/tr\/wp-json\/wp\/v2\/pages\/1297\/revisions\/8600"}],"up":[{"embeddable":true,"href":"https:\/\/xenum.com\/tr\/wp-json\/wp\/v2\/pages\/763"}],"wp:featuredmedia":[{"embeddable":true,"href":"https:\/\/xenum.com\/tr\/wp-json\/wp\/v2\/media\/10113"}],"wp:attachment":[{"href":"https:\/\/xenum.com\/tr\/wp-json\/wp\/v2\/media?parent=1297"}],"curies":[{"name":"wp","href":"https:\/\/api.w.org\/{rel}","templated":true}]}}