{"id":1281,"date":"2017-07-19T08:24:50","date_gmt":"2017-07-19T08:24:50","guid":{"rendered":"https:\/\/xenum.com\/?page_id=1281"},"modified":"2020-07-14T15:51:52","modified_gmt":"2020-07-14T15:51:52","slug":"x-tran-75w90","status":"publish","type":"page","link":"https:\/\/xenum.com\/tr\/anasayfa\/products\/oils\/sanziman\/manuel\/x-tran-75w90\/","title":{"rendered":"X-TRAN 75W90"},"content":{"rendered":"<p>\u00dcst\u00fcn performansl\u0131, sentetik bazl\u0131 ve \u00e7ok ama\u00e7l\u0131 SAE 75W-90 otomotiv di\u015flisi ya\u011f\u0131, her t\u00fcrl\u00fc kullan\u0131m ko\u015fullar\u0131 alt\u0131nda modern yolcu ta\u015f\u0131ma ara\u00e7lar\u0131n\u0131n en y\u00fcksek performans gerekliliklerini kar\u015f\u0131lama \u00fczere tasarlanm\u0131\u015ft\u0131r. Geleneksel hipoid di\u015fli ya\u011flar\u0131na k\u0131yasla X-TRAN 75w90 bir\u00e7ok s\u0131cakl\u0131k aral\u0131\u011f\u0131nda \u00fcst\u00fcn performans sunmaktad\u0131r. Kapsaml\u0131 servis faaliyetlerinde ve yak\u0131t tasarrufu performans\u0131n\u0131n artt\u0131r\u0131lmas\u0131nda da s\u00f6z konusu \u00fcr\u00fcnden faydalan\u0131labilmektedir.<\/p>\n<p>Manual vites kutular\u0131, hidrolik direksiyon \u00fcniteleri, tork konvert\u00f6rleri ve di\u011fer hidrolik ekipmanlar i\u00e7in uygundur.<\/p>\n<h2><strong>\u00d6zellikler<\/strong><\/h2>\n<ul>\n<li>\u00dcst\u00fcn termal stabilite ve y\u00fcksek s\u0131cakl\u0131\u011fa dayal\u0131 oksidasyon direnci<\/li>\n<li>G\u00fcvenli bir ya\u011flama i\u015flemi i\u00e7in zar direncinin s\u00fcrd\u00fcr\u00fclmesi<\/li>\n<li>\u00dcst\u00fcn makaslama stabilitesi<\/li>\n<li>Bak\u0131r ve ala\u015f\u0131m par\u00e7alar i\u00e7in \u00fcst d\u00fczey pas, leke ve korozyon korumas\u0131<\/li>\n<li>D\u00fc\u015f\u00fck h\u0131z\/y\u00fcksek tork a\u015f\u0131nmas\u0131na ve y\u00fcksek h\u0131za dayal\u0131 \u00e7iziklere kar\u015f\u0131 \u00fcst\u00fcn koruma<\/li>\n<li>Geli\u015fmi\u015f s\u00fcrt\u00fcnme \u00f6zellikleri<\/li>\n<li>Daha az a\u015f\u0131nma ve daha uzun par\u00e7a \u00f6mr\u00fc<\/li>\n<\/ul>\n<h2><strong>\u015eartnameler<\/strong><\/h2>\n<ul>\n<li>SAE 75W-90<\/li>\n<li>API GL-4\/5<\/li>\n<li>MIL-L-2105<\/li>\n<li>S\u00f6z konusu \u00fcr\u00fcn, VW 501.50 standard\u0131n\u0131n \u00f6ng\u00f6rd\u00fc\u011f\u00fc gereklilikleri kar\u015f\u0131lamaktad\u0131r.<\/li>\n<\/ul>\n<h3><strong>Available in<\/strong><\/h3>\n<p>1 L \u2013 REF. 1181001<\/p>\n<p>60 L \u2013 REF. 1081060<\/p>\n<p>208 L \u2013 REF. 1081208<\/p>\n","protected":false},"excerpt":{"rendered":"<p>\u00dcst\u00fcn performansl\u0131, sentetik bazl\u0131 ve \u00e7ok ama\u00e7l\u0131 SAE 75W-90 otomotiv di\u015flisi ya\u011f\u0131, her t\u00fcrl\u00fc kullan\u0131m ko\u015fullar\u0131 alt\u0131nda modern yolcu ta\u015f\u0131ma ara\u00e7lar\u0131n\u0131n en y\u00fcksek performans gerekliliklerini kar\u015f\u0131lama \u00fczere tasarlanm\u0131\u015ft\u0131r. Geleneksel hipoid di\u015fli ya\u011flar\u0131na k\u0131yasla X-TRAN 75w90 bir\u00e7ok s\u0131cakl\u0131k aral\u0131\u011f\u0131nda \u00fcst\u00fcn performans sunmaktad\u0131r. Kapsaml\u0131 servis faaliyetlerinde ve yak\u0131t tasarrufu performans\u0131n\u0131n artt\u0131r\u0131lmas\u0131nda da s\u00f6z konusu \u00fcr\u00fcnden faydalan\u0131labilmektedir. Manual [&hellip;]<\/p>\n","protected":false},"author":1,"featured_media":10115,"parent":763,"menu_order":0,"comment_status":"closed","ping_status":"closed","template":"product-page.php","meta":{"_acf_changed":false,"inline_featured_image":false,"footnotes":""},"class_list":["post-1281","page","type-page","status-publish","has-post-thumbnail","hentry"],"acf":[],"_links":{"self":[{"href":"https:\/\/xenum.com\/tr\/wp-json\/wp\/v2\/pages\/1281","targetHints":{"allow":["GET"]}}],"collection":[{"href":"https:\/\/xenum.com\/tr\/wp-json\/wp\/v2\/pages"}],"about":[{"href":"https:\/\/xenum.com\/tr\/wp-json\/wp\/v2\/types\/page"}],"author":[{"embeddable":true,"href":"https:\/\/xenum.com\/tr\/wp-json\/wp\/v2\/users\/1"}],"replies":[{"embeddable":true,"href":"https:\/\/xenum.com\/tr\/wp-json\/wp\/v2\/comments?post=1281"}],"version-history":[{"count":5,"href":"https:\/\/xenum.com\/tr\/wp-json\/wp\/v2\/pages\/1281\/revisions"}],"predecessor-version":[{"id":8589,"href":"https:\/\/xenum.com\/tr\/wp-json\/wp\/v2\/pages\/1281\/revisions\/8589"}],"up":[{"embeddable":true,"href":"https:\/\/xenum.com\/tr\/wp-json\/wp\/v2\/pages\/763"}],"wp:featuredmedia":[{"embeddable":true,"href":"https:\/\/xenum.com\/tr\/wp-json\/wp\/v2\/media\/10115"}],"wp:attachment":[{"href":"https:\/\/xenum.com\/tr\/wp-json\/wp\/v2\/media?parent=1281"}],"curies":[{"name":"wp","href":"https:\/\/api.w.org\/{rel}","templated":true}]}}