{"id":1256,"date":"2017-07-18T22:43:28","date_gmt":"2017-07-18T22:43:28","guid":{"rendered":"https:\/\/xenum.com\/?page_id=1256"},"modified":"2023-04-18T10:01:56","modified_gmt":"2023-04-18T09:01:56","slug":"runner-10w40","status":"publish","type":"page","link":"https:\/\/xenum.com\/tr\/anasayfa\/products\/oils\/motor\/standart-yag\/runner-10w40\/","title":{"rendered":"RUNNER 10W40"},"content":{"rendered":"<p>Y\u00fcksek kilometreli ara\u00e7lardaki kritik motor par\u00e7alar\u0131n\u0131n \u00f6zellikle geli\u015ftirilmesi i\u00e7in \u00fcst d\u00fczey motor ya\u011f\u0131 (120,000 km\u2019 nin \u00fczerindekiler i\u00e7in). Bile\u015fim \u00f6zel kapatma ajanlar\u0131 ve motorun \u00f6mr\u00fcn\u00fc uzatan ve motordaki kal\u0131nt\u0131 ve \u00e7amur olu\u015fumunu azaltan katk\u0131lara dayanmaktad\u0131r. \u00d6zel kapat\u0131c\u0131 \u2013 \u015fekillendiriciler eski motorlardaki s\u0131z\u0131nt\u0131lar\u0131 engeller ve ya\u011f t\u00fcketimini azalt\u0131r. Bu motor ya\u011f\u0131 motorun ya\u015flanmas\u0131 ve korunmas\u0131n\u0131 olumlu y\u00f6nde etkiler.<\/p>\n<h2><strong>\u00d6zellikler<\/strong><\/h2>\n<ul>\n<li>Motorun ya\u015flanma s\u00fcrecini yava\u015flat\u0131r<\/li>\n<li>A\u015f\u0131nma korumas\u0131n\u0131 geli\u015ftirir<\/li>\n<li>Oksitlenmeye kar\u015f\u0131 daha iyi diren\u00e7 sa\u011flar<\/li>\n<li>Olduk\u00e7a iyi bir temizleme g\u00fcc\u00fc yarat\u0131r<\/li>\n<li>Olduk\u00e7a iyi so\u011fuk ba\u015flatma \u00f6zellikleri sa\u011flar<\/li>\n<li>Ya\u011f t\u00fcketimini en aza indirir<\/li>\n<li>Kapatma ko\u015fullar\u0131n\u0131 geli\u015ftirir ve ya\u011f s\u0131z\u0131nt\u0131s\u0131n\u0131 engeller<\/li>\n<\/ul>\n<h3><strong>Uygulama<\/strong><\/h3>\n<ul>\n<li>ACEA: A3\/B3<\/li>\n<\/ul>\n<h3><strong>Paketleme<\/strong><\/h3>\n<p>12X1L, 4X4L, 4X5L, 20L, 60L, 208L<\/p>\n","protected":false},"excerpt":{"rendered":"<p>Y\u00fcksek kilometreli ara\u00e7lardaki kritik motor par\u00e7alar\u0131n\u0131n \u00f6zellikle geli\u015ftirilmesi i\u00e7in \u00fcst d\u00fczey motor ya\u011f\u0131 (120,000 km\u2019 nin \u00fczerindekiler i\u00e7in). Bile\u015fim \u00f6zel kapatma ajanlar\u0131 ve motorun \u00f6mr\u00fcn\u00fc uzatan ve motordaki kal\u0131nt\u0131 ve \u00e7amur olu\u015fumunu azaltan katk\u0131lara dayanmaktad\u0131r. \u00d6zel kapat\u0131c\u0131 \u2013 \u015fekillendiriciler eski motorlardaki s\u0131z\u0131nt\u0131lar\u0131 engeller ve ya\u011f t\u00fcketimini azalt\u0131r. Bu motor ya\u011f\u0131 motorun ya\u015flanmas\u0131 ve korunmas\u0131n\u0131 olumlu [&hellip;]<\/p>\n","protected":false},"author":1,"featured_media":10233,"parent":631,"menu_order":14,"comment_status":"closed","ping_status":"closed","template":"product-page.php","meta":{"_acf_changed":false,"inline_featured_image":false,"footnotes":""},"class_list":["post-1256","page","type-page","status-publish","has-post-thumbnail","hentry"],"acf":[],"_links":{"self":[{"href":"https:\/\/xenum.com\/tr\/wp-json\/wp\/v2\/pages\/1256","targetHints":{"allow":["GET"]}}],"collection":[{"href":"https:\/\/xenum.com\/tr\/wp-json\/wp\/v2\/pages"}],"about":[{"href":"https:\/\/xenum.com\/tr\/wp-json\/wp\/v2\/types\/page"}],"author":[{"embeddable":true,"href":"https:\/\/xenum.com\/tr\/wp-json\/wp\/v2\/users\/1"}],"replies":[{"embeddable":true,"href":"https:\/\/xenum.com\/tr\/wp-json\/wp\/v2\/comments?post=1256"}],"version-history":[{"count":5,"href":"https:\/\/xenum.com\/tr\/wp-json\/wp\/v2\/pages\/1256\/revisions"}],"predecessor-version":[{"id":21410,"href":"https:\/\/xenum.com\/tr\/wp-json\/wp\/v2\/pages\/1256\/revisions\/21410"}],"up":[{"embeddable":true,"href":"https:\/\/xenum.com\/tr\/wp-json\/wp\/v2\/pages\/631"}],"wp:featuredmedia":[{"embeddable":true,"href":"https:\/\/xenum.com\/tr\/wp-json\/wp\/v2\/media\/10233"}],"wp:attachment":[{"href":"https:\/\/xenum.com\/tr\/wp-json\/wp\/v2\/media?parent=1256"}],"curies":[{"name":"wp","href":"https:\/\/api.w.org\/{rel}","templated":true}]}}