{"id":10067,"date":"2020-03-31T14:02:10","date_gmt":"2020-03-31T14:02:10","guid":{"rendered":"https:\/\/xenum.com\/?page_id=10067"},"modified":"2023-10-03T10:52:42","modified_gmt":"2023-10-03T09:52:42","slug":"xa-tran-dx-vi","status":"publish","type":"page","link":"https:\/\/xenum.com\/tr\/anasayfa\/products\/oils\/sanziman\/otomatik\/xa-tran-dx-vi\/","title":{"rendered":"XA-TRAN DX VI"},"content":{"rendered":"<p>XA-TRAN DX VI, kaymal\u0131 kilitli debriyaj\u0131 olan veya olmayan modern otomatik \u015fanz\u0131manlar i\u00e7in tasarlanm\u0131\u015f birinci s\u0131n\u0131f sentetik bir ATF'dir. Benzersiz form\u00fcl\u00fc, d\u00fc\u015f\u00fck viskoziteli sentetik baz ya\u011flar\u0131 \u00f6zenle se\u00e7ilmi\u015f geli\u015fmi\u015f katk\u0131 maddeleri kar\u0131\u015f\u0131m\u0131yla birle\u015ftirir. Bu otomatik \u015fanz\u0131man ya\u011f\u0131 ola\u011fan\u00fcst\u00fc performans sunar, ya\u011f de\u011fi\u015fim aral\u0131klar\u0131n\u0131 uzat\u0131r ve DEXRON VI ya\u011f\u0131n\u0131n gerekliliklerini kar\u015f\u0131lar.<\/p>\n<h2><strong>\u00d6ZELL\u0130KLER<\/strong><\/h2>\n<ul>\n<li>A\u015f\u0131nma, korozyon ve k\u00f6p\u00fc\u011fe kar\u015f\u0131 m\u00fckemmel koruma sa\u011flar<\/li>\n<li>D\u00fc\u015f\u00fck s\u0131cakl\u0131klarda bile sorunsuz \u00e7al\u0131\u015fma i\u00e7in vites de\u011fi\u015ftirme performans\u0131n\u0131 art\u0131r\u0131r<\/li>\n<li>Oksidasyona, kesilmeye ve k\u00f6p\u00fcklenmeye kar\u015f\u0131 ola\u011fan\u00fcst\u00fc diren\u00e7 g\u00f6sterir<\/li>\n<li>Ya\u011f de\u011fi\u015fim aral\u0131klar\u0131n\u0131 uzat\u0131r<\/li>\n<li>Dexron III ve II s\u0131v\u0131lar\u0131n\u0131n performans \u00f6zelliklerini a\u015far<\/li>\n<\/ul>\n<h2><strong>UYGULAMA<\/strong><\/h2>\n<p>Otomatik vites kutular\u0131nda, hidrolik direksiyon \u00fcnitelerinde, tork konvert\u00f6rlerinde ve Dexron III ve II spesifikasyonlar\u0131n\u0131 a\u015fan bir ATF gerektiren di\u011fer ekipmanlarda kullan\u0131m i\u00e7in uygundur. XA-TRAN DX VI'n\u0131n DCT'lerde ve CVT'lerde veya Ford Tip F\/G'de belirtilen bir ya\u011f\u0131n \u00f6nerildi\u011fi durumlarda kullan\u0131lmamas\u0131 gerekti\u011fini l\u00fctfen unutmay\u0131n.<\/p>\n<h3><strong>\u00d6ZELL\u0130KLER<\/strong><\/h3>\n<ul>\n<li>Aisin Warner JWS 3309(T-IV) \/ 3324(WS) \/ AW-1 \/ AW-2<\/li>\n<li>Allison C3\/C4<\/li>\n<li>BMW 7045E \/ 8072B \/ LA2634 \/ ATF6 \/ Mini<\/li>\n<li>CAT TO-2<\/li>\n<li>Chrysler Dodge Mopar AS68RC\/69RC (T-IV)<\/li>\n<li>Chrysler ATF+ \/ +2 \/ +3,<\/li>\n<li>Daihatsu ATF D-II \/ D-III SP<\/li>\n<li>\u00a0DTFR13C100\/120\/140\/150\/170\/38B100<\/li>\n<li>Fiat Type IV \/ 9.55550-AV5 \/ AV6<\/li>\n<li>Ford Mercon LV \/ Mercon \/ M2C138-CJ \/ 166-H \/ 922-A1 \/ 924-A \/ 938-A<\/li>\n<li>GM Dexron VI \/ II \/ IID \/ IIE \/ IIIG \/ IIIH, TASA<\/li>\n<li>Honda Acura DW-1 \/ ATF-Z1 (except in CVT)<\/li>\n<li>Hyundai \/ Kia SP-II \/ SP-III \/ SP-IV \/ SP-IV M \/ SP-IV RR<\/li>\n<li>Hyundai \/ Kia JWS 3314 \/ 9683<\/li>\n<li>Isuzu ATF II \/ III \/ SP<\/li>\n<li>Jaguar ATF 3403 M115 \/ JLM 20238 \/ 20292<\/li>\n<li>JASO M315-2013 1A \/ 1A-LV \/ 2A<\/li>\n<li>Mazda ATF DII \/ M-III \/ M-V \/ FZ \/ F-1 \/ S-1 \/ N-1 \/ 3317<\/li>\n<li>MB 236.1\/2\/3 \/ 236.5 \/ 236.7 \/ 236.8 \/ 236.9 \/ 236.41<\/li>\n<li>Mitsubishi SK \/ SP-II \/ SP-III \/ SP-IV \/ AW \/ J2 \/ J3 \/ PA \/ MA1<\/li>\n<li>Nissan Matic C \/ D \/ J \/ K \/ P \/ S \/ W<\/li>\n<li>Porsche 3403-M115 \/ T-IV<\/li>\n<li>Subaru ATF ATF \/ AW-1 \/ 5AT \/ ATF HP<\/li>\n<li>Suzuki ATF 3309 \/ 3314 \/ 3317 \/ 2326 \/ 2384K<\/li>\n<li>PSA B712340<\/li>\n<li>Toyota D-II \/ D-III \/ T-III \/ T-IV \/ WS<\/li>\n<li>VW G 052 025 \/ G 052 055 \/ G 052 162 \/ G 052 990 \/ G 053 001 \/ G 053 025 \/ G 055 005 \/ G 055 025 \/ G 055 162 \/ G 055 540 \/ G 060 162<\/li>\n<li>VOITH 55.6335.xx ( G607)<\/li>\n<li>VOLVO 97335\/97340\/1161540<\/li>\n<li>ZF 5HP\/18FL\/19FL\/24A\/30\/4HP20 , ML05L\/09\/11A\/B\/21L<\/li>\n<\/ul>\n<h3><strong>PAKETLEME<\/strong><\/h3>\n<p>12X1L, 4X4L, 4X5L, 20L, 60L, 208L<\/p>\n","protected":false},"excerpt":{"rendered":"<p>XA-TRAN DX VI, kaymal\u0131 kilitli debriyaj\u0131 olan veya olmayan modern otomatik \u015fanz\u0131manlar i\u00e7in tasarlanm\u0131\u015f birinci s\u0131n\u0131f sentetik bir ATF'dir. Benzersiz form\u00fcl\u00fc, d\u00fc\u015f\u00fck viskoziteli sentetik baz ya\u011flar\u0131 \u00f6zenle se\u00e7ilmi\u015f geli\u015fmi\u015f katk\u0131 maddeleri kar\u0131\u015f\u0131m\u0131yla birle\u015ftirir. Bu otomatik \u015fanz\u0131man ya\u011f\u0131 ola\u011fan\u00fcst\u00fc performans sunar, ya\u011f de\u011fi\u015fim aral\u0131klar\u0131n\u0131 uzat\u0131r ve DEXRON VI ya\u011f\u0131n\u0131n gerekliliklerini kar\u015f\u0131lar. \u00d6ZELL\u0130KLER A\u015f\u0131nma, korozyon ve k\u00f6p\u00fc\u011fe [&hellip;]<\/p>\n","protected":false},"author":9,"featured_media":10059,"parent":739,"menu_order":0,"comment_status":"closed","ping_status":"closed","template":"product-page.php","meta":{"_acf_changed":false,"inline_featured_image":false,"footnotes":""},"class_list":["post-10067","page","type-page","status-publish","has-post-thumbnail","hentry"],"acf":[],"_links":{"self":[{"href":"https:\/\/xenum.com\/tr\/wp-json\/wp\/v2\/pages\/10067","targetHints":{"allow":["GET"]}}],"collection":[{"href":"https:\/\/xenum.com\/tr\/wp-json\/wp\/v2\/pages"}],"about":[{"href":"https:\/\/xenum.com\/tr\/wp-json\/wp\/v2\/types\/page"}],"author":[{"embeddable":true,"href":"https:\/\/xenum.com\/tr\/wp-json\/wp\/v2\/users\/9"}],"replies":[{"embeddable":true,"href":"https:\/\/xenum.com\/tr\/wp-json\/wp\/v2\/comments?post=10067"}],"version-history":[{"count":3,"href":"https:\/\/xenum.com\/tr\/wp-json\/wp\/v2\/pages\/10067\/revisions"}],"predecessor-version":[{"id":24671,"href":"https:\/\/xenum.com\/tr\/wp-json\/wp\/v2\/pages\/10067\/revisions\/24671"}],"up":[{"embeddable":true,"href":"https:\/\/xenum.com\/tr\/wp-json\/wp\/v2\/pages\/739"}],"wp:featuredmedia":[{"embeddable":true,"href":"https:\/\/xenum.com\/tr\/wp-json\/wp\/v2\/media\/10059"}],"wp:attachment":[{"href":"https:\/\/xenum.com\/tr\/wp-json\/wp\/v2\/media?parent=10067"}],"curies":[{"name":"wp","href":"https:\/\/api.w.org\/{rel}","templated":true}]}}