{"id":9390,"date":"2020-02-11T14:20:21","date_gmt":"2020-02-11T14:20:21","guid":{"rendered":"https:\/\/xenum.com\/?page_id=9390"},"modified":"2023-03-07T16:16:16","modified_gmt":"2023-03-07T15:16:16","slug":"pro-0w40","status":"publish","type":"page","link":"https:\/\/xenum.com\/pl\/strona-startowa\/produkty\/oleje\/silnik\/pelnosyntetyczny\/pro-0w40\/","title":{"rendered":"PRO 0W40"},"content":{"rendered":"<h2><strong>OPIS<\/strong><\/h2>\n<p>Syntetyczny olej silnikowy o wysokich osi\u0105gach produkowany ze specjalnie wyselekcjonowanych olej\u00f3w bazowych o wysokim wska\u017aniku lepko\u015bci i dobrze zbilansowanym doborze zaawansowanych dodatk\u00f3w. Zapewnia optymaln\u0105 ochron\u0119 oraz wyd\u0142u\u017con\u0105 \u017cywotno\u015b\u0107 i niezawodno\u015b\u0107 silnika. \u0141\u0105czy w sobie wyj\u0105tkowe dzia\u0142anie przeciwzu\u017cyciowe i znakomit\u0105 ochron\u0119 w wysokich temperaturach z doskona\u0142\u0105 charakterystyk\u0105 zimnego startu.<\/p>\n<h2><strong>W\u0141A\u015aCIWO\u015aCI<\/strong><\/h2>\n<ul>\n<li>Oszcz\u0119dno\u015b\u0107 paliwa i redukcja CO2.<\/li>\n<li>Wysoki i bardzo stabilny wska\u017anik lepko\u015bci.<\/li>\n<li>Bardzo szybki rozruch na zimno.<\/li>\n<li>Bezpieczny film smarny w ekstremalnych temperaturach.<\/li>\n<li>Elastyczne i wyd\u0142u\u017cone okresy mi\u0119dzy wymianami oleju.<\/li>\n<li>Wysoka ochrona przed zu\u017cyciem.<\/li>\n<\/ul>\n<h2><strong>APLIKACJA<\/strong><\/h2>\n<p>Wszystkie 4-suwowe silniki benzynowe, czterozaworowe, z turbodo\u0142adowaniem oraz 4-suwowe silniki Diesla z lub bez turbo. Ten olej nie nadaje si\u0119 do filtr\u00f3w cz\u0105stek sta\u0142ych w silnikach Diesla.<\/p>\n<h3><strong>SPECYFIKACJE<\/strong><\/h3>\n<ul>\n<li>ACEA: A3\/B4<\/li>\n<li>API: SN<\/li>\n<li>BMW: LONGLIFE-01<\/li>\n<li>FORD: WSS-M2C937-A<\/li>\n<li>MB: 229.5<\/li>\n<li>PORSCHE: A40<\/li>\n<li>RENAULT: RN 0700<\/li>\n<li>RENAULT: RN 0710<\/li>\n<li>VW: 502 00, VW: 505 00<\/li>\n<\/ul>\n<h3 class=\"TDSSection\"><strong>OPAKOWANIE<br \/>\n<\/strong><\/h3>\n<div id=\"the-product-details\" class=\"ct-div-block\">\n<div id=\"text_block-25-15726\" class=\"ct-text-block\">\n<p>12X1L, 4X4L, 20L, 60L, 208L<\/p>\n<\/div>\n<\/div>\n<h2 class=\"TDSSection\"><strong>\u00a0<\/strong><\/h2>\n","protected":false},"excerpt":{"rendered":"<p>OPIS Syntetyczny olej silnikowy o wysokich osi\u0105gach produkowany ze specjalnie wyselekcjonowanych olej\u00f3w bazowych o wysokim wska\u017aniku lepko\u015bci i dobrze zbilansowanym doborze zaawansowanych dodatk\u00f3w. Zapewnia optymaln\u0105 ochron\u0119 oraz wyd\u0142u\u017con\u0105 \u017cywotno\u015b\u0107 i niezawodno\u015b\u0107 silnika. \u0141\u0105czy w sobie wyj\u0105tkowe dzia\u0142anie przeciwzu\u017cyciowe i znakomit\u0105 ochron\u0119 w wysokich temperaturach z doskona\u0142\u0105 charakterystyk\u0105 zimnego startu. W\u0141A\u015aCIWO\u015aCI Oszcz\u0119dno\u015b\u0107 paliwa i redukcja CO2. [&hellip;]<\/p>\n","protected":false},"author":9,"featured_media":14883,"parent":17283,"menu_order":0,"comment_status":"closed","ping_status":"closed","template":"product-page.php","meta":{"_acf_changed":false,"inline_featured_image":false,"footnotes":""},"class_list":["post-9390","page","type-page","status-publish","has-post-thumbnail","hentry"],"acf":[],"_links":{"self":[{"href":"https:\/\/xenum.com\/pl\/wp-json\/wp\/v2\/pages\/9390","targetHints":{"allow":["GET"]}}],"collection":[{"href":"https:\/\/xenum.com\/pl\/wp-json\/wp\/v2\/pages"}],"about":[{"href":"https:\/\/xenum.com\/pl\/wp-json\/wp\/v2\/types\/page"}],"author":[{"embeddable":true,"href":"https:\/\/xenum.com\/pl\/wp-json\/wp\/v2\/users\/9"}],"replies":[{"embeddable":true,"href":"https:\/\/xenum.com\/pl\/wp-json\/wp\/v2\/comments?post=9390"}],"version-history":[{"count":9,"href":"https:\/\/xenum.com\/pl\/wp-json\/wp\/v2\/pages\/9390\/revisions"}],"predecessor-version":[{"id":20851,"href":"https:\/\/xenum.com\/pl\/wp-json\/wp\/v2\/pages\/9390\/revisions\/20851"}],"up":[{"embeddable":true,"href":"https:\/\/xenum.com\/pl\/wp-json\/wp\/v2\/pages\/17283"}],"wp:featuredmedia":[{"embeddable":true,"href":"https:\/\/xenum.com\/pl\/wp-json\/wp\/v2\/media\/14883"}],"wp:attachment":[{"href":"https:\/\/xenum.com\/pl\/wp-json\/wp\/v2\/media?parent=9390"}],"curies":[{"name":"wp","href":"https:\/\/api.w.org\/{rel}","templated":true}]}}