{"id":21015,"date":"2023-03-16T08:36:02","date_gmt":"2023-03-16T07:36:02","guid":{"rendered":"https:\/\/xenum.com\/?page_id=21015"},"modified":"2023-08-07T23:04:35","modified_gmt":"2023-08-07T22:04:35","slug":"airco-fix","status":"publish","type":"page","link":"https:\/\/xenum.com\/pl\/strona-startowa\/produkty\/obsluga\/klimatyzacja\/airco-fix\/","title":{"rendered":"AIRCO FIX"},"content":{"rendered":"\n<p>Dodatek uszczelniaj\u0105cy do naprawy mikroszczelin w uk\u0142adach klimatyzacji.<\/p>\n\n\n\n<h2 class=\"wp-block-heading\" id=\"h-w-a-ciwo-ci\"><strong>W\u0142a\u015bciwo\u015bci<\/strong><\/h2>\n\n\n\n<ul class=\"wp-block-list\">\n<li>Naprawia mikroszczelno\u015bci w AC\/R<\/li>\n\n\n\n<li>Prosta i szybka obs\u0142uga<\/li>\n\n\n\n<li>Dostosowuje si\u0119 do wszystkich rodzaj\u00f3w gazu<\/li>\n<\/ul>\n\n\n\n<h2 class=\"wp-block-heading\" id=\"h-aplikacja\"><strong>Aplikacja<\/strong><\/h2>\n\n\n\n<p>W\u0142\u0105cz system powietrzny i pod\u0142\u0105cz adapter do aplikatora. Nacisn\u0105\u0107 t\u0142ok i odpowietrzy\u0107. Pod\u0142\u0105czy\u0107 strzykawk\u0119 do strony niskoci\u015bnieniowej. Opr\u00f3\u017cni\u0107 ca\u0142kowicie strzykawk\u0119 i od\u0142\u0105czy\u0107. Pozostawi\u0107 uk\u0142ad pneumatyczny w\u0142\u0105czony na 15 minut, aby umo\u017cliwi\u0107 pe\u0142n\u0105 penetracj\u0119 produktu.<\/p>\n\n\n\n<h2 class=\"wp-block-heading\" id=\"h-dost-pne-w\"><strong>Dost\u0119pne w<\/strong><\/h2>\n\n\n\n<p>Pude\u0142ko zawieraj\u0105ce strzykawk\u0119 (8ml)<\/p>\n\n\n\n<p>Opakowanie zawieraj\u0105ce strzykawk\u0119 (8ml) i adapter do system\u00f3w R1234YF<\/p>\n\n\n\n<p>Opakowanie zawieraj\u0105ce strzykawk\u0119 (8ml) i adapter do system\u00f3w R134a<\/p>\n\n\n\n<p>Torba z 6 strzykawkami (8ml) i 2 adapterami (1x R134a i 1x R1234YF)<\/p>\n","protected":false},"excerpt":{"rendered":"<p>Dodatek uszczelniaj\u0105cy do naprawy mikroszczelin w uk\u0142adach klimatyzacji. W\u0142a\u015bciwo\u015bci Aplikacja W\u0142\u0105cz system powietrzny i pod\u0142\u0105cz adapter do aplikatora. Nacisn\u0105\u0107 t\u0142ok i odpowietrzy\u0107. Pod\u0142\u0105czy\u0107 strzykawk\u0119 do strony niskoci\u015bnieniowej. Opr\u00f3\u017cni\u0107 ca\u0142kowicie strzykawk\u0119 i od\u0142\u0105czy\u0107. Pozostawi\u0107 uk\u0142ad pneumatyczny w\u0142\u0105czony na 15 minut, aby umo\u017cliwi\u0107 pe\u0142n\u0105 penetracj\u0119 produktu. Dost\u0119pne w Pude\u0142ko zawieraj\u0105ce strzykawk\u0119 (8ml) Opakowanie zawieraj\u0105ce strzykawk\u0119 (8ml) i [&hellip;]<\/p>\n","protected":false},"author":1,"featured_media":22612,"parent":17208,"menu_order":0,"comment_status":"closed","ping_status":"closed","template":"product-page.php","meta":{"_acf_changed":false,"inline_featured_image":false,"footnotes":""},"class_list":["post-21015","page","type-page","status-publish","has-post-thumbnail","hentry"],"acf":[],"_links":{"self":[{"href":"https:\/\/xenum.com\/pl\/wp-json\/wp\/v2\/pages\/21015","targetHints":{"allow":["GET"]}}],"collection":[{"href":"https:\/\/xenum.com\/pl\/wp-json\/wp\/v2\/pages"}],"about":[{"href":"https:\/\/xenum.com\/pl\/wp-json\/wp\/v2\/types\/page"}],"author":[{"embeddable":true,"href":"https:\/\/xenum.com\/pl\/wp-json\/wp\/v2\/users\/1"}],"replies":[{"embeddable":true,"href":"https:\/\/xenum.com\/pl\/wp-json\/wp\/v2\/comments?post=21015"}],"version-history":[{"count":4,"href":"https:\/\/xenum.com\/pl\/wp-json\/wp\/v2\/pages\/21015\/revisions"}],"predecessor-version":[{"id":23820,"href":"https:\/\/xenum.com\/pl\/wp-json\/wp\/v2\/pages\/21015\/revisions\/23820"}],"up":[{"embeddable":true,"href":"https:\/\/xenum.com\/pl\/wp-json\/wp\/v2\/pages\/17208"}],"wp:featuredmedia":[{"embeddable":true,"href":"https:\/\/xenum.com\/pl\/wp-json\/wp\/v2\/media\/22612"}],"wp:attachment":[{"href":"https:\/\/xenum.com\/pl\/wp-json\/wp\/v2\/media?parent=21015"}],"curies":[{"name":"wp","href":"https:\/\/api.w.org\/{rel}","templated":true}]}}