{"id":20937,"date":"2023-02-11T13:48:09","date_gmt":"2023-02-11T12:48:09","guid":{"rendered":"https:\/\/xenum.com\/strona-startowa\/o-nas\/sustainability\/"},"modified":"2023-03-13T20:13:06","modified_gmt":"2023-03-13T19:13:06","slug":"zrownowazony-rozwoj","status":"publish","type":"page","link":"https:\/\/xenum.com\/pl\/strona-startowa\/o-nas\/zrownowazony-rozwoj\/","title":{"rendered":"Zr\u00f3wnowa\u017cony rozw\u00f3j"},"content":{"rendered":"","protected":false},"excerpt":{"rendered":"","protected":false},"author":10,"featured_media":0,"parent":17030,"menu_order":0,"comment_status":"closed","ping_status":"closed","template":"","meta":{"_acf_changed":false,"inline_featured_image":false,"footnotes":""},"class_list":["post-20937","page","type-page","status-publish","hentry"],"acf":[],"_links":{"self":[{"href":"https:\/\/xenum.com\/pl\/wp-json\/wp\/v2\/pages\/20937","targetHints":{"allow":["GET"]}}],"collection":[{"href":"https:\/\/xenum.com\/pl\/wp-json\/wp\/v2\/pages"}],"about":[{"href":"https:\/\/xenum.com\/pl\/wp-json\/wp\/v2\/types\/page"}],"author":[{"embeddable":true,"href":"https:\/\/xenum.com\/pl\/wp-json\/wp\/v2\/users\/10"}],"replies":[{"embeddable":true,"href":"https:\/\/xenum.com\/pl\/wp-json\/wp\/v2\/comments?post=20937"}],"version-history":[{"count":1,"href":"https:\/\/xenum.com\/pl\/wp-json\/wp\/v2\/pages\/20937\/revisions"}],"predecessor-version":[{"id":20946,"href":"https:\/\/xenum.com\/pl\/wp-json\/wp\/v2\/pages\/20937\/revisions\/20946"}],"up":[{"embeddable":true,"href":"https:\/\/xenum.com\/pl\/wp-json\/wp\/v2\/pages\/17030"}],"wp:attachment":[{"href":"https:\/\/xenum.com\/pl\/wp-json\/wp\/v2\/media?parent=20937"}],"curies":[{"name":"wp","href":"https:\/\/api.w.org\/{rel}","templated":true}]}}