{"id":18608,"date":"2022-09-14T08:05:02","date_gmt":"2022-09-14T07:05:02","guid":{"rendered":"https:\/\/xenum.com\/strona-startowa\/produkty\/oleje\/motorbike\/ester-syntetyczny\/x1-bike-10w40\/"},"modified":"2022-09-14T11:14:00","modified_gmt":"2022-09-14T10:14:00","slug":"x1-bike-10w40","status":"publish","type":"page","link":"https:\/\/xenum.com\/pl\/strona-startowa\/produkty\/oleje\/motorbike\/ester-syntetyczny\/x1-bike-10w40\/","title":{"rendered":"X1-BIKE 10W40"},"content":{"rendered":"\n<p>Nowoczesny syntetyczny 4-suwowy olej silnikowy na bazie estr\u00f3w, produkowany ze specjalnie wyselekcjonowanych olej\u00f3w bazowych o wysokim i stabilnym wska\u017aniku lepko\u015bci oraz dobrze wywa\u017conego doboru zaawansowanych dodatk\u00f3w. Ten olej silnikowy zapewnia optymaln\u0105 ochron\u0119. Przewy\u017csza wymagania wydajno\u015bciowe wszystkich producent\u00f3w silnik\u00f3w.<\/p>\n\n\n\n<h2 class=\"wp-block-heading\" id=\"h-w-a-ciwo-ci\">W\u0142a\u015bciwo\u015bci<\/h2>\n\n\n\n<ul class=\"wp-block-list\"><li>Oszcz\u0119dno\u015b\u0107 paliwa<\/li><li>Wysoki i bardzo stabilny wska\u017anik lepko\u015bci.<\/li><li>Najwy\u017csza odporno\u015b\u0107 na \u015bcinanie.<\/li><li>\u015awietna detergencja i dyspersja.<\/li><li>Bardzo silna odporno\u015b\u0107 na utlenianie.<\/li><li>Bezpieczny film smarny w ka\u017cdej temperaturze.<\/li><li>Wysoka ochrona przed zu\u017cyciem i pienieniem si\u0119.<\/li><\/ul>\n\n\n\n<h2 class=\"wp-block-heading\" id=\"h-zastosowanie\">Zastosowanie<\/h2>\n\n\n\n<p>Olej ten zosta\u0142 opracowany specjalnie do smarowania czterosuwowych silnik\u00f3w motocyklowych, wi\u0119c po\u015blizg, pasta i \/ lub szorstka zmiana po\u0142o\u017cenia tarcz sprz\u0119g\u0142a nale\u017c\u0105 do przesz\u0142o\u015bci. Ten olej zosta\u0142 opracowany w \u015bcis\u0142ej wsp\u00f3\u0142pracy z g\u0142\u00f3wnych producent\u00f3w motocykli i zosta\u0142 przetestowany i sprawdzone mo\u017cliwo\u015bci w praktyce.<\/p>\n\n\n\n<p>Dzi\u0119ki wszystkim w\u0142a\u015bciwo\u015bciom, olej jest r\u00f3wnie\u017c wyj\u0105tkowo odpowiedni do warunk\u00f3w wy\u015bcigowych i wytrzyma\u0142o\u015bciowych.<\/p>\n\n\n\n<h2 class=\"wp-block-heading\" id=\"h-specyfikacje\">Specyfikacje<\/h2>\n\n\n\n<ul class=\"wp-block-list\"><li>API SM<\/li><li>JASO MA2<\/li><\/ul>\n\n\n\n<h3 class=\"wp-block-heading\" id=\"h-dost-pny-w\"><br>Dost\u0119pny w<\/h3>\n\n\n\n<p>puszka 1L<\/p>\n","protected":false},"excerpt":{"rendered":"<p>Nowoczesny syntetyczny 4-suwowy olej silnikowy na bazie estr\u00f3w, produkowany ze specjalnie wyselekcjonowanych olej\u00f3w bazowych o wysokim i stabilnym wska\u017aniku lepko\u015bci oraz dobrze wywa\u017conego doboru zaawansowanych dodatk\u00f3w. Ten olej silnikowy zapewnia optymaln\u0105 ochron\u0119. Przewy\u017csza wymagania wydajno\u015bciowe wszystkich producent\u00f3w silnik\u00f3w. W\u0142a\u015bciwo\u015bci Oszcz\u0119dno\u015b\u0107 paliwa Wysoki i bardzo stabilny wska\u017anik lepko\u015bci. Najwy\u017csza odporno\u015b\u0107 na \u015bcinanie. \u015awietna detergencja i dyspersja. [&hellip;]<\/p>\n","protected":false},"author":1,"featured_media":18618,"parent":17298,"menu_order":1,"comment_status":"closed","ping_status":"closed","template":"product-page.php","meta":{"_acf_changed":false,"inline_featured_image":false,"footnotes":""},"class_list":["post-18608","page","type-page","status-publish","has-post-thumbnail","hentry"],"acf":[],"_links":{"self":[{"href":"https:\/\/xenum.com\/pl\/wp-json\/wp\/v2\/pages\/18608","targetHints":{"allow":["GET"]}}],"collection":[{"href":"https:\/\/xenum.com\/pl\/wp-json\/wp\/v2\/pages"}],"about":[{"href":"https:\/\/xenum.com\/pl\/wp-json\/wp\/v2\/types\/page"}],"author":[{"embeddable":true,"href":"https:\/\/xenum.com\/pl\/wp-json\/wp\/v2\/users\/1"}],"replies":[{"embeddable":true,"href":"https:\/\/xenum.com\/pl\/wp-json\/wp\/v2\/comments?post=18608"}],"version-history":[{"count":2,"href":"https:\/\/xenum.com\/pl\/wp-json\/wp\/v2\/pages\/18608\/revisions"}],"predecessor-version":[{"id":18610,"href":"https:\/\/xenum.com\/pl\/wp-json\/wp\/v2\/pages\/18608\/revisions\/18610"}],"up":[{"embeddable":true,"href":"https:\/\/xenum.com\/pl\/wp-json\/wp\/v2\/pages\/17298"}],"wp:featuredmedia":[{"embeddable":true,"href":"https:\/\/xenum.com\/pl\/wp-json\/wp\/v2\/media\/18618"}],"wp:attachment":[{"href":"https:\/\/xenum.com\/pl\/wp-json\/wp\/v2\/media?parent=18608"}],"curies":[{"name":"wp","href":"https:\/\/api.w.org\/{rel}","templated":true}]}}