{"id":17390,"date":"2020-02-20T18:47:28","date_gmt":"2020-02-20T18:47:28","guid":{"rendered":"https:\/\/xenum.com\/strona-startowa\/produkty\/oleje\/motorbike\/ester-syntetyczny\/x1-bike-10w50\/"},"modified":"2022-09-14T11:11:46","modified_gmt":"2022-09-14T10:11:46","slug":"x1-bike-10w50","status":"publish","type":"page","link":"https:\/\/xenum.com\/pl\/strona-startowa\/produkty\/oleje\/motorbike\/ester-syntetyczny\/x1-bike-10w50\/","title":{"rendered":"X1-BIKE 10w50"},"content":{"rendered":"<p>Nowoczesny syntetyczny 4-suwowy olej silnikowy na bazie estr\u00f3w, produkowany ze specjalnie wyselekcjonowanych olej\u00f3w bazowych o wysokim i stabilnym wska\u017aniku lepko\u015bci oraz dobrze wywa\u017conego doboru zaawansowanych dodatk\u00f3w. Ten olej silnikowy zapewnia optymaln\u0105 ochron\u0119. Przewy\u017csza wymagania wydajno\u015bciowe wszystkich producent\u00f3w silnik\u00f3w.<\/p>\n<h2>W\u0142a\u015bciwo\u015bci<\/h2>\n<ul>\n<li>Oszcz\u0119dno\u015b\u0107 paliwa<\/li>\n<li>Wysoki i bardzo stabilny wska\u017anik lepko\u015bci.<\/li>\n<li>Najwy\u017csza odporno\u015b\u0107 na \u015bcinanie.<\/li>\n<li>\u015awietna detergencja i dyspersja.<\/li>\n<li>Bardzo silna odporno\u015b\u0107 na utlenianie.<\/li>\n<li>Bezpieczny film smarny w ka\u017cdej temperaturze.<\/li>\n<li>Wysoka ochrona przed zu\u017cyciem i pienieniem si\u0119.<\/li>\n<\/ul>\n<h2>Zastosowanie<\/h2>\n<p>Olej ten zosta\u0142 opracowany specjalnie do smarowania czterosuwowych silnik\u00f3w motocyklowych, wi\u0119c po\u015blizg, pasta i \/ lub szorstka zmiana po\u0142o\u017cenia tarcz sprz\u0119g\u0142a nale\u017c\u0105 do przesz\u0142o\u015bci. Ten olej zosta\u0142 opracowany w \u015bcis\u0142ej wsp\u00f3\u0142pracy z g\u0142\u00f3wnych producent\u00f3w motocykli i zosta\u0142 przetestowany i sprawdzone mo\u017cliwo\u015bci w praktyce.<\/p>\n<p>Dzi\u0119ki wszystkim w\u0142a\u015bciwo\u015bciom, olej jest r\u00f3wnie\u017c wyj\u0105tkowo odpowiedni do warunk\u00f3w wy\u015bcigowych i wytrzyma\u0142o\u015bciowych.<\/p>\n<h2>Specyfikacje<\/h2>\n<ul>\n<li>API SM<\/li>\n<li>JASO MA2<\/li>\n<\/ul>\n<h3>\nDost\u0119pny w<\/h3>\n<p>puszka 1L<br \/>\n20L b\u0119ben<br \/>\nBeczka 60 L<br \/>\nBeczka 208 L<\/p>\n<h2><\/h2>\n","protected":false},"excerpt":{"rendered":"<p>Nowoczesny syntetyczny 4-suwowy olej silnikowy na bazie estr\u00f3w, produkowany ze specjalnie wyselekcjonowanych olej\u00f3w bazowych o wysokim i stabilnym wska\u017aniku lepko\u015bci oraz dobrze wywa\u017conego doboru zaawansowanych dodatk\u00f3w. Ten olej silnikowy zapewnia optymaln\u0105 ochron\u0119. Przewy\u017csza wymagania wydajno\u015bciowe wszystkich producent\u00f3w silnik\u00f3w. W\u0142a\u015bciwo\u015bci Oszcz\u0119dno\u015b\u0107 paliwa Wysoki i bardzo stabilny wska\u017anik lepko\u015bci. Najwy\u017csza odporno\u015b\u0107 na \u015bcinanie. \u015awietna detergencja i dyspersja. [&hellip;]<\/p>\n","protected":false},"author":1,"featured_media":14964,"parent":17298,"menu_order":2,"comment_status":"closed","ping_status":"closed","template":"product-page.php","meta":{"_acf_changed":false,"inline_featured_image":false,"footnotes":""},"class_list":["post-17390","page","type-page","status-publish","has-post-thumbnail","hentry"],"acf":[],"_links":{"self":[{"href":"https:\/\/xenum.com\/pl\/wp-json\/wp\/v2\/pages\/17390","targetHints":{"allow":["GET"]}}],"collection":[{"href":"https:\/\/xenum.com\/pl\/wp-json\/wp\/v2\/pages"}],"about":[{"href":"https:\/\/xenum.com\/pl\/wp-json\/wp\/v2\/types\/page"}],"author":[{"embeddable":true,"href":"https:\/\/xenum.com\/pl\/wp-json\/wp\/v2\/users\/1"}],"replies":[{"embeddable":true,"href":"https:\/\/xenum.com\/pl\/wp-json\/wp\/v2\/comments?post=17390"}],"version-history":[{"count":4,"href":"https:\/\/xenum.com\/pl\/wp-json\/wp\/v2\/pages\/17390\/revisions"}],"predecessor-version":[{"id":18606,"href":"https:\/\/xenum.com\/pl\/wp-json\/wp\/v2\/pages\/17390\/revisions\/18606"}],"up":[{"embeddable":true,"href":"https:\/\/xenum.com\/pl\/wp-json\/wp\/v2\/pages\/17298"}],"wp:featuredmedia":[{"embeddable":true,"href":"https:\/\/xenum.com\/pl\/wp-json\/wp\/v2\/media\/14964"}],"wp:attachment":[{"href":"https:\/\/xenum.com\/pl\/wp-json\/wp\/v2\/media?parent=17390"}],"curies":[{"name":"wp","href":"https:\/\/api.w.org\/{rel}","templated":true}]}}