{"id":17386,"date":"2021-08-25T11:56:48","date_gmt":"2021-08-25T11:56:48","guid":{"rendered":"https:\/\/xenum.com\/strona-startowa\/produkty\/oleje\/przekladnie\/manualne\/x-tran-s-75w\/"},"modified":"2023-10-03T10:27:08","modified_gmt":"2023-10-03T09:27:08","slug":"x-tran-s-75w","status":"publish","type":"page","link":"https:\/\/xenum.com\/pl\/strona-startowa\/produkty\/oleje\/przekladnie\/manualne\/x-tran-s-75w\/","title":{"rendered":"X-TRAN S 75W"},"content":{"rendered":"<p>Jest to w pe\u0142ni syntetyczny \u015brodek smarny oparty na starannie dobranych bardzo wysokiej jako\u015bci olejach bazowych o niskiej lepko\u015bci, stosowany w manualnych skrzyniach bieg\u00f3w samochod\u00f3w osobowych, co pozwala na osi\u0105gni\u0119cie najwy\u017cszej oszcz\u0119dno\u015bci paliwa. Oferuje zoptymalizowane w\u0142a\u015bciwo\u015bci zimnego startu oraz stabilne zachowanie lepko\u015bciowo-temperaturowe.<\/p>\n<h2><strong>W\u0141A\u015aCIWO\u015aCI<\/strong><\/h2>\n<ul>\n<li>Dobra odporno\u015b\u0107 na utlenianie<\/li>\n<li>Dobre w\u0142a\u015bciwo\u015bci zapobiegaj\u0105ce rdzewieniu, antykorozyjne i hamuj\u0105ce powstawanie piany<\/li>\n<li>Niska temperatura krzepni\u0119cia<\/li>\n<li>Dobre w\u0142a\u015bciwo\u015bci pod ci\u015bnieniem ekstremalnym (EP)<\/li>\n<\/ul>\n<h2><strong>APLIKACJA<\/strong><\/h2>\n<p>Produkt ten jest specjalnie opracowany do skrzy\u0144 bieg\u00f3w, do kt\u00f3rych zalecane s\u0105 p\u0142yny do przek\u0142adni manualnych o niskiej lepko\u015bci, np. VW Gear Oil SAE 75W.<\/p>\n<h3><strong>SPECYFIKACJE<\/strong><\/h3>\n<ul>\n<li>API GL-4<\/li>\n<li>BMW MTF LT-2 \/\u00a0MTF LT-3<\/li>\n<li>FORD WSS-M2C200-D2<\/li>\n<li>GM MTF 0063<\/li>\n<li>NISSAN LV MTF-1<\/li>\n<li>PSA B71 9730 A8<\/li>\n<li>VW G 052 171 \/ G 052 178 \/ G 052 512 \/ G 052 549 \/ G 052 726 \/\u00a0G 052 798<\/li>\n<\/ul>\n<h3><strong>OPAKOWANIE<\/strong><\/h3>\n<p>12X1L, 4X4L, 4X5L, 20L, 60L, 208L<\/p>\n","protected":false},"excerpt":{"rendered":"<p>Jest to w pe\u0142ni syntetyczny \u015brodek smarny oparty na starannie dobranych bardzo wysokiej jako\u015bci olejach bazowych o niskiej lepko\u015bci, stosowany w manualnych skrzyniach bieg\u00f3w samochod\u00f3w osobowych, co pozwala na osi\u0105gni\u0119cie najwy\u017cszej oszcz\u0119dno\u015bci paliwa. Oferuje zoptymalizowane w\u0142a\u015bciwo\u015bci zimnego startu oraz stabilne zachowanie lepko\u015bciowo-temperaturowe. W\u0141A\u015aCIWO\u015aCI Dobra odporno\u015b\u0107 na utlenianie Dobre w\u0142a\u015bciwo\u015bci zapobiegaj\u0105ce rdzewieniu, antykorozyjne i hamuj\u0105ce powstawanie [&hellip;]<\/p>\n","protected":false},"author":1,"featured_media":15495,"parent":17295,"menu_order":6,"comment_status":"closed","ping_status":"closed","template":"product-page.php","meta":{"_acf_changed":false,"inline_featured_image":false,"footnotes":""},"class_list":["post-17386","page","type-page","status-publish","has-post-thumbnail","hentry"],"acf":[],"_links":{"self":[{"href":"https:\/\/xenum.com\/pl\/wp-json\/wp\/v2\/pages\/17386","targetHints":{"allow":["GET"]}}],"collection":[{"href":"https:\/\/xenum.com\/pl\/wp-json\/wp\/v2\/pages"}],"about":[{"href":"https:\/\/xenum.com\/pl\/wp-json\/wp\/v2\/types\/page"}],"author":[{"embeddable":true,"href":"https:\/\/xenum.com\/pl\/wp-json\/wp\/v2\/users\/1"}],"replies":[{"embeddable":true,"href":"https:\/\/xenum.com\/pl\/wp-json\/wp\/v2\/comments?post=17386"}],"version-history":[{"count":4,"href":"https:\/\/xenum.com\/pl\/wp-json\/wp\/v2\/pages\/17386\/revisions"}],"predecessor-version":[{"id":24644,"href":"https:\/\/xenum.com\/pl\/wp-json\/wp\/v2\/pages\/17386\/revisions\/24644"}],"up":[{"embeddable":true,"href":"https:\/\/xenum.com\/pl\/wp-json\/wp\/v2\/pages\/17295"}],"wp:featuredmedia":[{"embeddable":true,"href":"https:\/\/xenum.com\/pl\/wp-json\/wp\/v2\/media\/15495"}],"wp:attachment":[{"href":"https:\/\/xenum.com\/pl\/wp-json\/wp\/v2\/media?parent=17386"}],"curies":[{"name":"wp","href":"https:\/\/api.w.org\/{rel}","templated":true}]}}