{"id":17384,"date":"2021-08-25T14:26:36","date_gmt":"2021-08-25T14:26:36","guid":{"rendered":"https:\/\/xenum.com\/strona-startowa\/produkty\/oleje\/przekladnie\/manualne\/x-tran-s-75w140\/"},"modified":"2023-05-16T13:20:32","modified_gmt":"2023-05-16T12:20:32","slug":"x-tran-s-75w140","status":"publish","type":"page","link":"https:\/\/xenum.com\/pl\/strona-startowa\/produkty\/oleje\/przekladnie\/manualne\/x-tran-s-75w140\/","title":{"rendered":"X-TRAN S 75W140"},"content":{"rendered":"<p>Jest to w pe\u0142ni syntetyczny \u015brodek smarny oparty na starannie wyselekcjonowanych, wysoko rafinowanych olejach bazowych. Jest to wysokowydajny olej przek\u0142adniowy do wszystkich mechanizm\u00f3w r\u00f3\u017cnicowych, w tym tych wyposa\u017conych w mechanizm \"ograniczonego po\u015blizgu\". Charakteryzuje si\u0119 wyj\u0105tkowo wysok\u0105 stabilno\u015bci\u0105 lepko\u015bci w r\u00f3\u017cnych temperaturach i bardzo wysok\u0105 p\u0142ynno\u015bci\u0105 w niskich temperaturach.<\/p>\n<h2><strong>W\u0141A\u015aCIWO\u015aCI<\/strong><\/h2>\n<ul>\n<li>Doskona\u0142a odporno\u015b\u0107 na wysokie temperatury<\/li>\n<li>Bardzo wysoka odporno\u015b\u0107 na zu\u017cycie, korozj\u0119 i powstawanie piany<\/li>\n<li>Niska temperatura krzepni\u0119cia<\/li>\n<li>Bardzo szczeg\u00f3lne w\u0142a\u015bciwo\u015bci w ekstremalnych ci\u015bnieniach<\/li>\n<li>Szerokie zastosowanie<\/li>\n<\/ul>\n<h2><strong>APLIKACJA<\/strong><\/h2>\n<p>Produkt ten jest stosowany w wysoko obci\u0105\u017conych osiach i przek\u0142adniach redukcyjnych samochod\u00f3w osobowych, ci\u0119\u017carowych i sprz\u0119tu terenowego. Posiada w\u0142a\u015bciwo\u015bci \"ograniczonego po\u015blizgu\" i jest szczeg\u00f3lnie zalecany do pojazd\u00f3w 4X4.<\/p>\n<h3><strong>SPECYFIKACJA<\/strong><\/h3>\n<ul>\n<li>API: GL 4+<\/li>\n<li>GL-5<\/li>\n<li>BMW<\/li>\n<li>MIL: MIL-L-2105 E<\/li>\n<li>SCANIA STO 1.0 box<\/li>\n<li>MB 235.8<\/li>\n<li>IVECO<\/li>\n<li>RENAULT<\/li>\n<\/ul>\n<h3><strong>OPAKOWANIE<\/strong><\/h3>\n<div id=\"the-product-details\" class=\"ct-div-block\">\n<div id=\"text_block-25-15726\" class=\"ct-text-block\">\n<div id=\"the-product-details\" class=\"ct-div-block\">\n<div id=\"text_block-25-15726\" class=\"ct-text-block\">\n<p>12X1L, 4X4L, 4X5L, 20L, 60L, 208L<\/p>\n<\/div>\n<\/div>\n<\/div>\n<\/div>\n","protected":false},"excerpt":{"rendered":"<p>Jest to w pe\u0142ni syntetyczny \u015brodek smarny oparty na starannie wyselekcjonowanych, wysoko rafinowanych olejach bazowych. Jest to wysokowydajny olej przek\u0142adniowy do wszystkich mechanizm\u00f3w r\u00f3\u017cnicowych, w tym tych wyposa\u017conych w mechanizm \"ograniczonego po\u015blizgu\". Charakteryzuje si\u0119 wyj\u0105tkowo wysok\u0105 stabilno\u015bci\u0105 lepko\u015bci w r\u00f3\u017cnych temperaturach i bardzo wysok\u0105 p\u0142ynno\u015bci\u0105 w niskich temperaturach. W\u0141A\u015aCIWO\u015aCI Doskona\u0142a odporno\u015b\u0107 na wysokie temperatury Bardzo [&hellip;]<\/p>\n","protected":false},"author":1,"featured_media":15486,"parent":17295,"menu_order":0,"comment_status":"closed","ping_status":"closed","template":"product-page.php","meta":{"_acf_changed":false,"inline_featured_image":false,"footnotes":""},"class_list":["post-17384","page","type-page","status-publish","has-post-thumbnail","hentry"],"acf":[],"_links":{"self":[{"href":"https:\/\/xenum.com\/pl\/wp-json\/wp\/v2\/pages\/17384","targetHints":{"allow":["GET"]}}],"collection":[{"href":"https:\/\/xenum.com\/pl\/wp-json\/wp\/v2\/pages"}],"about":[{"href":"https:\/\/xenum.com\/pl\/wp-json\/wp\/v2\/types\/page"}],"author":[{"embeddable":true,"href":"https:\/\/xenum.com\/pl\/wp-json\/wp\/v2\/users\/1"}],"replies":[{"embeddable":true,"href":"https:\/\/xenum.com\/pl\/wp-json\/wp\/v2\/comments?post=17384"}],"version-history":[{"count":4,"href":"https:\/\/xenum.com\/pl\/wp-json\/wp\/v2\/pages\/17384\/revisions"}],"predecessor-version":[{"id":22014,"href":"https:\/\/xenum.com\/pl\/wp-json\/wp\/v2\/pages\/17384\/revisions\/22014"}],"up":[{"embeddable":true,"href":"https:\/\/xenum.com\/pl\/wp-json\/wp\/v2\/pages\/17295"}],"wp:featuredmedia":[{"embeddable":true,"href":"https:\/\/xenum.com\/pl\/wp-json\/wp\/v2\/media\/15486"}],"wp:attachment":[{"href":"https:\/\/xenum.com\/pl\/wp-json\/wp\/v2\/media?parent=17384"}],"curies":[{"name":"wp","href":"https:\/\/api.w.org\/{rel}","templated":true}]}}