{"id":17381,"date":"2021-09-24T09:04:38","date_gmt":"2021-09-24T09:04:38","guid":{"rendered":"https:\/\/xenum.com\/strona-startowa\/produkty\/oleje\/przekladnie\/manualne\/x-tran-75w90-gl5\/"},"modified":"2023-06-19T14:50:50","modified_gmt":"2023-06-19T13:50:50","slug":"x-tran-75w90-gl5","status":"publish","type":"page","link":"https:\/\/xenum.com\/pl\/strona-startowa\/produkty\/oleje\/przekladnie\/manualne\/x-tran-75w90-gl5\/","title":{"rendered":"X-TRAN 75W90 GL5"},"content":{"rendered":"<p>Syntetyczny, wielozadaniowy, samochodowy olej przek\u0142adniowy X-TRAN 75W-90 GL4\/5 zosta\u0142 opracowany z my\u015bl\u0105 o spe\u0142nieniu najwy\u017cszych wymaga\u0144 eksploatacyjnych nowoczesnych pojazd\u00f3w osobowych w ka\u017cdych warunkach pracy. W por\u00f3wnaniu z konwencjonalnymi hipoidalnymi olejami przek\u0142adniowymi, X-TRAN 75w90 GL4\/5 dzia\u0142a wyj\u0105tkowo w szerokim zakresie temperatur. Mo\u017ce by\u0107 r\u00f3wnie\u017c stosowany w wyd\u0142u\u017conych okresach eksploatacji i w celu zmniejszenia zu\u017cycia paliwa. Do r\u0119cznych skrzy\u0144 bieg\u00f3w, uk\u0142ad\u00f3w wspomagania kierownicy, przemiennik\u00f3w momentu obrotowego i innych urz\u0105dze\u0144 hydraulicznych.<\/p>\n<h2><strong>W\u0141A\u015aCIWO\u015aCI<\/strong><\/h2>\n<ul>\n<li>Wyj\u0105tkowa stabilno\u015b\u0107 termiczna i odporno\u015b\u0107 na utlenianie w wysokich temperaturach<\/li>\n<li>Utrzymuje wytrzyma\u0142o\u015b\u0107 filmu olejowego, zapewniaj\u0105c niezawodne smarowanie<\/li>\n<li>Wyj\u0105tkowa odporno\u015b\u0107 na \u015bcinanie<\/li>\n<li>Doskona\u0142a ochrona przed rdz\u0105, plamami i korozj\u0105 miedzi i jej stop\u00f3w<\/li>\n<li>Doskona\u0142a ochrona przed zu\u017cyciem przy niskich pr\u0119dko\u015bciach\/wysokim momencie obrotowym i<\/li>\n<li>przed zacieraniem przy wysokich pr\u0119dko\u015bciach<\/li>\n<li>Lepsze w\u0142a\u015bciwo\u015bci cierne<\/li>\n<li>Mniejsze zu\u017cycie i d\u0142u\u017csza \u017cywotno\u015b\u0107 komponent\u00f3w<\/li>\n<\/ul>\n<h2><strong>APLIKACJA<\/strong><\/h2>\n<p>Olej ten jest stosowany g\u0142\u00f3wnie w hipoidalnych osiach tylnych z mechanizmem ograniczonego po\u015blizgu i skrzyniach rozdzielczych samochod\u00f3w o du\u017cej mocy, SUV-\u00f3w i nap\u0119d\u00f3w na wszystkie ko\u0142a (AWD). Odpowiedni do zastosowa\u0144 SAE 75W90 i 75W85.<\/p>\n<h3><strong>SPECYFIKACJA<\/strong><\/h3>\n<ul>\n<li>API: GL 4+<\/li>\n<li>GL-5 \/ LS<\/li>\n<li>MIL: MIL-L-2105 E<\/li>\n<li>SCANIA STO 1.0 box<\/li>\n<li>MAN 341 Z2, 341 E3, 342 M3<\/li>\n<li>MB 235.8<\/li>\n<li>ZF TE-ML 02B, 05B, 07A, 08, 12B, 16F, 17B, 19C, 21B<\/li>\n<li>IVECO axles<\/li>\n<li>VOITH 3.325-340<\/li>\n<li>Arvin Meritor O-76N<\/li>\n<li>INTERNATIONAL TMS-6816<\/li>\n<li>DAF<\/li>\n<\/ul>\n<h3><strong>PAKOWANIE<\/strong><\/h3>\n<p>12X1L, 4X4L, 4X5L, 20L, 60L, 208L<\/p>\n","protected":false},"excerpt":{"rendered":"<p>Syntetyczny, wielozadaniowy, samochodowy olej przek\u0142adniowy X-TRAN 75W-90 GL4\/5 zosta\u0142 opracowany z my\u015bl\u0105 o spe\u0142nieniu najwy\u017cszych wymaga\u0144 eksploatacyjnych nowoczesnych pojazd\u00f3w osobowych w ka\u017cdych warunkach pracy. W por\u00f3wnaniu z konwencjonalnymi hipoidalnymi olejami przek\u0142adniowymi, X-TRAN 75w90 GL4\/5 dzia\u0142a wyj\u0105tkowo w szerokim zakresie temperatur. Mo\u017ce by\u0107 r\u00f3wnie\u017c stosowany w wyd\u0142u\u017conych okresach eksploatacji i w celu zmniejszenia zu\u017cycia paliwa. Do [&hellip;]<\/p>\n","protected":false},"author":1,"featured_media":0,"parent":17295,"menu_order":0,"comment_status":"closed","ping_status":"closed","template":"product-page.php","meta":{"_acf_changed":false,"inline_featured_image":false,"footnotes":""},"class_list":["post-17381","page","type-page","status-publish","hentry"],"acf":[],"_links":{"self":[{"href":"https:\/\/xenum.com\/pl\/wp-json\/wp\/v2\/pages\/17381","targetHints":{"allow":["GET"]}}],"collection":[{"href":"https:\/\/xenum.com\/pl\/wp-json\/wp\/v2\/pages"}],"about":[{"href":"https:\/\/xenum.com\/pl\/wp-json\/wp\/v2\/types\/page"}],"author":[{"embeddable":true,"href":"https:\/\/xenum.com\/pl\/wp-json\/wp\/v2\/users\/1"}],"replies":[{"embeddable":true,"href":"https:\/\/xenum.com\/pl\/wp-json\/wp\/v2\/comments?post=17381"}],"version-history":[{"count":2,"href":"https:\/\/xenum.com\/pl\/wp-json\/wp\/v2\/pages\/17381\/revisions"}],"predecessor-version":[{"id":23121,"href":"https:\/\/xenum.com\/pl\/wp-json\/wp\/v2\/pages\/17381\/revisions\/23121"}],"up":[{"embeddable":true,"href":"https:\/\/xenum.com\/pl\/wp-json\/wp\/v2\/pages\/17295"}],"wp:attachment":[{"href":"https:\/\/xenum.com\/pl\/wp-json\/wp\/v2\/media?parent=17381"}],"curies":[{"name":"wp","href":"https:\/\/api.w.org\/{rel}","templated":true}]}}