{"id":17376,"date":"2017-08-31T19:20:34","date_gmt":"2017-08-31T19:20:34","guid":{"rendered":"https:\/\/xenum.com\/strona-startowa\/produkty\/oleje\/przekladnie\/automatyczne\/xa-tran-8g\/"},"modified":"2023-06-22T08:35:41","modified_gmt":"2023-06-22T07:35:41","slug":"xa-tran-8g","status":"publish","type":"page","link":"https:\/\/xenum.com\/pl\/strona-startowa\/produkty\/oleje\/przekladnie\/automatyczne\/xa-tran-8g\/","title":{"rendered":"XA-TRAN 8G"},"content":{"rendered":"<p>XA-TRAN 8G to najwy\u017cszej jako\u015bci olej do automatycznych skrzy\u0144 bieg\u00f3w opracowany z wykorzystaniem syntetycznych olej\u00f3w bazowych o wysokiej lepko\u015bci i starannie dobranej mieszanki zaawansowanych dodatk\u00f3w. Zapewnia doskona\u0142\u0105 ochron\u0119 przed zu\u017cyciem i tarciem, zwi\u0119ksza oszcz\u0119dno\u015b\u0107 paliwa i wyd\u0142u\u017ca okresy mi\u0119dzy wymianami oleju.<\/p>\n<h2><strong>W\u0141A\u015aCIWO\u015aCI<\/strong><\/h2>\n<ul>\n<li>Przyczynia si\u0119 do optymalizacji zu\u017cycia paliwa<\/li>\n<li>Zapewnia doskona\u0142e smarowanie i ochron\u0119 przed zu\u017cyciem<\/li>\n<li>Wykazuje wyj\u0105tkow\u0105 odporno\u015b\u0107 na utlenianie i pienienie<\/li>\n<li>Utrzymuje wysoki i stabilny wska\u017anik lepko\u015bci, nawet w wysokich temperaturach<\/li>\n<li>Wyd\u0142u\u017ca okresy mi\u0119dzy wymianami oleju<\/li>\n<\/ul>\n<h2><strong>APLIKACJA<\/strong><\/h2>\n<p>Specjalnie zaprojektowany do smarowania przek\u0142adni ZF 8HP, w tym 8HP45, 8HP55, 8HP70 i 8HP90. Dodatkowo mo\u017ce by\u0107 stosowany w niekt\u00f3rych przek\u0142adniach ZF 6HP wyst\u0119puj\u0105cych w r\u00f3\u017cnych modelach VAG.<\/p>\n<h3><strong>SPECYFIKACJA<\/strong><\/h3>\n<ul>\n<li>ZF 8 HP<\/li>\n<li>BMW: 83222152426<\/li>\n<li>CHRYSLER: 68157995AA<\/li>\n<li>FIAT: 9.55550-AV5<\/li>\n<li>JAGUAR: 02JDE26444<\/li>\n<li>LAND ROVER: LR023288<\/li>\n<li>VW 060 162<\/li>\n<\/ul>\n<h3><strong>OPAKOWANIA<\/strong><\/h3>\n<div id=\"the-product-details\" class=\"ct-div-block\">\n<div id=\"text_block-25-15726\" class=\"ct-text-block\">\n<div class=\"page\" title=\"Page 1\">\n<div class=\"section\">\n<p>12X1L, 4X4L, 4X5L, 20L, 60L, 208L<\/p>\n<\/div>\n<\/div>\n<\/div>\n<\/div>\n","protected":false},"excerpt":{"rendered":"<p>XA-TRAN 8G to najwy\u017cszej jako\u015bci olej do automatycznych skrzy\u0144 bieg\u00f3w opracowany z wykorzystaniem syntetycznych olej\u00f3w bazowych o wysokiej lepko\u015bci i starannie dobranej mieszanki zaawansowanych dodatk\u00f3w. Zapewnia doskona\u0142\u0105 ochron\u0119 przed zu\u017cyciem i tarciem, zwi\u0119ksza oszcz\u0119dno\u015b\u0107 paliwa i wyd\u0142u\u017ca okresy mi\u0119dzy wymianami oleju. W\u0141A\u015aCIWO\u015aCI Przyczynia si\u0119 do optymalizacji zu\u017cycia paliwa Zapewnia doskona\u0142e smarowanie i ochron\u0119 przed zu\u017cyciem [&hellip;]<\/p>\n","protected":false},"author":1,"featured_media":14982,"parent":17292,"menu_order":0,"comment_status":"closed","ping_status":"closed","template":"product-page.php","meta":{"_acf_changed":false,"inline_featured_image":false,"footnotes":""},"class_list":["post-17376","page","type-page","status-publish","has-post-thumbnail","hentry"],"acf":[],"_links":{"self":[{"href":"https:\/\/xenum.com\/pl\/wp-json\/wp\/v2\/pages\/17376","targetHints":{"allow":["GET"]}}],"collection":[{"href":"https:\/\/xenum.com\/pl\/wp-json\/wp\/v2\/pages"}],"about":[{"href":"https:\/\/xenum.com\/pl\/wp-json\/wp\/v2\/types\/page"}],"author":[{"embeddable":true,"href":"https:\/\/xenum.com\/pl\/wp-json\/wp\/v2\/users\/1"}],"replies":[{"embeddable":true,"href":"https:\/\/xenum.com\/pl\/wp-json\/wp\/v2\/comments?post=17376"}],"version-history":[{"count":3,"href":"https:\/\/xenum.com\/pl\/wp-json\/wp\/v2\/pages\/17376\/revisions"}],"predecessor-version":[{"id":23292,"href":"https:\/\/xenum.com\/pl\/wp-json\/wp\/v2\/pages\/17376\/revisions\/23292"}],"up":[{"embeddable":true,"href":"https:\/\/xenum.com\/pl\/wp-json\/wp\/v2\/pages\/17292"}],"wp:featuredmedia":[{"embeddable":true,"href":"https:\/\/xenum.com\/pl\/wp-json\/wp\/v2\/media\/14982"}],"wp:attachment":[{"href":"https:\/\/xenum.com\/pl\/wp-json\/wp\/v2\/media?parent=17376"}],"curies":[{"name":"wp","href":"https:\/\/api.w.org\/{rel}","templated":true}]}}