{"id":17374,"date":"2020-03-23T15:35:31","date_gmt":"2020-03-23T15:35:31","guid":{"rendered":"https:\/\/xenum.com\/strona-startowa\/produkty\/oleje\/przekladnie\/automatyczne\/xa-tran-6g\/"},"modified":"2023-06-21T10:41:20","modified_gmt":"2023-06-21T09:41:20","slug":"xa-tran-6g","status":"publish","type":"page","link":"https:\/\/xenum.com\/pl\/strona-startowa\/produkty\/oleje\/przekladnie\/automatyczne\/xa-tran-6g\/","title":{"rendered":"XA-TRAN 6G"},"content":{"rendered":"<p>XA-TRAN 6G to najwy\u017cszej jako\u015bci olej do automatycznych skrzy\u0144 bieg\u00f3w opracowany z wykorzystaniem syntetycznych olej\u00f3w bazowych o wysokiej lepko\u015bci i starannie dobranej mieszanki zaawansowanych dodatk\u00f3w. Zapewnia doskona\u0142\u0105 ochron\u0119 przed zu\u017cyciem i tarciem, zwi\u0119ksza oszcz\u0119dno\u015b\u0107 paliwa i wyd\u0142u\u017ca okresy mi\u0119dzy wymianami oleju.<\/p>\n<h2><strong>W\u0141A\u015aCIWO\u015aCI<\/strong><\/h2>\n<ul>\n<li>Przyczynia si\u0119 do optymalizacji zu\u017cycia paliwa<\/li>\n<li>Zapewnia doskona\u0142e smarowanie i ochron\u0119 przed zu\u017cyciem<\/li>\n<li>Wykazuje wyj\u0105tkow\u0105 odporno\u015b\u0107 na utlenianie i pienienie<\/li>\n<li>Utrzymuje wysoki i stabilny wska\u017anik lepko\u015bci, nawet w wysokich temperaturach<\/li>\n<li>Wyd\u0142u\u017ca okresy mi\u0119dzy wymianami oleju<\/li>\n<\/ul>\n<h2><strong>ZASTOSOWANIE<\/strong><\/h2>\n<p>Specjalnie opracowany do smarowania przek\u0142adni ZF 6HP wyst\u0119puj\u0105cych w pojazdach BMW, Jaguar i Land Rover. Nadaje si\u0119 r\u00f3wnie\u017c do stosowania w pojazdach r\u00f3\u017cnych producent\u00f3w, kt\u00f3re wymagaj\u0105 tego konkretnego rodzaju p\u0142ynu (np. Audi Quattro).<\/p>\n<h3><strong>SPECYFIKACJA<\/strong><\/h3>\n<ul>\n<li>AML: 4G4319A509\/AA\/S<\/li>\n<li>BENTLEY: PY112995PA<\/li>\n<li>BMW: 83220142516<\/li>\n<li>BMW: M-1375.4<\/li>\n<li>HYUNDAI: 040000C90SG<\/li>\n<li>JAGUAR: Fluid 8432<\/li>\n<li>LAND ROVER: TYK500050<\/li>\n<li>MASERATI: 231603<\/li>\n<li>VW: G 055 005<\/li>\n<li>ZF: TE-ML 11<\/li>\n<\/ul>\n<h3><strong>OPAKOWANIA<\/strong><\/h3>\n<div id=\"the-product-details\" class=\"ct-div-block\">\n<div id=\"text_block-25-15726\" class=\"ct-text-block\">\n<p>12X1L, 4X4L, 4X5L, 20L, 60L, 208L<\/p>\n<\/div>\n<\/div>\n","protected":false},"excerpt":{"rendered":"<p>XA-TRAN 6G to najwy\u017cszej jako\u015bci olej do automatycznych skrzy\u0144 bieg\u00f3w opracowany z wykorzystaniem syntetycznych olej\u00f3w bazowych o wysokiej lepko\u015bci i starannie dobranej mieszanki zaawansowanych dodatk\u00f3w. Zapewnia doskona\u0142\u0105 ochron\u0119 przed zu\u017cyciem i tarciem, zwi\u0119ksza oszcz\u0119dno\u015b\u0107 paliwa i wyd\u0142u\u017ca okresy mi\u0119dzy wymianami oleju. W\u0141A\u015aCIWO\u015aCI Przyczynia si\u0119 do optymalizacji zu\u017cycia paliwa Zapewnia doskona\u0142e smarowanie i ochron\u0119 przed zu\u017cyciem [&hellip;]<\/p>\n","protected":false},"author":9,"featured_media":15009,"parent":17292,"menu_order":0,"comment_status":"closed","ping_status":"closed","template":"product-page.php","meta":{"_acf_changed":false,"inline_featured_image":false,"footnotes":""},"class_list":["post-17374","page","type-page","status-publish","has-post-thumbnail","hentry"],"acf":[],"_links":{"self":[{"href":"https:\/\/xenum.com\/pl\/wp-json\/wp\/v2\/pages\/17374","targetHints":{"allow":["GET"]}}],"collection":[{"href":"https:\/\/xenum.com\/pl\/wp-json\/wp\/v2\/pages"}],"about":[{"href":"https:\/\/xenum.com\/pl\/wp-json\/wp\/v2\/types\/page"}],"author":[{"embeddable":true,"href":"https:\/\/xenum.com\/pl\/wp-json\/wp\/v2\/users\/9"}],"replies":[{"embeddable":true,"href":"https:\/\/xenum.com\/pl\/wp-json\/wp\/v2\/comments?post=17374"}],"version-history":[{"count":3,"href":"https:\/\/xenum.com\/pl\/wp-json\/wp\/v2\/pages\/17374\/revisions"}],"predecessor-version":[{"id":23273,"href":"https:\/\/xenum.com\/pl\/wp-json\/wp\/v2\/pages\/17374\/revisions\/23273"}],"up":[{"embeddable":true,"href":"https:\/\/xenum.com\/pl\/wp-json\/wp\/v2\/pages\/17292"}],"wp:featuredmedia":[{"embeddable":true,"href":"https:\/\/xenum.com\/pl\/wp-json\/wp\/v2\/media\/15009"}],"wp:attachment":[{"href":"https:\/\/xenum.com\/pl\/wp-json\/wp\/v2\/media?parent=17374"}],"curies":[{"name":"wp","href":"https:\/\/api.w.org\/{rel}","templated":true}]}}