{"id":17371,"date":"2021-08-18T11:18:59","date_gmt":"2021-08-18T11:18:59","guid":{"rendered":"https:\/\/xenum.com\/strona-startowa\/produkty\/oleje\/przekladnie\/automatyczne\/xa-tran-m14\/"},"modified":"2023-10-03T10:55:30","modified_gmt":"2023-10-03T09:55:30","slug":"xa-tran-m14","status":"publish","type":"page","link":"https:\/\/xenum.com\/pl\/strona-startowa\/produkty\/oleje\/przekladnie\/automatyczne\/xa-tran-m14\/","title":{"rendered":"XA-TRAN M14"},"content":{"rendered":"<p>XA-TRAN M14 to najwy\u017cszej jako\u015bci w pe\u0142ni syntetyczny ATF opracowany przy u\u017cyciu wysokiej jako\u015bci olej\u00f3w bazowych. Ten olej przek\u0142adniowy zosta\u0142 specjalnie zaprojektowany do u\u017cytku w 7-biegowych automatycznych skrzyniach bieg\u00f3w MB i skrzyniach bieg\u00f3w NAG-V Sport. Zwi\u0119ksza wydajno\u015b\u0107 i zapewnia wyj\u0105tkow\u0105 ochron\u0119 przed tarciem i zu\u017cyciem.<\/p>\n<h2><strong>W\u0141A\u015aCIWO\u015aCI<\/strong><\/h2>\n<ul>\n<li>Zapewnia doskona\u0142\u0105 ochron\u0119 przed zu\u017cyciem i tarciem.<\/li>\n<li>Przyczynia si\u0119 do optymalizacji zu\u017cycia paliwa<\/li>\n<li>Poprawia wydajno\u015b\u0107 zmiany bieg\u00f3w, zapewniaj\u0105c p\u0142ynn\u0105 prac\u0119<\/li>\n<li>Zapobiega drganiom skrzyni bieg\u00f3w<\/li>\n<li>Wyd\u0142u\u017ca okresy mi\u0119dzy wymianami oleju<\/li>\n<li>Wykazuje wyj\u0105tkow\u0105 odporno\u015b\u0107 na utlenianie i \u015bcinanie, nawet w wysokich temperaturach.<\/li>\n<\/ul>\n<h2><strong>APLIKACJA<\/strong><\/h2>\n<p>XA-TRAN M14 zosta\u0142 specjalnie zaprojektowany do stosowania w automatycznych skrzyniach bieg\u00f3w Mercedes-Benz 7G-Tronic i 5-Speed. Jego unikalny sk\u0142ad i w\u0142a\u015bciwo\u015bci sprawiaj\u0105, \u017ce nie nadaje si\u0119 do innych zastosowa\u0144.<\/p>\n<h3><strong>SPECYFIKACJA<\/strong><\/h3>\n<ul>\n<li>MB:\u00a0236.10\/236.11\/236.12\/236.14<\/li>\n<li>DTFR: 13C110 \/ 13C140 \/ 13C150 \/ 13C170 \/ 13C180<\/li>\n<\/ul>\n<h3><strong>OPAKOWANIA<\/strong><\/h3>\n<div id=\"the-product-details\" class=\"ct-div-block\">\n<div id=\"text_block-25-15726\" class=\"ct-text-block\">\n<div class=\"page\" title=\"Page 1\">\n<div class=\"section\">\n<p>12X1L, 4X4L, 4X5L, 20L, 60L, 208L<\/p>\n<\/div>\n<\/div>\n<\/div>\n<\/div>\n","protected":false},"excerpt":{"rendered":"<p>XA-TRAN M14 to najwy\u017cszej jako\u015bci w pe\u0142ni syntetyczny ATF opracowany przy u\u017cyciu wysokiej jako\u015bci olej\u00f3w bazowych. Ten olej przek\u0142adniowy zosta\u0142 specjalnie zaprojektowany do u\u017cytku w 7-biegowych automatycznych skrzyniach bieg\u00f3w MB i skrzyniach bieg\u00f3w NAG-V Sport. Zwi\u0119ksza wydajno\u015b\u0107 i zapewnia wyj\u0105tkow\u0105 ochron\u0119 przed tarciem i zu\u017cyciem. W\u0141A\u015aCIWO\u015aCI Zapewnia doskona\u0142\u0105 ochron\u0119 przed zu\u017cyciem i tarciem. Przyczynia si\u0119 [&hellip;]<\/p>\n","protected":false},"author":1,"featured_media":15369,"parent":17292,"menu_order":0,"comment_status":"closed","ping_status":"closed","template":"product-page.php","meta":{"_acf_changed":false,"inline_featured_image":false,"footnotes":""},"class_list":["post-17371","page","type-page","status-publish","has-post-thumbnail","hentry"],"acf":[],"_links":{"self":[{"href":"https:\/\/xenum.com\/pl\/wp-json\/wp\/v2\/pages\/17371","targetHints":{"allow":["GET"]}}],"collection":[{"href":"https:\/\/xenum.com\/pl\/wp-json\/wp\/v2\/pages"}],"about":[{"href":"https:\/\/xenum.com\/pl\/wp-json\/wp\/v2\/types\/page"}],"author":[{"embeddable":true,"href":"https:\/\/xenum.com\/pl\/wp-json\/wp\/v2\/users\/1"}],"replies":[{"embeddable":true,"href":"https:\/\/xenum.com\/pl\/wp-json\/wp\/v2\/comments?post=17371"}],"version-history":[{"count":4,"href":"https:\/\/xenum.com\/pl\/wp-json\/wp\/v2\/pages\/17371\/revisions"}],"predecessor-version":[{"id":24676,"href":"https:\/\/xenum.com\/pl\/wp-json\/wp\/v2\/pages\/17371\/revisions\/24676"}],"up":[{"embeddable":true,"href":"https:\/\/xenum.com\/pl\/wp-json\/wp\/v2\/pages\/17292"}],"wp:featuredmedia":[{"embeddable":true,"href":"https:\/\/xenum.com\/pl\/wp-json\/wp\/v2\/media\/15369"}],"wp:attachment":[{"href":"https:\/\/xenum.com\/pl\/wp-json\/wp\/v2\/media?parent=17371"}],"curies":[{"name":"wp","href":"https:\/\/api.w.org\/{rel}","templated":true}]}}